{"id":1537,"date":"2024-07-23T16:26:25","date_gmt":"2024-07-23T16:26:25","guid":{"rendered":"https:\/\/racan-carrier.ca\/accueil\/"},"modified":"2026-03-31T16:22:09","modified_gmt":"2026-03-31T16:22:09","slug":"accueil","status":"publish","type":"page","link":"https:\/\/racan-carrier.ca\/fr\/","title":{"rendered":"Accueil"},"content":{"rendered":"\t\t<div data-elementor-type=\"wp-page\" data-elementor-id=\"1537\" class=\"elementor elementor-1537 elementor-10\">\n\t\t\t\t<div class=\"elementor-element elementor-element-79e6bc6 e-flex e-con-boxed wpr-particle-no wpr-jarallax-no wpr-parallax-no wpr-sticky-section-no wpr-equal-height-no e-con e-parent\" data-id=\"79e6bc6\" data-element_type=\"container\" data-e-type=\"container\" data-settings=\"{&quot;background_background&quot;:&quot;classic&quot;}\">\n\t\t\t\t\t<div class=\"e-con-inner\">\n\t\t<div class=\"elementor-element elementor-element-30cfac0 e-flex e-con-boxed wpr-particle-no wpr-jarallax-no wpr-parallax-no wpr-sticky-section-no wpr-equal-height-no elementor-invisible e-con e-child\" data-id=\"30cfac0\" data-element_type=\"container\" data-e-type=\"container\" data-settings=\"{&quot;background_background&quot;:&quot;classic&quot;,&quot;animation&quot;:&quot;fadeIn&quot;}\">\n\t\t\t\t\t<div class=\"e-con-inner\">\n\t\t\t\t<div class=\"elementor-element elementor-element-e8b2ab6 elementor-widget elementor-widget-heading\" data-id=\"e8b2ab6\" data-element_type=\"widget\" data-e-type=\"widget\" data-widget_type=\"heading.default\">\n\t\t\t\t<div class=\"elementor-widget-container\">\n\t\t\t\t\t<h1 class=\"elementor-heading-title elementor-size-default\">Carrier est le leader mondial des solutions de chauffage, de climatisation et de r\u00e9frig\u00e9ration.<\/h1>\t\t\t\t<\/div>\n\t\t\t\t<\/div>\n\t\t\t\t\t<\/div>\n\t\t\t\t<\/div>\n\t\t\t\t\t<\/div>\n\t\t\t\t<\/div>\n\t\t<div class=\"elementor-element elementor-element-983ef68 e-flex e-con-boxed wpr-particle-no wpr-jarallax-no wpr-parallax-no wpr-sticky-section-no wpr-equal-height-no elementor-invisible e-con e-parent\" data-id=\"983ef68\" data-element_type=\"container\" data-e-type=\"container\" data-settings=\"{&quot;animation&quot;:&quot;zoomIn&quot;}\">\n\t\t\t\t\t<div class=\"e-con-inner\">\n\t\t<div class=\"elementor-element elementor-element-324d35a e-flex e-con-boxed wpr-particle-no wpr-jarallax-no wpr-parallax-no wpr-sticky-section-no wpr-equal-height-no elementor-invisible e-con e-child\" data-id=\"324d35a\" data-element_type=\"container\" data-e-type=\"container\" data-settings=\"{&quot;background_background&quot;:&quot;classic&quot;,&quot;animation&quot;:&quot;fadeIn&quot;,&quot;animation_delay&quot;:500}\">\n\t\t\t\t\t<div class=\"e-con-inner\">\n\t\t\t\t<div class=\"elementor-element elementor-element-ca61f05 elementor-widget elementor-widget-text-editor\" data-id=\"ca61f05\" data-element_type=\"widget\" data-e-type=\"widget\" data-widget_type=\"text-editor.default\">\n\t\t\t\t<div class=\"elementor-widget-container\">\n\t\t\t\t\t\t\t\t\t<p>Cr\u00e9\u00e9e sur la base de l\u2019invention de la climatisation moderne en 1902 par Willis Carrier, Carrier est le leader mondial des solutions de chauffage, de climatisation et de r\u00e9frig\u00e9ration. We constantly build upon our history of proven innovation with new products and services that improve global comfort and efficiency.<\/p>\t\t\t\t\t\t\t\t<\/div>\n\t\t\t\t<\/div>\n\t\t\t\t\t<\/div>\n\t\t\t\t<\/div>\n\t\t\t\t\t<\/div>\n\t\t\t\t<\/div>\n\t\t<div class=\"elementor-element elementor-element-2682f07 e-flex e-con-boxed wpr-particle-no wpr-jarallax-no wpr-parallax-no wpr-sticky-section-no wpr-equal-height-no e-con e-parent\" data-id=\"2682f07\" data-element_type=\"container\" data-e-type=\"container\">\n\t\t\t\t\t<div class=\"e-con-inner\">\n\t\t<div class=\"elementor-element elementor-element-7272b60 e-grid e-con-full wpr-particle-no wpr-jarallax-no wpr-parallax-no wpr-sticky-section-no wpr-equal-height-no e-con e-child\" data-id=\"7272b60\" data-element_type=\"container\" data-e-type=\"container\">\n\t\t\t\t<div class=\"elementor-element elementor-element-af6750c animated-slow elementor-position-top elementor-invisible elementor-widget elementor-widget-image-box\" data-id=\"af6750c\" data-element_type=\"widget\" data-e-type=\"widget\" data-settings=\"{&quot;_animation&quot;:&quot;fadeInUp&quot;,&quot;_animation_delay&quot;:500}\" data-widget_type=\"image-box.default\">\n\t\t\t\t<div class=\"elementor-widget-container\">\n\t\t\t\t\t<div class=\"elementor-image-box-wrapper\"><figure class=\"elementor-image-box-img\"><a href=\"https:\/\/racan-carrier.ca\/fr\/applications\/soins-de-sante\/\" tabindex=\"-1\"><img fetchpriority=\"high\" decoding=\"async\" width=\"2000\" height=\"1333\" src=\"https:\/\/racan-carrier.ca\/wp-content\/uploads\/2024\/07\/slider1.jpg\" class=\"attachment-full size-full wp-image-1430\" alt=\"\" srcset=\"https:\/\/racan-carrier.ca\/wp-content\/uploads\/2024\/07\/slider1.jpg 2000w, https:\/\/racan-carrier.ca\/wp-content\/uploads\/2024\/07\/slider1-300x200.jpg 300w, https:\/\/racan-carrier.ca\/wp-content\/uploads\/2024\/07\/slider1-1024x682.jpg 1024w, https:\/\/racan-carrier.ca\/wp-content\/uploads\/2024\/07\/slider1-768x512.jpg 768w, https:\/\/racan-carrier.ca\/wp-content\/uploads\/2024\/07\/slider1-1536x1024.jpg 1536w\" sizes=\"(max-width: 2000px) 100vw, 2000px\" \/><\/a><\/figure><div class=\"elementor-image-box-content\"><h3 class=\"elementor-image-box-title\"><a href=\"https:\/\/racan-carrier.ca\/fr\/applications\/soins-de-sante\/\">Soins de sant\u00e9<\/a><\/h3><p class=\"elementor-image-box-description\">Air propre et contr\u00f4l\u00e9 avec pr\u00e9cision<\/p><\/div><\/div>\t\t\t\t<\/div>\n\t\t\t\t<\/div>\n\t\t\t\t<div class=\"elementor-element elementor-element-2bfed3e animated-slow elementor-position-top elementor-invisible elementor-widget elementor-widget-image-box\" data-id=\"2bfed3e\" data-element_type=\"widget\" data-e-type=\"widget\" data-settings=\"{&quot;_animation&quot;:&quot;fadeInUp&quot;,&quot;_animation_delay&quot;:500}\" data-widget_type=\"image-box.default\">\n\t\t\t\t<div class=\"elementor-widget-container\">\n\t\t\t\t\t<div class=\"elementor-image-box-wrapper\"><figure class=\"elementor-image-box-img\"><a href=\"https:\/\/racan-carrier.ca\/fr\/applications\/aeroports\/\" tabindex=\"-1\"><img decoding=\"async\" width=\"2119\" height=\"1414\" src=\"https:\/\/racan-carrier.ca\/wp-content\/uploads\/2026\/01\/iStock-1215680720.jpg\" class=\"attachment-full size-full wp-image-2071\" alt=\"\" srcset=\"https:\/\/racan-carrier.ca\/wp-content\/uploads\/2026\/01\/iStock-1215680720.jpg 2119w, https:\/\/racan-carrier.ca\/wp-content\/uploads\/2026\/01\/iStock-1215680720-300x200.jpg 300w, https:\/\/racan-carrier.ca\/wp-content\/uploads\/2026\/01\/iStock-1215680720-1024x683.jpg 1024w, https:\/\/racan-carrier.ca\/wp-content\/uploads\/2026\/01\/iStock-1215680720-768x512.jpg 768w, https:\/\/racan-carrier.ca\/wp-content\/uploads\/2026\/01\/iStock-1215680720-1536x1025.jpg 1536w, https:\/\/racan-carrier.ca\/wp-content\/uploads\/2026\/01\/iStock-1215680720-2048x1367.jpg 2048w\" sizes=\"(max-width: 2119px) 100vw, 2119px\" \/><\/a><\/figure><div class=\"elementor-image-box-content\"><h3 class=\"elementor-image-box-title\"><a href=\"https:\/\/racan-carrier.ca\/fr\/applications\/aeroports\/\">A\u00e9roports<\/a><\/h3><p class=\"elementor-image-box-description\">Une qualit\u00e9 de l\u2019air int\u00e9rieur s\u00e9curitaire et efficace<\/p><\/div><\/div>\t\t\t\t<\/div>\n\t\t\t\t<\/div>\n\t\t\t\t<div class=\"elementor-element elementor-element-d6bd9eb animated-slow elementor-position-top elementor-invisible elementor-widget elementor-widget-image-box\" data-id=\"d6bd9eb\" data-element_type=\"widget\" data-e-type=\"widget\" data-settings=\"{&quot;_animation&quot;:&quot;fadeInUp&quot;,&quot;_animation_delay&quot;:500}\" data-widget_type=\"image-box.default\">\n\t\t\t\t<div class=\"elementor-widget-container\">\n\t\t\t\t\t<div class=\"elementor-image-box-wrapper\"><figure class=\"elementor-image-box-img\"><a href=\"https:\/\/racan-carrier.ca\/fr\/applications\/centres-de-donnees\/\" tabindex=\"-1\"><img decoding=\"async\" width=\"2121\" height=\"1414\" src=\"https:\/\/racan-carrier.ca\/wp-content\/uploads\/2026\/01\/iStock-1445037680.jpg\" class=\"attachment-full size-full wp-image-2075\" alt=\"\" srcset=\"https:\/\/racan-carrier.ca\/wp-content\/uploads\/2026\/01\/iStock-1445037680.jpg 2121w, https:\/\/racan-carrier.ca\/wp-content\/uploads\/2026\/01\/iStock-1445037680-300x200.jpg 300w, https:\/\/racan-carrier.ca\/wp-content\/uploads\/2026\/01\/iStock-1445037680-1024x683.jpg 1024w, https:\/\/racan-carrier.ca\/wp-content\/uploads\/2026\/01\/iStock-1445037680-768x512.jpg 768w, https:\/\/racan-carrier.ca\/wp-content\/uploads\/2026\/01\/iStock-1445037680-1536x1024.jpg 1536w, https:\/\/racan-carrier.ca\/wp-content\/uploads\/2026\/01\/iStock-1445037680-2048x1365.jpg 2048w\" sizes=\"(max-width: 2121px) 100vw, 2121px\" \/><\/a><\/figure><div class=\"elementor-image-box-content\"><h3 class=\"elementor-image-box-title\"><a href=\"https:\/\/racan-carrier.ca\/fr\/applications\/centres-de-donnees\/\">Centres de donn\u00e9es<\/a><\/h3><p class=\"elementor-image-box-description\">Solutions a\u00e9rauliques sur mesure<\/p><\/div><\/div>\t\t\t\t<\/div>\n\t\t\t\t<\/div>\n\t\t\t\t<div class=\"elementor-element elementor-element-bb29f5e animated-slow elementor-position-top elementor-invisible elementor-widget elementor-widget-image-box\" data-id=\"bb29f5e\" data-element_type=\"widget\" data-e-type=\"widget\" data-settings=\"{&quot;_animation&quot;:&quot;fadeInUp&quot;,&quot;_animation_delay&quot;:500}\" data-widget_type=\"image-box.default\">\n\t\t\t\t<div class=\"elementor-widget-container\">\n\t\t\t\t\t<div class=\"elementor-image-box-wrapper\"><figure class=\"elementor-image-box-img\"><a href=\"https:\/\/racan-carrier.ca\/fr\/applications\/musees-et-archives\/\" tabindex=\"-1\"><img loading=\"lazy\" decoding=\"async\" width=\"2116\" height=\"1417\" src=\"https:\/\/racan-carrier.ca\/wp-content\/uploads\/2026\/01\/iStock-523723581.jpg\" class=\"attachment-full size-full wp-image-2067\" alt=\"\" srcset=\"https:\/\/racan-carrier.ca\/wp-content\/uploads\/2026\/01\/iStock-523723581.jpg 2116w, https:\/\/racan-carrier.ca\/wp-content\/uploads\/2026\/01\/iStock-523723581-300x201.jpg 300w, https:\/\/racan-carrier.ca\/wp-content\/uploads\/2026\/01\/iStock-523723581-1024x686.jpg 1024w, https:\/\/racan-carrier.ca\/wp-content\/uploads\/2026\/01\/iStock-523723581-768x514.jpg 768w, https:\/\/racan-carrier.ca\/wp-content\/uploads\/2026\/01\/iStock-523723581-1536x1029.jpg 1536w, https:\/\/racan-carrier.ca\/wp-content\/uploads\/2026\/01\/iStock-523723581-2048x1371.jpg 2048w\" sizes=\"(max-width: 2116px) 100vw, 2116px\" \/><\/a><\/figure><div class=\"elementor-image-box-content\"><h3 class=\"elementor-image-box-title\"><a href=\"https:\/\/racan-carrier.ca\/fr\/applications\/musees-et-archives\/\">Mus\u00e9es et archives<\/a><\/h3><p class=\"elementor-image-box-description\">Qualit\u00e9 de l\u2019air int\u00e9rieur rentable<\/p><\/div><\/div>\t\t\t\t<\/div>\n\t\t\t\t<\/div>\n\t\t\t\t<div class=\"elementor-element elementor-element-7df571d animated-slow elementor-position-top elementor-invisible elementor-widget elementor-widget-image-box\" data-id=\"7df571d\" data-element_type=\"widget\" data-e-type=\"widget\" data-settings=\"{&quot;_animation&quot;:&quot;fadeInUp&quot;,&quot;_animation_delay&quot;:500}\" data-widget_type=\"image-box.default\">\n\t\t\t\t<div class=\"elementor-widget-container\">\n\t\t\t\t\t<div class=\"elementor-image-box-wrapper\"><figure class=\"elementor-image-box-img\"><a href=\"https:\/\/racan-carrier.ca\/fr\/applications\/colleges-et-universites\/\" tabindex=\"-1\"><img loading=\"lazy\" decoding=\"async\" width=\"2190\" height=\"1369\" src=\"https:\/\/racan-carrier.ca\/wp-content\/uploads\/2026\/01\/iStock-1275822188-e1767983604240.jpg\" class=\"attachment-full size-full wp-image-2073\" alt=\"\" \/><\/a><\/figure><div class=\"elementor-image-box-content\"><h3 class=\"elementor-image-box-title\"><a href=\"https:\/\/racan-carrier.ca\/fr\/applications\/colleges-et-universites\/\">Coll\u00e8ges et universit\u00e9s<\/a><\/h3><p class=\"elementor-image-box-description\">Ventilation silencieuse et \u00e9co\u00e9nerg\u00e9tique<\/p><\/div><\/div>\t\t\t\t<\/div>\n\t\t\t\t<\/div>\n\t\t\t\t<div class=\"elementor-element elementor-element-28ed252 animated-slow wpr-promo-box-style-cover elementor-invisible elementor-widget elementor-widget-wpr-promo-box\" data-id=\"28ed252\" data-element_type=\"widget\" data-e-type=\"widget\" data-settings=\"{&quot;_animation&quot;:&quot;fadeInUp&quot;,&quot;_animation_delay&quot;:500}\" data-widget_type=\"wpr-promo-box.default\">\n\t\t\t\t<div class=\"elementor-widget-container\">\n\t\t\t\t\t\n\t\t<div class=\"wpr-promo-box wpr-animation-wrap\">\n\n\t\t\t\t\t\t<a class=\"wpr-promo-box-link\" href=\"\/fr\/applications\/\"><\/a>\t\n\t\t\t\t\t\t\t\n\t\t\t\t\t\t\t<div class=\"wpr-promo-box-image\">\n\t\t\t\t\t<div class=\"wpr-promo-box-bg-image wpr-bg-anim-none wpr-anim-timing-ease-default\" style=\"background-image:url(https:\/\/racan-carrier.ca\/wp-content\/uploads\/2024\/07\/pic-3.jpg);\"><\/div>\n\t\t\t\t\t<div class=\"wpr-promo-box-bg-overlay wpr-border-anim-oscar\"><\/div>\n\t\t\t\t<\/div>\n\t\t\t\t\t\t\n\t\t\t<div class=\"wpr-promo-box-content\">\n\n\t\t\t\t\t\t\t\t<div class=\"wpr-promo-box-icon\">\n\t\t\t\t\t\t\t\t\t\t\t<i class=\"fas fa-search-plus\"><\/i>\n\t\t\t\t\t\t\t\t\t<\/div>\n\t\t\t\t\n\t\t\t\t<h3 class=\"wpr-promo-box-title\"><span>Voir toutes les applications<\/span><\/h3>\n\t\t\t\t\t\t\t\t\t<div class=\"wpr-promo-box-description\">\n\t\t\t\t\t\t<p><p>Plus de solutions pour vos op\u00e9rations<\/p><\/p>\t\n\t\t\t\t\t<\/div>\t\t\t\t\t\t\n\t\t\t\t\n\t\t\t\t\t\t\t<\/div>\n\n\t\t\t\t\t<\/div>\n\n\t\t\t\t\t\t<\/div>\n\t\t\t\t<\/div>\n\t\t\t\t<\/div>\n\t\t\t\t\t<\/div>\n\t\t\t\t<\/div>\n\t\t<div class=\"elementor-element elementor-element-1113d8d animated-slow e-flex e-con-boxed wpr-particle-no wpr-jarallax-no wpr-parallax-no wpr-sticky-section-no wpr-equal-height-no elementor-invisible e-con e-parent\" data-id=\"1113d8d\" data-element_type=\"container\" data-e-type=\"container\" data-settings=\"{&quot;background_background&quot;:&quot;classic&quot;,&quot;animation&quot;:&quot;fadeInUp&quot;,&quot;animation_delay&quot;:1500}\">\n\t\t\t\t\t<div class=\"e-con-inner\">\n\t\t<div class=\"elementor-element elementor-element-eb4dd33 e-con-full e-flex wpr-particle-no wpr-jarallax-no wpr-parallax-no wpr-sticky-section-no wpr-equal-height-no e-con e-child\" data-id=\"eb4dd33\" data-element_type=\"container\" data-e-type=\"container\">\n\t\t\t\t<div class=\"elementor-element elementor-element-ca011c1 elementor-widget elementor-widget-image\" data-id=\"ca011c1\" data-element_type=\"widget\" data-e-type=\"widget\" data-widget_type=\"image.default\">\n\t\t\t\t<div class=\"elementor-widget-container\">\n\t\t\t\t\t\t\t\t\t\t\t\t\t\t\t<img loading=\"lazy\" decoding=\"async\" width=\"500\" height=\"500\" src=\"https:\/\/racan-carrier.ca\/wp-content\/uploads\/2024\/07\/1915-willis-carrier-inventor-modern-air-conditioning-silhouette.avif\" class=\"attachment-full size-full wp-image-1445\" alt=\"\" srcset=\"https:\/\/racan-carrier.ca\/wp-content\/uploads\/2024\/07\/1915-willis-carrier-inventor-modern-air-conditioning-silhouette.avif 500w, https:\/\/racan-carrier.ca\/wp-content\/uploads\/2024\/07\/1915-willis-carrier-inventor-modern-air-conditioning-silhouette-300x300.avif 300w, https:\/\/racan-carrier.ca\/wp-content\/uploads\/2024\/07\/1915-willis-carrier-inventor-modern-air-conditioning-silhouette-150x150.avif 150w\" sizes=\"(max-width: 500px) 100vw, 500px\" \/>\t\t\t\t\t\t\t\t\t\t\t\t\t\t\t<\/div>\n\t\t\t\t<\/div>\n\t\t\t\t<\/div>\n\t\t<div class=\"elementor-element elementor-element-a66f0d9 e-con-full e-flex wpr-particle-no wpr-jarallax-no wpr-parallax-no wpr-sticky-section-no wpr-equal-height-no e-con e-child\" data-id=\"a66f0d9\" data-element_type=\"container\" data-e-type=\"container\">\n\t\t\t\t<div class=\"elementor-element elementor-element-8e537b2 elementor-widget elementor-widget-heading\" data-id=\"8e537b2\" data-element_type=\"widget\" data-e-type=\"widget\" data-widget_type=\"heading.default\">\n\t\t\t\t<div class=\"elementor-widget-container\">\n\t\t\t\t\t<h3 class=\"elementor-heading-title elementor-size-default\">Willis Carrier a invent\u00e9 la climatisation moderne en 1902.<\/h3>\t\t\t\t<\/div>\n\t\t\t\t<\/div>\n\t\t\t\t<div class=\"elementor-element elementor-element-09162bc elementor-widget elementor-widget-text-editor\" data-id=\"09162bc\" data-element_type=\"widget\" data-e-type=\"widget\" data-widget_type=\"text-editor.default\">\n\t\t\t\t<div class=\"elementor-widget-container\">\n\t\t\t\t\t\t\t\t\t<p>Avant l&rsquo;invention de la climatisation moderne, le temps chaud et humide \u00e9tait souvent synonyme de journ\u00e9es de travail perdues et de nuits blanches. Le 17 juillet 1902, Willis Haviland Carrier concevait le premier syst\u00e8me de climatisation moderne, lan\u00e7ant ainsi une industrie qui permettrait d\u2019am\u00e9liorer fondamentalement notre fa\u00e7on de vivre, de travailler et de nous divertir.<\/p>\t\t\t\t\t\t\t\t<\/div>\n\t\t\t\t<\/div>\n\t\t\t\t<div class=\"elementor-element elementor-element-6d00826 elementor-align-center elementor-widget elementor-widget-button\" data-id=\"6d00826\" data-element_type=\"widget\" data-e-type=\"widget\" data-widget_type=\"button.default\">\n\t\t\t\t<div class=\"elementor-widget-container\">\n\t\t\t\t\t\t\t\t\t<div class=\"elementor-button-wrapper\">\n\t\t\t\t\t<a class=\"elementor-button elementor-button-link elementor-size-sm\" href=\"https:\/\/racan-carrier.ca\/fr\/a-propos-de-racan-carrier\/willis-carrier\/\">\n\t\t\t\t\t\t<span class=\"elementor-button-content-wrapper\">\n\t\t\t\t\t\t\t\t\t<span class=\"elementor-button-text\">En savoir plus<\/span>\n\t\t\t\t\t<\/span>\n\t\t\t\t\t<\/a>\n\t\t\t\t<\/div>\n\t\t\t\t\t\t\t\t<\/div>\n\t\t\t\t<\/div>\n\t\t\t\t<\/div>\n\t\t\t\t\t<\/div>\n\t\t\t\t<\/div>\n\t\t\t\t<\/div>\n\t\t","protected":false},"excerpt":{"rendered":"<p>Carrier est le leader mondial des solutions de chauffage, de climatisation et de r\u00e9frig\u00e9ration. Cr\u00e9\u00e9e sur la base de l\u2019invention de la climatisation moderne en 1902 par Willis Carrier, Carrier est le leader mondial des solutions de chauffage, de climatisation et de r\u00e9frig\u00e9ration. We constantly build upon our history of proven innovation with new products and services that improve global comfort and efficiency. Soins de sant\u00e9 Air propre et contr\u00f4l\u00e9 avec pr\u00e9cision A\u00e9roports Une qualit\u00e9 de l\u2019air int\u00e9rieur s\u00e9curitaire et efficace Centres de donn\u00e9es Solutions a\u00e9rauliques sur mesure Mus\u00e9es et archives Qualit\u00e9 de l\u2019air int\u00e9rieur rentable Coll\u00e8ges et universit\u00e9s Ventilation silencieuse et \u00e9co\u00e9nerg\u00e9tique Voir toutes les applications Plus de solutions pour vos op\u00e9rations Willis Carrier a invent\u00e9 la climatisation moderne en 1902. Avant l&rsquo;invention de la climatisation moderne, le temps chaud et humide \u00e9tait souvent synonyme de journ\u00e9es de travail perdues et de nuits blanches. Le 17 juillet 1902, Willis Haviland Carrier concevait le premier syst\u00e8me de climatisation moderne, lan\u00e7ant ainsi une industrie qui permettrait d\u2019am\u00e9liorer fondamentalement notre fa\u00e7on de vivre, de travailler et de nous divertir. En savoir plus<\/p>\n","protected":false},"author":1,"featured_media":0,"parent":0,"menu_order":0,"comment_status":"closed","ping_status":"closed","template":"elementor_header_footer","meta":{"site-sidebar-layout":"no-sidebar","site-content-layout":"","ast-site-content-layout":"full-width-container","site-content-style":"default","site-sidebar-style":"default","ast-global-header-display":"","ast-banner-title-visibility":"","ast-main-header-display":"","ast-hfb-above-header-display":"","ast-hfb-below-header-display":"","ast-hfb-mobile-header-display":"","site-post-title":"disabled","ast-breadcrumbs-content":"","ast-featured-img":"disabled","footer-sml-layout":"","ast-disable-related-posts":"","theme-transparent-header-meta":"","adv-header-id-meta":"","stick-header-meta":"","header-above-stick-meta":"","header-main-stick-meta":"","header-below-stick-meta":"","astra-migrate-meta-layouts":"default","ast-page-background-enabled":"default","ast-page-background-meta":{"desktop":{"background-color":"var(--ast-global-color-4)","background-image":"","background-repeat":"repeat","background-position":"center center","background-size":"auto","background-attachment":"scroll","background-type":"","background-media":"","overlay-type":"","overlay-color":"","overlay-opacity":"","overlay-gradient":""},"tablet":{"background-color":"","background-image":"","background-repeat":"repeat","background-position":"center center","background-size":"auto","background-attachment":"scroll","background-type":"","background-media":"","overlay-type":"","overlay-color":"","overlay-opacity":"","overlay-gradient":""},"mobile":{"background-color":"","background-image":"","background-repeat":"repeat","background-position":"center center","background-size":"auto","background-attachment":"scroll","background-type":"","background-media":"","overlay-type":"","overlay-color":"","overlay-opacity":"","overlay-gradient":""}},"ast-content-background-meta":{"desktop":{"background-color":"var(--ast-global-color-5)","background-image":"","background-repeat":"repeat","background-position":"center center","background-size":"auto","background-attachment":"scroll","background-type":"","background-media":"","overlay-type":"","overlay-color":"","overlay-opacity":"","overlay-gradient":""},"tablet":{"background-color":"var(--ast-global-color-5)","background-image":"","background-repeat":"repeat","background-position":"center center","background-size":"auto","background-attachment":"scroll","background-type":"","background-media":"","overlay-type":"","overlay-color":"","overlay-opacity":"","overlay-gradient":""},"mobile":{"background-color":"var(--ast-global-color-5)","background-image":"","background-repeat":"repeat","background-position":"center center","background-size":"auto","background-attachment":"scroll","background-type":"","background-media":"","overlay-type":"","overlay-color":"","overlay-opacity":"","overlay-gradient":""}},"footnotes":""},"class_list":["post-1537","page","type-page","status-publish","hentry"],"_links":{"self":[{"href":"https:\/\/racan-carrier.ca\/fr\/wp-json\/wp\/v2\/pages\/1537","targetHints":{"allow":["GET"]}}],"collection":[{"href":"https:\/\/racan-carrier.ca\/fr\/wp-json\/wp\/v2\/pages"}],"about":[{"href":"https:\/\/racan-carrier.ca\/fr\/wp-json\/wp\/v2\/types\/page"}],"author":[{"embeddable":true,"href":"https:\/\/racan-carrier.ca\/fr\/wp-json\/wp\/v2\/users\/1"}],"replies":[{"embeddable":true,"href":"https:\/\/racan-carrier.ca\/fr\/wp-json\/wp\/v2\/comments?post=1537"}],"version-history":[{"count":16,"href":"https:\/\/racan-carrier.ca\/fr\/wp-json\/wp\/v2\/pages\/1537\/revisions"}],"predecessor-version":[{"id":2787,"href":"https:\/\/racan-carrier.ca\/fr\/wp-json\/wp\/v2\/pages\/1537\/revisions\/2787"}],"wp:attachment":[{"href":"https:\/\/racan-carrier.ca\/fr\/wp-json\/wp\/v2\/media?parent=1537"}],"curies":[{"name":"wp","href":"https:\/\/api.w.org\/{rel}","templated":true}]}}