{"id":1542,"date":"2024-07-23T20:20:32","date_gmt":"2024-07-23T20:20:32","guid":{"rendered":"https:\/\/racan-carrier.ca\/a-propos-de-racan-carrier\/"},"modified":"2024-08-07T18:06:09","modified_gmt":"2024-08-07T18:06:09","slug":"a-propos-de-racan-carrier","status":"publish","type":"page","link":"https:\/\/racan-carrier.ca\/fr\/a-propos-de-racan-carrier\/","title":{"rendered":"\u00c0 propos de Racan Carrier"},"content":{"rendered":"\t\t<div data-elementor-type=\"wp-page\" data-elementor-id=\"1542\" class=\"elementor elementor-1542 elementor-171\">\n\t\t\t\t<div class=\"elementor-element elementor-element-30771fc e-flex e-con-boxed wpr-particle-no wpr-jarallax-no wpr-parallax-no wpr-sticky-section-no wpr-equal-height-no e-con e-parent\" data-id=\"30771fc\" data-element_type=\"container\" data-e-type=\"container\" data-settings=\"{&quot;background_background&quot;:&quot;classic&quot;}\">\n\t\t\t\t\t<div class=\"e-con-inner\">\n\t\t<div class=\"elementor-element elementor-element-817a5f2 e-flex e-con-boxed wpr-particle-no wpr-jarallax-no wpr-parallax-no wpr-sticky-section-no wpr-equal-height-no elementor-invisible e-con e-child\" data-id=\"817a5f2\" data-element_type=\"container\" data-e-type=\"container\" data-settings=\"{&quot;background_background&quot;:&quot;classic&quot;,&quot;animation&quot;:&quot;fadeIn&quot;}\">\n\t\t\t\t\t<div class=\"e-con-inner\">\n\t\t\t\t<div class=\"elementor-element elementor-element-ffa6189 elementor-widget elementor-widget-page-title\" data-id=\"ffa6189\" data-element_type=\"widget\" data-e-type=\"widget\" data-settings=\"{&quot;align&quot;:&quot;left&quot;,&quot;align_mobile&quot;:&quot;left&quot;}\" data-widget_type=\"page-title.default\">\n\t\t\t\t<div class=\"elementor-widget-container\">\n\t\t\t\t\t\t\t\n\t\t<div class=\"hfe-page-title hfe-page-title-wrapper elementor-widget-heading\">\n\n\t\t\t\t\t\t\t\t<h1 class=\"elementor-heading-title elementor-size-default\">\n\t\t\t\t\t\t\t\t\n\t\t\t\t\u00c0 propos de Racan Carrier  \n\t\t\t<\/h1 > \n\t\t\t\t\t<\/div>\n\t\t\t\t\t\t<\/div>\n\t\t\t\t<\/div>\n\t\t\t\t\t<\/div>\n\t\t\t\t<\/div>\n\t\t\t\t\t<\/div>\n\t\t\t\t<\/div>\n\t\t<div class=\"elementor-element elementor-element-184e965 e-flex e-con-boxed wpr-particle-no wpr-jarallax-no wpr-parallax-no wpr-sticky-section-no wpr-equal-height-no elementor-invisible e-con e-parent\" data-id=\"184e965\" data-element_type=\"container\" data-e-type=\"container\" data-settings=\"{&quot;animation&quot;:&quot;zoomIn&quot;,&quot;background_background&quot;:&quot;classic&quot;}\">\n\t\t\t\t\t<div class=\"e-con-inner\">\n\t\t<div class=\"elementor-element elementor-element-35e357b e-flex e-con-boxed wpr-particle-no wpr-jarallax-no wpr-parallax-no wpr-sticky-section-no wpr-equal-height-no elementor-invisible e-con e-child\" data-id=\"35e357b\" data-element_type=\"container\" data-e-type=\"container\" data-settings=\"{&quot;background_background&quot;:&quot;classic&quot;,&quot;animation&quot;:&quot;fadeIn&quot;,&quot;animation_delay&quot;:500}\">\n\t\t\t\t\t<div class=\"e-con-inner\">\n\t\t\t\t<div class=\"elementor-element elementor-element-5ef1b2e elementor-widget elementor-widget-text-editor\" data-id=\"5ef1b2e\" data-element_type=\"widget\" data-e-type=\"widget\" data-widget_type=\"text-editor.default\">\n\t\t\t\t<div class=\"elementor-widget-container\">\n\t\t\t\t\t\t\t\t\t<p>Cr\u00e9\u00e9e sur la base de l\u2019invention de la climatisation moderne en 1902 par Willis Carrier, Carrier est le leader mondial des solutions de chauffage, de climatisation et de r\u00e9frig\u00e9ration. We constantly build upon our history of proven innovation with new products and services that improve global comfort and efficiency.<\/p>\n\t\t\t\t\t\t\t\t<\/div>\n\t\t\t\t<\/div>\n\t\t\t\t\t<\/div>\n\t\t\t\t<\/div>\n\t\t\t\t\t<\/div>\n\t\t\t\t<\/div>\n\t\t\t\t<section class=\"elementor-section elementor-top-section elementor-element elementor-element-1460696 animated-slow elementor-section-boxed elementor-section-height-default elementor-section-height-default wpr-particle-no wpr-jarallax-no wpr-parallax-no wpr-sticky-section-no wpr-equal-height-no elementor-invisible\" data-id=\"1460696\" data-element_type=\"section\" data-e-type=\"section\" data-settings=\"{&quot;background_background&quot;:&quot;classic&quot;,&quot;animation&quot;:&quot;fadeInUp&quot;,&quot;animation_delay&quot;:1500}\">\n\t\t\t\t\t\t<div class=\"elementor-container elementor-column-gap-wider\">\n\t\t\t\t\t<div class=\"elementor-column elementor-col-50 elementor-top-column elementor-element elementor-element-f57fe5b\" data-id=\"f57fe5b\" data-element_type=\"column\" data-e-type=\"column\">\n\t\t\t<div class=\"elementor-widget-wrap elementor-element-populated\">\n\t\t\t\t\t\t<div class=\"elementor-element elementor-element-556c7e9 elementor-widget elementor-widget-heading\" data-id=\"556c7e9\" data-element_type=\"widget\" data-e-type=\"widget\" data-widget_type=\"heading.default\">\n\t\t\t\t<div class=\"elementor-widget-container\">\n\t\t\t\t\t<h2 class=\"elementor-heading-title elementor-size-default\">L\u2019invention qui a r\u00e9volutionn\u00e9 le monde<\/h2>\t\t\t\t<\/div>\n\t\t\t\t<\/div>\n\t\t\t\t<div class=\"elementor-element elementor-element-e3d5ec8 elementor-widget elementor-widget-text-editor\" data-id=\"e3d5ec8\" data-element_type=\"widget\" data-e-type=\"widget\" data-widget_type=\"text-editor.default\">\n\t\t\t\t<div class=\"elementor-widget-container\">\n\t\t\t\t\t\t\t\t\t<p>En 1902, Willis Carrier a relev\u00e9 l\u2019un des plus grands d\u00e9fis de l\u2019humanit\u00e9 en ma\u00eetrisant les ambiances int\u00e9rieures gr\u00e2ce \u00e0 la climatisation moderne.<\/p><p>Aujourd\u2019hui, les innovations propos\u00e9es par Carrier sont pr\u00e9sentes sur toute la plan\u00e8te et dans presque toutes les sph\u00e8res de la vie quotidienne. Nous cr\u00e9ons des environnements confortables et productifs, quel que soit le climat. Nous prot\u00e9geons l\u2019approvisionnement mondial en denr\u00e9es alimentaires en pr\u00e9servant la qualit\u00e9 et la fra\u00eecheur des aliments et des boissons. Nous garantissons la sant\u00e9 et le bien-\u00eatre de chacun en permettant le transport et la livraison de fournitures m\u00e9dicales dans des conditions ad\u00e9quates, malgr\u00e9 les al\u00e9as du climat. Nous proposons des solutions, des services et des formations dans le but de devenir leader du mouvement de l\u2019\u00e9co-construction.<\/p><p>Ces exemples n\u2019illustrent qu\u2019une infime partie des m\u00e9thodes mises en place par Carrier qui contribuent \u00e0 un monde meilleur, que ce soit dans notre sphere de travail, de loisirs ou dans notre vie de tous les jours.<\/p>\t\t\t\t\t\t\t\t<\/div>\n\t\t\t\t<\/div>\n\t\t\t\t\t<\/div>\n\t\t<\/div>\n\t\t\t\t<div class=\"elementor-column elementor-col-50 elementor-top-column elementor-element elementor-element-c65381d\" data-id=\"c65381d\" data-element_type=\"column\" data-e-type=\"column\">\n\t\t\t<div class=\"elementor-widget-wrap elementor-element-populated\">\n\t\t\t\t\t\t<div class=\"elementor-element elementor-element-eb8d7a7 elementor-widget elementor-widget-image\" data-id=\"eb8d7a7\" data-element_type=\"widget\" data-e-type=\"widget\" data-widget_type=\"image.default\">\n\t\t\t\t<div class=\"elementor-widget-container\">\n\t\t\t\t\t\t\t\t\t\t\t\t\t\t\t<img fetchpriority=\"high\" decoding=\"async\" width=\"360\" height=\"360\" src=\"https:\/\/racan-carrier.ca\/wp-content\/uploads\/2024\/07\/1902-sackett-wilhelm-first-modern-air-conditioning-system_c.avif\" class=\"attachment-full size-full wp-image-1448\" alt=\"\" srcset=\"https:\/\/racan-carrier.ca\/wp-content\/uploads\/2024\/07\/1902-sackett-wilhelm-first-modern-air-conditioning-system_c.avif 360w, https:\/\/racan-carrier.ca\/wp-content\/uploads\/2024\/07\/1902-sackett-wilhelm-first-modern-air-conditioning-system_c-300x300.avif 300w, https:\/\/racan-carrier.ca\/wp-content\/uploads\/2024\/07\/1902-sackett-wilhelm-first-modern-air-conditioning-system_c-150x150.avif 150w\" sizes=\"(max-width: 360px) 100vw, 360px\" \/>\t\t\t\t\t\t\t\t\t\t\t\t\t\t\t<\/div>\n\t\t\t\t<\/div>\n\t\t\t\t\t<\/div>\n\t\t<\/div>\n\t\t\t\t\t<\/div>\n\t\t<\/section>\n\t\t\t\t<section class=\"elementor-section elementor-top-section elementor-element elementor-element-c331464 animated-slow elementor-section-boxed elementor-section-height-default elementor-section-height-default wpr-particle-no wpr-jarallax-no wpr-parallax-no wpr-sticky-section-no wpr-equal-height-no elementor-invisible\" data-id=\"c331464\" data-element_type=\"section\" data-e-type=\"section\" data-settings=\"{&quot;background_background&quot;:&quot;classic&quot;,&quot;animation&quot;:&quot;fadeInUp&quot;,&quot;animation_delay&quot;:1500}\">\n\t\t\t\t\t\t<div class=\"elementor-container elementor-column-gap-wider\">\n\t\t\t\t\t<div class=\"elementor-column elementor-col-50 elementor-top-column elementor-element elementor-element-7e1c8f6\" data-id=\"7e1c8f6\" data-element_type=\"column\" data-e-type=\"column\">\n\t\t\t<div class=\"elementor-widget-wrap elementor-element-populated\">\n\t\t\t\t\t\t<div class=\"elementor-element elementor-element-1b024e9 elementor-widget elementor-widget-image\" data-id=\"1b024e9\" data-element_type=\"widget\" data-e-type=\"widget\" data-widget_type=\"image.default\">\n\t\t\t\t<div class=\"elementor-widget-container\">\n\t\t\t\t\t\t\t\t\t\t\t\t\t\t\t<img decoding=\"async\" width=\"194\" height=\"146\" src=\"https:\/\/racan-carrier.ca\/wp-content\/uploads\/2024\/08\/racan-carrier_experts_en.jpg\" class=\"attachment-full size-full wp-image-1544\" alt=\"\" srcset=\"https:\/\/racan-carrier.ca\/wp-content\/uploads\/2024\/08\/racan-carrier_experts_en.jpg 194w, https:\/\/racan-carrier.ca\/wp-content\/uploads\/2024\/08\/elementor\/thumbs\/racan-carrier_experts_en-qs6abkbhk8ukj1ly9krexa90d5woa3l7an1ys6kgus.jpg 130w\" sizes=\"(max-width: 194px) 100vw, 194px\" \/>\t\t\t\t\t\t\t\t\t\t\t\t\t\t\t<\/div>\n\t\t\t\t<\/div>\n\t\t\t\t\t<\/div>\n\t\t<\/div>\n\t\t\t\t<div class=\"elementor-column elementor-col-50 elementor-top-column elementor-element elementor-element-068a905\" data-id=\"068a905\" data-element_type=\"column\" data-e-type=\"column\">\n\t\t\t<div class=\"elementor-widget-wrap elementor-element-populated\">\n\t\t\t\t\t\t<div class=\"elementor-element elementor-element-b1afd2e elementor-widget elementor-widget-heading\" data-id=\"b1afd2e\" data-element_type=\"widget\" data-e-type=\"widget\" data-widget_type=\"heading.default\">\n\t\t\t\t<div class=\"elementor-widget-container\">\n\t\t\t\t\t<h2 class=\"elementor-heading-title elementor-size-default\">R\u00e9pondre aux besoins des clients<\/h2>\t\t\t\t<\/div>\n\t\t\t\t<\/div>\n\t\t\t\t<div class=\"elementor-element elementor-element-531bb9c elementor-widget elementor-widget-text-editor\" data-id=\"531bb9c\" data-element_type=\"widget\" data-e-type=\"widget\" data-widget_type=\"text-editor.default\">\n\t\t\t\t<div class=\"elementor-widget-container\">\n\t\t\t\t\t\t\t\t\t<p>Les armoires de traitement d\u2019air Racan Carrier repr\u00e9sentent la solution parfaite pour les applications n\u00e9cessitant des unit\u00e9s hors-s\u00e9rie ayant des d\u00e9bits volumiques d\u2019entre 2000 et 300 000 PCM.<\/p><p>La conception des ATA de Racan est bas\u00e9e sur des principes structuraux solides et des technologies manufacturi\u00e8res de pointe. En ayant des dimensions manipulables \u00e0 l\u2019incr\u00e9ment d\u2019un pouce, les ATA de Racan peuvent \u00eatre con\u00e7ues pour entrer dans n\u2019importe quel espace. Racan offre une s\u00e9lection compl\u00e8te de filtres, ventilateurs, \u00e9changeurs de chaleur et d\u2019options de chauffage, de refroidissement et d\u2019humidification.<\/p>\t\t\t\t\t\t\t\t<\/div>\n\t\t\t\t<\/div>\n\t\t\t\t\t<\/div>\n\t\t<\/div>\n\t\t\t\t\t<\/div>\n\t\t<\/section>\n\t\t\t\t<\/div>\n\t\t","protected":false},"excerpt":{"rendered":"<p>\u00c0 propos de Racan Carrier Cr\u00e9\u00e9e sur la base de l\u2019invention de la climatisation moderne en 1902 par Willis Carrier, Carrier est le leader mondial des solutions de chauffage, de climatisation et de r\u00e9frig\u00e9ration. We constantly build upon our history of proven innovation with new products and services that improve global comfort and efficiency. L\u2019invention qui a r\u00e9volutionn\u00e9 le monde En 1902, Willis Carrier a relev\u00e9 l\u2019un des plus grands d\u00e9fis de l\u2019humanit\u00e9 en ma\u00eetrisant les ambiances int\u00e9rieures gr\u00e2ce \u00e0 la climatisation moderne. Aujourd\u2019hui, les innovations propos\u00e9es par Carrier sont pr\u00e9sentes sur toute la plan\u00e8te et dans presque toutes les sph\u00e8res de la vie quotidienne. Nous cr\u00e9ons des environnements confortables et productifs, quel que soit le climat. Nous prot\u00e9geons l\u2019approvisionnement mondial en denr\u00e9es alimentaires en pr\u00e9servant la qualit\u00e9 et la fra\u00eecheur des aliments et des boissons. Nous garantissons la sant\u00e9 et le bien-\u00eatre de chacun en permettant le transport et la livraison de fournitures m\u00e9dicales dans des conditions ad\u00e9quates, malgr\u00e9 les al\u00e9as du climat. Nous proposons des solutions, des services et des formations dans le but de devenir leader du mouvement de l\u2019\u00e9co-construction. Ces exemples n\u2019illustrent qu\u2019une infime partie des m\u00e9thodes mises en place par Carrier qui contribuent \u00e0 un monde meilleur, que ce soit dans notre sphere de travail, de loisirs ou dans notre vie de tous les jours. R\u00e9pondre aux besoins des clients Les armoires de traitement d\u2019air Racan Carrier repr\u00e9sentent la solution parfaite pour les applications n\u00e9cessitant des unit\u00e9s hors-s\u00e9rie ayant des d\u00e9bits volumiques d\u2019entre 2000 et 300 000 PCM. La conception des ATA de Racan est bas\u00e9e sur des principes structuraux solides et des technologies manufacturi\u00e8res de pointe. En ayant des dimensions manipulables \u00e0 l\u2019incr\u00e9ment d\u2019un pouce, les ATA de Racan peuvent \u00eatre con\u00e7ues pour entrer dans n\u2019importe quel espace. Racan offre une s\u00e9lection compl\u00e8te de filtres, ventilateurs, \u00e9changeurs de chaleur et d\u2019options de chauffage, de refroidissement et d\u2019humidification.<\/p>\n","protected":false},"author":1,"featured_media":0,"parent":0,"menu_order":0,"comment_status":"closed","ping_status":"closed","template":"elementor_header_footer","meta":{"site-sidebar-layout":"no-sidebar","site-content-layout":"","ast-site-content-layout":"full-width-container","site-content-style":"default","site-sidebar-style":"default","ast-global-header-display":"","ast-banner-title-visibility":"","ast-main-header-display":"","ast-hfb-above-header-display":"","ast-hfb-below-header-display":"","ast-hfb-mobile-header-display":"","site-post-title":"disabled","ast-breadcrumbs-content":"","ast-featured-img":"disabled","footer-sml-layout":"","ast-disable-related-posts":"","theme-transparent-header-meta":"","adv-header-id-meta":"","stick-header-meta":"","header-above-stick-meta":"","header-main-stick-meta":"","header-below-stick-meta":"","astra-migrate-meta-layouts":"default","ast-page-background-enabled":"default","ast-page-background-meta":{"desktop":{"background-color":"var(--ast-global-color-4)","background-image":"","background-repeat":"repeat","background-position":"center center","background-size":"auto","background-attachment":"scroll","background-type":"","background-media":"","overlay-type":"","overlay-color":"","overlay-opacity":"","overlay-gradient":""},"tablet":{"background-color":"","background-image":"","background-repeat":"repeat","background-position":"center center","background-size":"auto","background-attachment":"scroll","background-type":"","background-media":"","overlay-type":"","overlay-color":"","overlay-opacity":"","overlay-gradient":""},"mobile":{"background-color":"","background-image":"","background-repeat":"repeat","background-position":"center center","background-size":"auto","background-attachment":"scroll","background-type":"","background-media":"","overlay-type":"","overlay-color":"","overlay-opacity":"","overlay-gradient":""}},"ast-content-background-meta":{"desktop":{"background-color":"var(--ast-global-color-5)","background-image":"","background-repeat":"repeat","background-position":"center center","background-size":"auto","background-attachment":"scroll","background-type":"","background-media":"","overlay-type":"","overlay-color":"","overlay-opacity":"","overlay-gradient":""},"tablet":{"background-color":"var(--ast-global-color-5)","background-image":"","background-repeat":"repeat","background-position":"center center","background-size":"auto","background-attachment":"scroll","background-type":"","background-media":"","overlay-type":"","overlay-color":"","overlay-opacity":"","overlay-gradient":""},"mobile":{"background-color":"var(--ast-global-color-5)","background-image":"","background-repeat":"repeat","background-position":"center center","background-size":"auto","background-attachment":"scroll","background-type":"","background-media":"","overlay-type":"","overlay-color":"","overlay-opacity":"","overlay-gradient":""}},"footnotes":""},"class_list":["post-1542","page","type-page","status-publish","hentry"],"_links":{"self":[{"href":"https:\/\/racan-carrier.ca\/fr\/wp-json\/wp\/v2\/pages\/1542","targetHints":{"allow":["GET"]}}],"collection":[{"href":"https:\/\/racan-carrier.ca\/fr\/wp-json\/wp\/v2\/pages"}],"about":[{"href":"https:\/\/racan-carrier.ca\/fr\/wp-json\/wp\/v2\/types\/page"}],"author":[{"embeddable":true,"href":"https:\/\/racan-carrier.ca\/fr\/wp-json\/wp\/v2\/users\/1"}],"replies":[{"embeddable":true,"href":"https:\/\/racan-carrier.ca\/fr\/wp-json\/wp\/v2\/comments?post=1542"}],"version-history":[{"count":16,"href":"https:\/\/racan-carrier.ca\/fr\/wp-json\/wp\/v2\/pages\/1542\/revisions"}],"predecessor-version":[{"id":1747,"href":"https:\/\/racan-carrier.ca\/fr\/wp-json\/wp\/v2\/pages\/1542\/revisions\/1747"}],"wp:attachment":[{"href":"https:\/\/racan-carrier.ca\/fr\/wp-json\/wp\/v2\/media?parent=1542"}],"curies":[{"name":"wp","href":"https:\/\/api.w.org\/{rel}","templated":true}]}}