{"id":1550,"date":"2024-07-23T21:00:44","date_gmt":"2024-07-23T21:00:44","guid":{"rendered":"https:\/\/racan-carrier.ca\/a-propos-de-racan-carrier\/nos-valeurs\/"},"modified":"2024-08-05T18:45:37","modified_gmt":"2024-08-05T18:45:37","slug":"nos-valeurs","status":"publish","type":"page","link":"https:\/\/racan-carrier.ca\/fr\/a-propos-de-racan-carrier\/nos-valeurs\/","title":{"rendered":"Nos valeurs"},"content":{"rendered":"\t\t<div data-elementor-type=\"wp-page\" data-elementor-id=\"1550\" class=\"elementor elementor-1550 elementor-205\">\n\t\t\t\t<div class=\"elementor-element elementor-element-a001e2d e-flex e-con-boxed wpr-particle-no wpr-jarallax-no wpr-parallax-no wpr-sticky-section-no wpr-equal-height-no e-con e-parent\" data-id=\"a001e2d\" data-element_type=\"container\" data-e-type=\"container\" data-settings=\"{&quot;background_background&quot;:&quot;classic&quot;}\">\n\t\t\t\t\t<div class=\"e-con-inner\">\n\t\t<div class=\"elementor-element elementor-element-c687ea5 e-flex e-con-boxed wpr-particle-no wpr-jarallax-no wpr-parallax-no wpr-sticky-section-no wpr-equal-height-no elementor-invisible e-con e-child\" data-id=\"c687ea5\" data-element_type=\"container\" data-e-type=\"container\" data-settings=\"{&quot;background_background&quot;:&quot;classic&quot;,&quot;animation&quot;:&quot;fadeIn&quot;}\">\n\t\t\t\t\t<div class=\"e-con-inner\">\n\t\t\t\t<div class=\"elementor-element elementor-element-8b7a97d elementor-widget elementor-widget-page-title\" data-id=\"8b7a97d\" data-element_type=\"widget\" data-e-type=\"widget\" data-settings=\"{&quot;align&quot;:&quot;left&quot;,&quot;align_mobile&quot;:&quot;left&quot;}\" data-widget_type=\"page-title.default\">\n\t\t\t\t<div class=\"elementor-widget-container\">\n\t\t\t\t\t\t\t\n\t\t<div class=\"hfe-page-title hfe-page-title-wrapper elementor-widget-heading\">\n\n\t\t\t\t\t\t\t\t<h1 class=\"elementor-heading-title elementor-size-default\">\n\t\t\t\t\t\t\t\t\n\t\t\t\tNos valeurs  \n\t\t\t<\/h1 > \n\t\t\t\t\t<\/div>\n\t\t\t\t\t\t<\/div>\n\t\t\t\t<\/div>\n\t\t\t\t\t<\/div>\n\t\t\t\t<\/div>\n\t\t\t\t\t<\/div>\n\t\t\t\t<\/div>\n\t\t<div class=\"elementor-element elementor-element-760f85e e-flex e-con-boxed wpr-particle-no wpr-jarallax-no wpr-parallax-no wpr-sticky-section-no wpr-equal-height-no elementor-invisible e-con e-parent\" data-id=\"760f85e\" data-element_type=\"container\" data-e-type=\"container\" data-settings=\"{&quot;animation&quot;:&quot;zoomIn&quot;,&quot;background_background&quot;:&quot;classic&quot;}\">\n\t\t\t\t\t<div class=\"e-con-inner\">\n\t\t<div class=\"elementor-element elementor-element-967b154 e-flex e-con-boxed wpr-particle-no wpr-jarallax-no wpr-parallax-no wpr-sticky-section-no wpr-equal-height-no elementor-invisible e-con e-child\" data-id=\"967b154\" data-element_type=\"container\" data-e-type=\"container\" data-settings=\"{&quot;background_background&quot;:&quot;classic&quot;,&quot;animation&quot;:&quot;fadeIn&quot;,&quot;animation_delay&quot;:500}\">\n\t\t\t\t\t<div class=\"e-con-inner\">\n\t\t\t\t<div class=\"elementor-element elementor-element-049b31c elementor-widget elementor-widget-text-editor\" data-id=\"049b31c\" data-element_type=\"widget\" data-e-type=\"widget\" data-widget_type=\"text-editor.default\">\n\t\t\t\t<div class=\"elementor-widget-container\">\n\t\t\t\t\t\t\t\t\t<p>Nos valeurs fondamentales definissent qui nous sommes et influent sur chaque d\u00e9cision que nous prennons.<\/p>\n\t\t\t\t\t\t\t\t<\/div>\n\t\t\t\t<\/div>\n\t\t\t\t\t<\/div>\n\t\t\t\t<\/div>\n\t\t\t\t\t<\/div>\n\t\t\t\t<\/div>\n\t\t<div class=\"elementor-element elementor-element-aafbe55 e-flex e-con-boxed wpr-particle-no wpr-jarallax-no wpr-parallax-no wpr-sticky-section-no wpr-equal-height-no elementor-invisible e-con e-parent\" data-id=\"aafbe55\" data-element_type=\"container\" data-e-type=\"container\" data-settings=\"{&quot;animation&quot;:&quot;zoomIn&quot;,&quot;background_background&quot;:&quot;classic&quot;}\">\n\t\t\t\t\t<div class=\"e-con-inner\">\n\t\t<div class=\"elementor-element elementor-element-7697b44 e-flex e-con-boxed wpr-particle-no wpr-jarallax-no wpr-parallax-no wpr-sticky-section-no wpr-equal-height-no elementor-invisible e-con e-child\" data-id=\"7697b44\" data-element_type=\"container\" data-e-type=\"container\" data-settings=\"{&quot;background_background&quot;:&quot;classic&quot;,&quot;animation&quot;:&quot;fadeIn&quot;,&quot;animation_delay&quot;:500}\">\n\t\t\t\t\t<div class=\"e-con-inner\">\n\t\t\t\t<div class=\"elementor-element elementor-element-3691116 elementor-widget elementor-widget-heading\" data-id=\"3691116\" data-element_type=\"widget\" data-e-type=\"widget\" data-widget_type=\"heading.default\">\n\t\t\t\t<div class=\"elementor-widget-container\">\n\t\t\t\t\t<h2 class=\"elementor-heading-title elementor-size-default\">Mener le monde<\/h2>\t\t\t\t<\/div>\n\t\t\t\t<\/div>\n\t\t\t\t<div class=\"elementor-element elementor-element-67e6c57 elementor-widget elementor-widget-text-editor\" data-id=\"67e6c57\" data-element_type=\"widget\" data-e-type=\"widget\" data-widget_type=\"text-editor.default\">\n\t\t\t\t<div class=\"elementor-widget-container\">\n\t\t\t\t\t\t\t\t\t<p>Carrier est le leader mondial des les solutions de chauffage, de climatisation et de r\u00e9frig\u00e9ration de haute technologie. Carrier fait partie d\u2019UTC Climate, Controls Security, une entreprise du groupe United Technologies Corp., l\u2019un des premiers fournisseurs mondiaux des secteurs de l\u2019a\u00e9rospatiale et de la construction.<\/p><p>Carrier s\u2019est donn\u00e9e pour objectif d\u2019\u00eatre le choix num\u00e9ro un des clients \u00e0 la recherche de solutions de climatisation, de chauffage et de r\u00e9frig\u00e9ration, partout dans le monde. Nous travaillons chaque jour pour faire du monde un meilleur endroit o\u00f9 vivre, travailler et se divertir. Nos collaborateurs, nos produits et nos services cr\u00e9ent des environnements confortables, efficaces et sains, quel que soit le climat. Ensemble, ils garantissent la pr\u00e9servation et le transport s\u00e9curis\u00e9 des produits alimentaires mondiaux destin\u00e9s \u00e0 la consommation.<\/p><p>Notre culture repose sur les valeurs fondamentales d\u2019UTC Climate, Controls Security. Ces valeurs sont les piliers de notre entreprise.<\/p>\t\t\t\t\t\t\t\t<\/div>\n\t\t\t\t<\/div>\n\t\t\t\t<div class=\"elementor-element elementor-element-05f8c02 elementor-widget elementor-widget-heading\" data-id=\"05f8c02\" data-element_type=\"widget\" data-e-type=\"widget\" data-widget_type=\"heading.default\">\n\t\t\t\t<div class=\"elementor-widget-container\">\n\t\t\t\t\t<h3 class=\"elementor-heading-title elementor-size-default\">Qualit\u00e9<\/h3>\t\t\t\t<\/div>\n\t\t\t\t<\/div>\n\t\t\t\t<div class=\"elementor-element elementor-element-0e6a438 elementor-widget elementor-widget-text-editor\" data-id=\"0e6a438\" data-element_type=\"widget\" data-e-type=\"widget\" data-widget_type=\"text-editor.default\">\n\t\t\t\t<div class=\"elementor-widget-container\">\n\t\t\t\t\t\t\t\t\t<ul>\n<li>La qualit\u00e9 est le d\u00e9nominateur commun de toutes nos actions.<\/li>\n<\/ul>\n<p>Nous nous engageons \u00e0 maintenir l\u2019excellence de nos services gr\u00e2ce au syst\u00e8me d\u2019exploitation ACE (Am\u00e9lioration continue).<\/p>\n\t\t\t\t\t\t\t\t<\/div>\n\t\t\t\t<\/div>\n\t\t\t\t<div class=\"elementor-element elementor-element-1e3d623 elementor-widget elementor-widget-heading\" data-id=\"1e3d623\" data-element_type=\"widget\" data-e-type=\"widget\" data-widget_type=\"heading.default\">\n\t\t\t\t<div class=\"elementor-widget-container\">\n\t\t\t\t\t<h3 class=\"elementor-heading-title elementor-size-default\">Performances<\/h3>\t\t\t\t<\/div>\n\t\t\t\t<\/div>\n\t\t\t\t<div class=\"elementor-element elementor-element-1f8dc36 elementor-widget elementor-widget-text-editor\" data-id=\"1f8dc36\" data-element_type=\"widget\" data-e-type=\"widget\" data-widget_type=\"text-editor.default\">\n\t\t\t\t<div class=\"elementor-widget-container\">\n\t\t\t\t\t\t\t\t\t<ul>\n<li>Nos clients ont le choix, et leur choix d\u00e9pend des performances que nous leur proposons.<\/li>\n<li>Nous nous effor\u00e7ons de r\u00e9aliser une croissance continue afin de renforcer notre position de leader<\/li>\n<li>Nous avons une performance financi\u00e8re de classe mondiale<\/li>\n<li>Nous am\u00e9liorons sans cese la productivit\u00e9 de nos actif, de nos ressources et de tout ce que nous accomplissons<\/li>\n<\/ul>\n\t\t\t\t\t\t\t\t<\/div>\n\t\t\t\t<\/div>\n\t\t\t\t<div class=\"elementor-element elementor-element-3a804e3 elementor-widget elementor-widget-heading\" data-id=\"3a804e3\" data-element_type=\"widget\" data-e-type=\"widget\" data-widget_type=\"heading.default\">\n\t\t\t\t<div class=\"elementor-widget-container\">\n\t\t\t\t\t<h3 class=\"elementor-heading-title elementor-size-default\">Responsabilit\u00e9<\/h3>\t\t\t\t<\/div>\n\t\t\t\t<\/div>\n\t\t\t\t<div class=\"elementor-element elementor-element-c954fa2 elementor-widget elementor-widget-text-editor\" data-id=\"c954fa2\" data-element_type=\"widget\" data-e-type=\"widget\" data-widget_type=\"text-editor.default\">\n\t\t\t\t<div class=\"elementor-widget-container\">\n\t\t\t\t\t\t\t\t\t<ul>\n<li>Les entreprises qui r\u00e9ussissent am\u00e9liorent la condition humaine.<\/li>\n<li>Nous agissons avec int\u00e9grit\u00e9 et respectons les normes \u00e9thiques les plus \u00e9lev\u00e9es.<\/li>\n<li>Respectueux de l\u2019environnement, nous favorisons le d\u00e9veloppement durable.<\/li>\n<li>Nous nous soucions de la sant\u00e9 et de la s\u00e9curit\u00e9 de nos collaborateurs et de nos clients.<\/li>\n<li>Nous soutenons activement les communaut\u00e9s dans lesquelles nous exer\u00e7ons nos activit\u00e9s.<\/li>\n<\/ul>\n\t\t\t\t\t\t\t\t<\/div>\n\t\t\t\t<\/div>\n\t\t\t\t<div class=\"elementor-element elementor-element-5017571 elementor-widget elementor-widget-heading\" data-id=\"5017571\" data-element_type=\"widget\" data-e-type=\"widget\" data-widget_type=\"heading.default\">\n\t\t\t\t<div class=\"elementor-widget-container\">\n\t\t\t\t\t<h3 class=\"elementor-heading-title elementor-size-default\">Innovation<\/h3>\t\t\t\t<\/div>\n\t\t\t\t<\/div>\n\t\t\t\t<div class=\"elementor-element elementor-element-4ebcf83 elementor-widget elementor-widget-text-editor\" data-id=\"4ebcf83\" data-element_type=\"widget\" data-e-type=\"widget\" data-widget_type=\"text-editor.default\">\n\t\t\t\t<div class=\"elementor-widget-container\">\n\t\t\t\t\t\t\t\t\t<ul>\n<li>Nous sommes une entreprise d\u2019id\u00e9es, d\u00e9di\u00e9e \u00e0 la recherche et au d\u00e9veloppement.<\/li>\n<li>Nous puisons dans notre ADN de pionniers pour trouver la prochaine id\u00e9e innovante, puissante et commercialisable.<\/li>\n<li>Nous investissons constamment dans de nouveaux produits, de nouvelles technologies et de nouveaux syst\u00e8mes intelligents.<\/li>\n<\/ul>\n\t\t\t\t\t\t\t\t<\/div>\n\t\t\t\t<\/div>\n\t\t\t\t<div class=\"elementor-element elementor-element-1efddc5 elementor-widget elementor-widget-heading\" data-id=\"1efddc5\" data-element_type=\"widget\" data-e-type=\"widget\" data-widget_type=\"heading.default\">\n\t\t\t\t<div class=\"elementor-widget-container\">\n\t\t\t\t\t<h3 class=\"elementor-heading-title elementor-size-default\">Service client<\/h3>\t\t\t\t<\/div>\n\t\t\t\t<\/div>\n\t\t\t\t<div class=\"elementor-element elementor-element-fa239ab elementor-widget elementor-widget-text-editor\" data-id=\"fa239ab\" data-element_type=\"widget\" data-e-type=\"widget\" data-widget_type=\"text-editor.default\">\n\t\t\t\t<div class=\"elementor-widget-container\">\n\t\t\t\t\t\t\t\t\t<ul>\n<li>Nous sommes \u00e0 l\u2019\u00e9coute de nos clients et r\u00e9pondons \u00e0 leurs besoins.<\/li>\n<li>Nous facilitons les \u00e9changes commerciaux avec nos clients.<\/li>\n<li>Nous visons l\u2019excellence en mati\u00e8re de satisfaction client.<\/li>\n<\/ul>\n\t\t\t\t\t\t\t\t<\/div>\n\t\t\t\t<\/div>\n\t\t\t\t<div class=\"elementor-element elementor-element-f0d8ace elementor-widget elementor-widget-heading\" data-id=\"f0d8ace\" data-element_type=\"widget\" data-e-type=\"widget\" data-widget_type=\"heading.default\">\n\t\t\t\t<div class=\"elementor-widget-container\">\n\t\t\t\t\t<h3 class=\"elementor-heading-title elementor-size-default\">Opportunit\u00e9s offertes aux collaborateurs<\/h3>\t\t\t\t<\/div>\n\t\t\t\t<\/div>\n\t\t\t\t<div class=\"elementor-element elementor-element-d44d466 elementor-widget elementor-widget-text-editor\" data-id=\"d44d466\" data-element_type=\"widget\" data-e-type=\"widget\" data-widget_type=\"text-editor.default\">\n\t\t\t\t<div class=\"elementor-widget-container\">\n\t\t\t\t\t\t\t\t\t<ul>\n<li>Nous sommes \u00e0 l\u2019\u00e9coute nos collaborateurs et sommes respectueux les uns des autres.<\/li>\n<li>Nous nous effor\u00e7ons de participer au perfectionnement de nos collaborateurs et de nos \u00e9quipes de gestion.<\/li>\n<li>Nous soutenons et encourageons l\u2019apprentissage continu, afin de d\u00e9velopper nos connaissances et nos comp\u00e9tences.<\/li>\n<li>Nous valorisons la diversit\u00e9 des cultures et des personnes et la possibilit\u00e9 d\u2019\u00e9changer des id\u00e9es librement.<\/li>\n<\/ul>\n\t\t\t\t\t\t\t\t<\/div>\n\t\t\t\t<\/div>\n\t\t\t\t\t<\/div>\n\t\t\t\t<\/div>\n\t\t\t\t\t<\/div>\n\t\t\t\t<\/div>\n\t\t\t\t<\/div>\n\t\t","protected":false},"excerpt":{"rendered":"<p>Nos valeurs Nos valeurs fondamentales definissent qui nous sommes et influent sur chaque d\u00e9cision que nous prennons. Mener le monde Carrier est le leader mondial des les solutions de chauffage, de climatisation et de r\u00e9frig\u00e9ration de haute technologie. Carrier fait partie d\u2019UTC Climate, Controls Security, une entreprise du groupe United Technologies Corp., l\u2019un des premiers fournisseurs mondiaux des secteurs de l\u2019a\u00e9rospatiale et de la construction. Carrier s\u2019est donn\u00e9e pour objectif d\u2019\u00eatre le choix num\u00e9ro un des clients \u00e0 la recherche de solutions de climatisation, de chauffage et de r\u00e9frig\u00e9ration, partout dans le monde. Nous travaillons chaque jour pour faire du monde un meilleur endroit o\u00f9 vivre, travailler et se divertir. Nos collaborateurs, nos produits et nos services cr\u00e9ent des environnements confortables, efficaces et sains, quel que soit le climat. Ensemble, ils garantissent la pr\u00e9servation et le transport s\u00e9curis\u00e9 des produits alimentaires mondiaux destin\u00e9s \u00e0 la consommation. Notre culture repose sur les valeurs fondamentales d\u2019UTC Climate, Controls Security. Ces valeurs sont les piliers de notre entreprise. Qualit\u00e9 La qualit\u00e9 est le d\u00e9nominateur commun de toutes nos actions. Nous nous engageons \u00e0 maintenir l\u2019excellence de nos services gr\u00e2ce au syst\u00e8me d\u2019exploitation ACE (Am\u00e9lioration continue). Performances Nos clients ont le choix, et leur choix d\u00e9pend des performances que nous leur proposons. Nous nous effor\u00e7ons de r\u00e9aliser une croissance continue afin de renforcer notre position de leader Nous avons une performance financi\u00e8re de classe mondiale Nous am\u00e9liorons sans cese la productivit\u00e9 de nos actif, de nos ressources et de tout ce que nous accomplissons Responsabilit\u00e9 Les entreprises qui r\u00e9ussissent am\u00e9liorent la condition humaine. Nous agissons avec int\u00e9grit\u00e9 et respectons les normes \u00e9thiques les plus \u00e9lev\u00e9es. Respectueux de l\u2019environnement, nous favorisons le d\u00e9veloppement durable. Nous nous soucions de la sant\u00e9 et de la s\u00e9curit\u00e9 de nos collaborateurs et de nos clients. Nous soutenons activement les communaut\u00e9s dans lesquelles nous exer\u00e7ons nos activit\u00e9s. Innovation Nous sommes une entreprise d\u2019id\u00e9es, d\u00e9di\u00e9e \u00e0 la recherche et au d\u00e9veloppement. Nous puisons dans notre ADN de pionniers pour trouver la prochaine id\u00e9e innovante, puissante et commercialisable. Nous investissons constamment dans de nouveaux produits, de nouvelles technologies et de nouveaux syst\u00e8mes intelligents. Service client Nous sommes \u00e0 l\u2019\u00e9coute de nos clients et r\u00e9pondons \u00e0 leurs besoins. Nous facilitons les \u00e9changes commerciaux avec nos clients. Nous visons l\u2019excellence en mati\u00e8re de satisfaction client. Opportunit\u00e9s offertes aux collaborateurs Nous sommes \u00e0 l\u2019\u00e9coute nos collaborateurs et sommes respectueux les uns des autres. Nous nous effor\u00e7ons de participer au perfectionnement de nos collaborateurs et de nos \u00e9quipes de gestion. Nous soutenons et encourageons l\u2019apprentissage continu, afin de d\u00e9velopper nos connaissances et nos comp\u00e9tences. Nous valorisons la diversit\u00e9 des cultures et des personnes et la possibilit\u00e9 d\u2019\u00e9changer des id\u00e9es librement.<\/p>\n","protected":false},"author":1,"featured_media":0,"parent":1542,"menu_order":1,"comment_status":"closed","ping_status":"closed","template":"elementor_header_footer","meta":{"site-sidebar-layout":"no-sidebar","site-content-layout":"","ast-site-content-layout":"full-width-container","site-content-style":"default","site-sidebar-style":"default","ast-global-header-display":"","ast-banner-title-visibility":"","ast-main-header-display":"","ast-hfb-above-header-display":"","ast-hfb-below-header-display":"","ast-hfb-mobile-header-display":"","site-post-title":"disabled","ast-breadcrumbs-content":"","ast-featured-img":"disabled","footer-sml-layout":"","ast-disable-related-posts":"","theme-transparent-header-meta":"","adv-header-id-meta":"","stick-header-meta":"","header-above-stick-meta":"","header-main-stick-meta":"","header-below-stick-meta":"","astra-migrate-meta-layouts":"default","ast-page-background-enabled":"default","ast-page-background-meta":{"desktop":{"background-color":"var(--ast-global-color-4)","background-image":"","background-repeat":"repeat","background-position":"center center","background-size":"auto","background-attachment":"scroll","background-type":"","background-media":"","overlay-type":"","overlay-color":"","overlay-opacity":"","overlay-gradient":""},"tablet":{"background-color":"","background-image":"","background-repeat":"repeat","background-position":"center center","background-size":"auto","background-attachment":"scroll","background-type":"","background-media":"","overlay-type":"","overlay-color":"","overlay-opacity":"","overlay-gradient":""},"mobile":{"background-color":"","background-image":"","background-repeat":"repeat","background-position":"center center","background-size":"auto","background-attachment":"scroll","background-type":"","background-media":"","overlay-type":"","overlay-color":"","overlay-opacity":"","overlay-gradient":""}},"ast-content-background-meta":{"desktop":{"background-color":"var(--ast-global-color-5)","background-image":"","background-repeat":"repeat","background-position":"center center","background-size":"auto","background-attachment":"scroll","background-type":"","background-media":"","overlay-type":"","overlay-color":"","overlay-opacity":"","overlay-gradient":""},"tablet":{"background-color":"var(--ast-global-color-5)","background-image":"","background-repeat":"repeat","background-position":"center center","background-size":"auto","background-attachment":"scroll","background-type":"","background-media":"","overlay-type":"","overlay-color":"","overlay-opacity":"","overlay-gradient":""},"mobile":{"background-color":"var(--ast-global-color-5)","background-image":"","background-repeat":"repeat","background-position":"center center","background-size":"auto","background-attachment":"scroll","background-type":"","background-media":"","overlay-type":"","overlay-color":"","overlay-opacity":"","overlay-gradient":""}},"footnotes":""},"class_list":["post-1550","page","type-page","status-publish","hentry"],"_links":{"self":[{"href":"https:\/\/racan-carrier.ca\/fr\/wp-json\/wp\/v2\/pages\/1550","targetHints":{"allow":["GET"]}}],"collection":[{"href":"https:\/\/racan-carrier.ca\/fr\/wp-json\/wp\/v2\/pages"}],"about":[{"href":"https:\/\/racan-carrier.ca\/fr\/wp-json\/wp\/v2\/types\/page"}],"author":[{"embeddable":true,"href":"https:\/\/racan-carrier.ca\/fr\/wp-json\/wp\/v2\/users\/1"}],"replies":[{"embeddable":true,"href":"https:\/\/racan-carrier.ca\/fr\/wp-json\/wp\/v2\/comments?post=1550"}],"version-history":[{"count":4,"href":"https:\/\/racan-carrier.ca\/fr\/wp-json\/wp\/v2\/pages\/1550\/revisions"}],"predecessor-version":[{"id":1554,"href":"https:\/\/racan-carrier.ca\/fr\/wp-json\/wp\/v2\/pages\/1550\/revisions\/1554"}],"up":[{"embeddable":true,"href":"https:\/\/racan-carrier.ca\/fr\/wp-json\/wp\/v2\/pages\/1542"}],"wp:attachment":[{"href":"https:\/\/racan-carrier.ca\/fr\/wp-json\/wp\/v2\/media?parent=1550"}],"curies":[{"name":"wp","href":"https:\/\/api.w.org\/{rel}","templated":true}]}}