{"id":1555,"date":"2024-07-24T13:00:04","date_gmt":"2024-07-24T13:00:04","guid":{"rendered":"https:\/\/racan-carrier.ca\/a-propos-de-racan-carrier\/willis-carrier\/"},"modified":"2024-08-05T19:00:31","modified_gmt":"2024-08-05T19:00:31","slug":"willis-carrier","status":"publish","type":"page","link":"https:\/\/racan-carrier.ca\/fr\/a-propos-de-racan-carrier\/willis-carrier\/","title":{"rendered":"Willis Carrier"},"content":{"rendered":"\t\t<div data-elementor-type=\"wp-page\" data-elementor-id=\"1555\" class=\"elementor elementor-1555 elementor-245\">\n\t\t\t\t<div class=\"elementor-element elementor-element-03f4fd6 e-flex e-con-boxed wpr-particle-no wpr-jarallax-no wpr-parallax-no wpr-sticky-section-no wpr-equal-height-no e-con e-parent\" data-id=\"03f4fd6\" data-element_type=\"container\" data-e-type=\"container\" data-settings=\"{&quot;background_background&quot;:&quot;classic&quot;}\">\n\t\t\t\t\t<div class=\"e-con-inner\">\n\t\t<div class=\"elementor-element elementor-element-0735c80 e-flex e-con-boxed wpr-particle-no wpr-jarallax-no wpr-parallax-no wpr-sticky-section-no wpr-equal-height-no elementor-invisible e-con e-child\" data-id=\"0735c80\" data-element_type=\"container\" data-e-type=\"container\" data-settings=\"{&quot;background_background&quot;:&quot;classic&quot;,&quot;animation&quot;:&quot;fadeIn&quot;}\">\n\t\t\t\t\t<div class=\"e-con-inner\">\n\t\t\t\t<div class=\"elementor-element elementor-element-e487c1c elementor-widget elementor-widget-page-title\" data-id=\"e487c1c\" data-element_type=\"widget\" data-e-type=\"widget\" data-settings=\"{&quot;align&quot;:&quot;left&quot;,&quot;align_mobile&quot;:&quot;left&quot;}\" data-widget_type=\"page-title.default\">\n\t\t\t\t<div class=\"elementor-widget-container\">\n\t\t\t\t\t\t\t\n\t\t<div class=\"hfe-page-title hfe-page-title-wrapper elementor-widget-heading\">\n\n\t\t\t\t\t\t\t\t<h1 class=\"elementor-heading-title elementor-size-default\">\n\t\t\t\t\t\t\t\t\n\t\t\t\tWillis Carrier  \n\t\t\t<\/h1 > \n\t\t\t\t\t<\/div>\n\t\t\t\t\t\t<\/div>\n\t\t\t\t<\/div>\n\t\t\t\t\t<\/div>\n\t\t\t\t<\/div>\n\t\t\t\t\t<\/div>\n\t\t\t\t<\/div>\n\t\t<div class=\"elementor-element elementor-element-23729c5 e-flex e-con-boxed wpr-particle-no wpr-jarallax-no wpr-parallax-no wpr-sticky-section-no wpr-equal-height-no elementor-invisible e-con e-parent\" data-id=\"23729c5\" data-element_type=\"container\" data-e-type=\"container\" data-settings=\"{&quot;animation&quot;:&quot;zoomIn&quot;,&quot;background_background&quot;:&quot;classic&quot;}\">\n\t\t\t\t\t<div class=\"e-con-inner\">\n\t\t<div class=\"elementor-element elementor-element-5e59372 e-flex e-con-boxed wpr-particle-no wpr-jarallax-no wpr-parallax-no wpr-sticky-section-no wpr-equal-height-no elementor-invisible e-con e-child\" data-id=\"5e59372\" data-element_type=\"container\" data-e-type=\"container\" data-settings=\"{&quot;background_background&quot;:&quot;classic&quot;,&quot;animation&quot;:&quot;fadeIn&quot;,&quot;animation_delay&quot;:500}\">\n\t\t\t\t\t<div class=\"e-con-inner\">\n\t\t\t\t<div class=\"elementor-element elementor-element-98179bc elementor-widget elementor-widget-text-editor\" data-id=\"98179bc\" data-element_type=\"widget\" data-e-type=\"widget\" data-widget_type=\"text-editor.default\">\n\t\t\t\t<div class=\"elementor-widget-container\">\n\t\t\t\t\t\t\t\t\t<p>Le 17 juillet 1902, Willis Haviland Carrier concevait le premier syst\u00e8me de climatisation moderne, lan\u00e7ant ainsi une industrie qui permettrait d\u2019am\u00e9liorer fondamentalement notre fa\u00e7on de vivre, de travailler et de nous divertir.<\/p>\n\t\t\t\t\t\t\t\t<\/div>\n\t\t\t\t<\/div>\n\t\t\t\t\t<\/div>\n\t\t\t\t<\/div>\n\t\t\t\t\t<\/div>\n\t\t\t\t<\/div>\n\t\t<div class=\"elementor-element elementor-element-ee9eb54 e-flex e-con-boxed wpr-particle-no wpr-jarallax-no wpr-parallax-no wpr-sticky-section-no wpr-equal-height-no elementor-invisible e-con e-parent\" data-id=\"ee9eb54\" data-element_type=\"container\" data-e-type=\"container\" data-settings=\"{&quot;animation&quot;:&quot;zoomIn&quot;,&quot;background_background&quot;:&quot;classic&quot;}\">\n\t\t\t\t\t<div class=\"e-con-inner\">\n\t\t<div class=\"elementor-element elementor-element-b4fa8b1 e-flex e-con-boxed wpr-particle-no wpr-jarallax-no wpr-parallax-no wpr-sticky-section-no wpr-equal-height-no elementor-invisible e-con e-child\" data-id=\"b4fa8b1\" data-element_type=\"container\" data-e-type=\"container\" data-settings=\"{&quot;background_background&quot;:&quot;classic&quot;,&quot;animation&quot;:&quot;fadeIn&quot;,&quot;animation_delay&quot;:500}\">\n\t\t\t\t\t<div class=\"e-con-inner\">\n\t\t\t\t<div class=\"elementor-element elementor-element-5bb7380 elementor-widget elementor-widget-heading\" data-id=\"5bb7380\" data-element_type=\"widget\" data-e-type=\"widget\" data-widget_type=\"heading.default\">\n\t\t\t\t<div class=\"elementor-widget-container\">\n\t\t\t\t\t<h2 class=\"elementor-heading-title elementor-size-default\">Willis Carrier: L\u2019inventeur de la climatisation moderne<\/h2>\t\t\t\t<\/div>\n\t\t\t\t<\/div>\n\t\t\t\t<div class=\"elementor-element elementor-element-f289e63 elementor-widget elementor-widget-text-editor\" data-id=\"f289e63\" data-element_type=\"widget\" data-e-type=\"widget\" data-widget_type=\"text-editor.default\">\n\t\t\t\t<div class=\"elementor-widget-container\">\n\t\t\t\t\t\t\t\t\t<p>Le g\u00e9nie peut frapper n\u2019importe o\u00f9. Pour Willis Carrier, ce fut sur un quai de gare brumeux de Pittsburgh, en 1902. Willis Carrier regardait \u00e0 travers la brume lorsqu\u2019il r\u00e9alisa qu\u2019il pouvait ass\u00e9cher l\u2019air en le faisant passer \u00e0 travers de l\u2019eau pour cr\u00e9er du brouillard. Ce faisant, il devenait possible de produire de l\u2019air avec un degr\u00e9 d\u2019humidit\u00e9 sp\u00e9cifique. En l\u2019espace d\u2019un an, il am\u00e9liora son invention afin de contr\u00f4ler l\u2019humidit\u00e9, l\u2019\u00e9l\u00e9ment constitutif fondamental de la climatisation moderne.<\/p>\t\t\t\t\t\t\t\t<\/div>\n\t\t\t\t<\/div>\n\t\t\t\t<div class=\"elementor-element elementor-element-161a597 elementor-widget elementor-widget-heading\" data-id=\"161a597\" data-element_type=\"widget\" data-e-type=\"widget\" data-widget_type=\"heading.default\">\n\t\t\t\t<div class=\"elementor-widget-container\">\n\t\t\t\t\t<h3 class=\"elementor-heading-title elementor-size-default\">Biographie<\/h3>\t\t\t\t<\/div>\n\t\t\t\t<\/div>\n\t\t\t\t<div class=\"elementor-element elementor-element-7ba0753 elementor-widget elementor-widget-text-editor\" data-id=\"7ba0753\" data-element_type=\"widget\" data-e-type=\"widget\" data-widget_type=\"text-editor.default\">\n\t\t\t\t<div class=\"elementor-widget-container\">\n\t\t\t\t\t\t\t\t\t<ul>\n<li>Naissance le 26 novembre 1876 \u00e0 Angola, dans l\u2019\u00c9tat de New York<\/li>\n<li>Obtention d\u2019un dipl\u00f4me d\u2019ing\u00e9nieur de l\u2019universit\u00e9 de Cornell en 1901<\/li>\n<li>D\u00e9but de carri\u00e8re au sein de la Buffalo Forge Company en 1901<\/li>\n<li>Conception du premier syst\u00e8me de climatisation moderne au monde en 1902<\/li>\n<li>Mise au point de la \u00ab Rational Psychrometric Formulae \u00bb (formule de calcul utilis\u00e9e pour la conception des climatiseurs) en 1911<\/li>\n<li>Cr\u00e9ation de la Carrier Engineering Corporation en 1915<\/li>\n<li>Remise des titres de docteur honoris causa des universit\u00e9s Lehigh (1935) et Alfred (1942)<\/li>\n<li>D\u00e9c\u00e8s le 7 octobre 1950, \u00e0 New York<\/li>\n<li>Entr\u00e9e au National Inventors Hall of Fame en 1985<\/li>\n<li>D\u00e9signation comme l\u2019une des \u00ab 100 personnalit\u00e9s les plus influentes du 20\u00e8me si\u00e8cle par le <em>TIME<\/em> Magazine en 1998<\/li>\n<\/ul>\n\t\t\t\t\t\t\t\t<\/div>\n\t\t\t\t<\/div>\n\t\t\t\t<div class=\"elementor-element elementor-element-efebdf0 elementor-widget elementor-widget-heading\" data-id=\"efebdf0\" data-element_type=\"widget\" data-e-type=\"widget\" data-widget_type=\"heading.default\">\n\t\t\t\t<div class=\"elementor-widget-container\">\n\t\t\t\t\t<h3 class=\"elementor-heading-title elementor-size-default\">La le\u00e7on d\u2019une vie<\/h3>\t\t\t\t<\/div>\n\t\t\t\t<\/div>\n\t\t\t\t<div class=\"elementor-element elementor-element-37f26f4 elementor-widget elementor-widget-text-editor\" data-id=\"37f26f4\" data-element_type=\"widget\" data-e-type=\"widget\" data-widget_type=\"text-editor.default\">\n\t\t\t\t<div class=\"elementor-widget-container\">\n\t\t\t\t\t\t\t\t\t<p>Willis Carrier \u00e9tait destin\u00e9 \u00e0 relever l\u2019un des plus grands d\u00e9fis de l\u2019humanit\u00e9 : ma\u00eetriser l\u2019environnement int\u00e9rieur. Se rendant compte de ses difficult\u00e9s, sa m\u00e8re les lui enseigna en coupant une pomme enti\u00e8re en plusieurs morceaux de diff\u00e9rentes tailles. Se rendant compte de ses difficult\u00e9s, sa m\u00e8re les lui enseigna en coupant une pomme enti\u00e8re en plusieurs morceaux de diff\u00e9rentes tailles. Il d\u00e9clara plus tard que cette le\u00e7on avait \u00e9t\u00e9 la plus cruciale qu\u2019il ait jamais apprise, car elle lui avait enseign\u00e9 l\u2019importance de savoir r\u00e9soudre les probl\u00e8mes de fa\u00e7on intelligente.<\/p>\n\t\t\t\t\t\t\t\t<\/div>\n\t\t\t\t<\/div>\n\t\t\t\t<div class=\"elementor-element elementor-element-013d297 elementor-widget elementor-widget-heading\" data-id=\"013d297\" data-element_type=\"widget\" data-e-type=\"widget\" data-widget_type=\"heading.default\">\n\t\t\t\t<div class=\"elementor-widget-container\">\n\t\t\t\t\t<h3 class=\"elementor-heading-title elementor-size-default\">Carrier permet aux industries de prosp\u00e9rer<\/h3>\t\t\t\t<\/div>\n\t\t\t\t<\/div>\n\t\t\t\t<div class=\"elementor-element elementor-element-b153107 elementor-widget elementor-widget-text-editor\" data-id=\"b153107\" data-element_type=\"widget\" data-e-type=\"widget\" data-widget_type=\"text-editor.default\">\n\t\t\t\t<div class=\"elementor-widget-container\">\n\t\t\t\t\t\t\t\t\t<p>L\u2019invention de Willis Carrier, le \u00ab p\u00e8re de la climatisation \u00bb, a donn\u00e9 naissance \u00e0 de nombreuses industries qui sont aujourd\u2019hui au centre de notre \u00e9conomie. Toute fabrication, des produits de boulangerie-p\u00e2tisserie aux approvisionnements en temps de guerre, a \u00e9t\u00e9 rendue possible gr\u00e2ce au conditionnement de l\u2019air. Le conditionnement de l\u2019air a directement conduit aux succ\u00e8s cin\u00e9matographiques de l\u2019\u00e9t\u00e9, les gens se rendant dans les salles obscures climatis\u00e9es pour \u00e9chapper \u00e0 la chaleur. Gr\u00e2ce \u00e0 son invention, il est devenu possible de contr\u00f4ler pr\u00e9cis\u00e9ment la temp\u00e9rature et l\u2019humidit\u00e9, ce qui a \u00e9galement permis de cr\u00e9er les centres commerciaux et les vols transatlantiques, ainsi que les ordinateurs et les serveurs sur lesquels s\u2019appuie Internet.<\/p>\t\t\t\t\t\t\t\t<\/div>\n\t\t\t\t<\/div>\n\t\t\t\t<div class=\"elementor-element elementor-element-e86a8be elementor-widget elementor-widget-heading\" data-id=\"e86a8be\" data-element_type=\"widget\" data-e-type=\"widget\" data-widget_type=\"heading.default\">\n\t\t\t\t<div class=\"elementor-widget-container\">\n\t\t\t\t\t<h3 class=\"elementor-heading-title elementor-size-default\">Le confort offert au monde<\/h3>\t\t\t\t<\/div>\n\t\t\t\t<\/div>\n\t\t\t\t<div class=\"elementor-element elementor-element-dcdf8c8 elementor-widget elementor-widget-text-editor\" data-id=\"dcdf8c8\" data-element_type=\"widget\" data-e-type=\"widget\" data-widget_type=\"text-editor.default\">\n\t\t\t\t<div class=\"elementor-widget-container\">\n\t\t\t\t\t\t\t\t\t<p>Willis Carrier a tr\u00e8s vite compris que les besoins associ\u00e9s au climat, au confort et \u00e0 la production d\u00e9termineraient la valeur de la technologie de conditionnement de l\u2019air. D\u00e8s le d\u00e9but, il a commenc\u00e9 \u00e0 \u00e9tablir un r\u00e9seau de revendeurs, de distributeurs et de clients internationaux. Le succ\u00e8s remport\u00e9 par les premi\u00e8res installations en Europe et en Asie a \u00e9t\u00e9 un indicateur du caract\u00e8re universel de la climatisation, par-del\u00e0 des fronti\u00e8res.<\/p>\t\t\t\t\t\t\t\t<\/div>\n\t\t\t\t<\/div>\n\t\t\t\t<div class=\"elementor-element elementor-element-026a86f btn-shdw elementor-align-left elementor-widget__width-auto elementor-mobile-align-justify elementor-widget elementor-widget-button\" data-id=\"026a86f\" data-element_type=\"widget\" data-e-type=\"widget\" data-widget_type=\"button.default\">\n\t\t\t\t<div class=\"elementor-widget-container\">\n\t\t\t\t\t\t\t\t\t<div class=\"elementor-button-wrapper\">\n\t\t\t\t\t<a class=\"elementor-button elementor-button-link elementor-size-sm\" href=\"http:\/\/www.williscarrier.com\/\" target=\"_blank\" rel=\"nofollow\">\n\t\t\t\t\t\t<span class=\"elementor-button-content-wrapper\">\n\t\t\t\t\t\t\t\t\t<span class=\"elementor-button-text\">Visit williscarrier.com<\/span>\n\t\t\t\t\t<\/span>\n\t\t\t\t\t<\/a>\n\t\t\t\t<\/div>\n\t\t\t\t\t\t\t\t<\/div>\n\t\t\t\t<\/div>\n\t\t\t\t\t<\/div>\n\t\t\t\t<\/div>\n\t\t\t\t\t<\/div>\n\t\t\t\t<\/div>\n\t\t\t\t<\/div>\n\t\t","protected":false},"excerpt":{"rendered":"<p>Willis Carrier Le 17 juillet 1902, Willis Haviland Carrier concevait le premier syst\u00e8me de climatisation moderne, lan\u00e7ant ainsi une industrie qui permettrait d\u2019am\u00e9liorer fondamentalement notre fa\u00e7on de vivre, de travailler et de nous divertir. Willis Carrier: L\u2019inventeur de la climatisation moderne Le g\u00e9nie peut frapper n\u2019importe o\u00f9. Pour Willis Carrier, ce fut sur un quai de gare brumeux de Pittsburgh, en 1902. Willis Carrier regardait \u00e0 travers la brume lorsqu\u2019il r\u00e9alisa qu\u2019il pouvait ass\u00e9cher l\u2019air en le faisant passer \u00e0 travers de l\u2019eau pour cr\u00e9er du brouillard. Ce faisant, il devenait possible de produire de l\u2019air avec un degr\u00e9 d\u2019humidit\u00e9 sp\u00e9cifique. En l\u2019espace d\u2019un an, il am\u00e9liora son invention afin de contr\u00f4ler l\u2019humidit\u00e9, l\u2019\u00e9l\u00e9ment constitutif fondamental de la climatisation moderne. Biographie Naissance le 26 novembre 1876 \u00e0 Angola, dans l\u2019\u00c9tat de New York Obtention d\u2019un dipl\u00f4me d\u2019ing\u00e9nieur de l\u2019universit\u00e9 de Cornell en 1901 D\u00e9but de carri\u00e8re au sein de la Buffalo Forge Company en 1901 Conception du premier syst\u00e8me de climatisation moderne au monde en 1902 Mise au point de la \u00ab Rational Psychrometric Formulae \u00bb (formule de calcul utilis\u00e9e pour la conception des climatiseurs) en 1911 Cr\u00e9ation de la Carrier Engineering Corporation en 1915 Remise des titres de docteur honoris causa des universit\u00e9s Lehigh (1935) et Alfred (1942) D\u00e9c\u00e8s le 7 octobre 1950, \u00e0 New York Entr\u00e9e au National Inventors Hall of Fame en 1985 D\u00e9signation comme l\u2019une des \u00ab 100 personnalit\u00e9s les plus influentes du 20\u00e8me si\u00e8cle par le TIME Magazine en 1998 La le\u00e7on d\u2019une vie Willis Carrier \u00e9tait destin\u00e9 \u00e0 relever l\u2019un des plus grands d\u00e9fis de l\u2019humanit\u00e9 : ma\u00eetriser l\u2019environnement int\u00e9rieur. Se rendant compte de ses difficult\u00e9s, sa m\u00e8re les lui enseigna en coupant une pomme enti\u00e8re en plusieurs morceaux de diff\u00e9rentes tailles. Se rendant compte de ses difficult\u00e9s, sa m\u00e8re les lui enseigna en coupant une pomme enti\u00e8re en plusieurs morceaux de diff\u00e9rentes tailles. Il d\u00e9clara plus tard que cette le\u00e7on avait \u00e9t\u00e9 la plus cruciale qu\u2019il ait jamais apprise, car elle lui avait enseign\u00e9 l\u2019importance de savoir r\u00e9soudre les probl\u00e8mes de fa\u00e7on intelligente. Carrier permet aux industries de prosp\u00e9rer L\u2019invention de Willis Carrier, le \u00ab p\u00e8re de la climatisation \u00bb, a donn\u00e9 naissance \u00e0 de nombreuses industries qui sont aujourd\u2019hui au centre de notre \u00e9conomie. Toute fabrication, des produits de boulangerie-p\u00e2tisserie aux approvisionnements en temps de guerre, a \u00e9t\u00e9 rendue possible gr\u00e2ce au conditionnement de l\u2019air. Le conditionnement de l\u2019air a directement conduit aux succ\u00e8s cin\u00e9matographiques de l\u2019\u00e9t\u00e9, les gens se rendant dans les salles obscures climatis\u00e9es pour \u00e9chapper \u00e0 la chaleur. Gr\u00e2ce \u00e0 son invention, il est devenu possible de contr\u00f4ler pr\u00e9cis\u00e9ment la temp\u00e9rature et l\u2019humidit\u00e9, ce qui a \u00e9galement permis de cr\u00e9er les centres commerciaux et les vols transatlantiques, ainsi que les ordinateurs et les serveurs sur lesquels s\u2019appuie Internet. Le confort offert au monde Willis Carrier a tr\u00e8s vite compris que les besoins associ\u00e9s au climat, au confort et \u00e0 la production d\u00e9termineraient la valeur de la technologie de conditionnement de l\u2019air. D\u00e8s le d\u00e9but, il a commenc\u00e9 \u00e0 \u00e9tablir un r\u00e9seau de revendeurs, de distributeurs et de clients internationaux. Le succ\u00e8s remport\u00e9 par les premi\u00e8res installations en Europe et en Asie a \u00e9t\u00e9 un indicateur du caract\u00e8re universel de la climatisation, par-del\u00e0 des fronti\u00e8res. Visit williscarrier.com<\/p>\n","protected":false},"author":1,"featured_media":0,"parent":1542,"menu_order":2,"comment_status":"closed","ping_status":"closed","template":"elementor_header_footer","meta":{"site-sidebar-layout":"no-sidebar","site-content-layout":"","ast-site-content-layout":"full-width-container","site-content-style":"default","site-sidebar-style":"default","ast-global-header-display":"","ast-banner-title-visibility":"","ast-main-header-display":"","ast-hfb-above-header-display":"","ast-hfb-below-header-display":"","ast-hfb-mobile-header-display":"","site-post-title":"disabled","ast-breadcrumbs-content":"","ast-featured-img":"disabled","footer-sml-layout":"","ast-disable-related-posts":"","theme-transparent-header-meta":"","adv-header-id-meta":"","stick-header-meta":"","header-above-stick-meta":"","header-main-stick-meta":"","header-below-stick-meta":"","astra-migrate-meta-layouts":"default","ast-page-background-enabled":"default","ast-page-background-meta":{"desktop":{"background-color":"var(--ast-global-color-4)","background-image":"","background-repeat":"repeat","background-position":"center center","background-size":"auto","background-attachment":"scroll","background-type":"","background-media":"","overlay-type":"","overlay-color":"","overlay-opacity":"","overlay-gradient":""},"tablet":{"background-color":"","background-image":"","background-repeat":"repeat","background-position":"center center","background-size":"auto","background-attachment":"scroll","background-type":"","background-media":"","overlay-type":"","overlay-color":"","overlay-opacity":"","overlay-gradient":""},"mobile":{"background-color":"","background-image":"","background-repeat":"repeat","background-position":"center center","background-size":"auto","background-attachment":"scroll","background-type":"","background-media":"","overlay-type":"","overlay-color":"","overlay-opacity":"","overlay-gradient":""}},"ast-content-background-meta":{"desktop":{"background-color":"var(--ast-global-color-5)","background-image":"","background-repeat":"repeat","background-position":"center center","background-size":"auto","background-attachment":"scroll","background-type":"","background-media":"","overlay-type":"","overlay-color":"","overlay-opacity":"","overlay-gradient":""},"tablet":{"background-color":"var(--ast-global-color-5)","background-image":"","background-repeat":"repeat","background-position":"center center","background-size":"auto","background-attachment":"scroll","background-type":"","background-media":"","overlay-type":"","overlay-color":"","overlay-opacity":"","overlay-gradient":""},"mobile":{"background-color":"var(--ast-global-color-5)","background-image":"","background-repeat":"repeat","background-position":"center center","background-size":"auto","background-attachment":"scroll","background-type":"","background-media":"","overlay-type":"","overlay-color":"","overlay-opacity":"","overlay-gradient":""}},"footnotes":""},"class_list":["post-1555","page","type-page","status-publish","hentry"],"_links":{"self":[{"href":"https:\/\/racan-carrier.ca\/fr\/wp-json\/wp\/v2\/pages\/1555","targetHints":{"allow":["GET"]}}],"collection":[{"href":"https:\/\/racan-carrier.ca\/fr\/wp-json\/wp\/v2\/pages"}],"about":[{"href":"https:\/\/racan-carrier.ca\/fr\/wp-json\/wp\/v2\/types\/page"}],"author":[{"embeddable":true,"href":"https:\/\/racan-carrier.ca\/fr\/wp-json\/wp\/v2\/users\/1"}],"replies":[{"embeddable":true,"href":"https:\/\/racan-carrier.ca\/fr\/wp-json\/wp\/v2\/comments?post=1555"}],"version-history":[{"count":4,"href":"https:\/\/racan-carrier.ca\/fr\/wp-json\/wp\/v2\/pages\/1555\/revisions"}],"predecessor-version":[{"id":1559,"href":"https:\/\/racan-carrier.ca\/fr\/wp-json\/wp\/v2\/pages\/1555\/revisions\/1559"}],"up":[{"embeddable":true,"href":"https:\/\/racan-carrier.ca\/fr\/wp-json\/wp\/v2\/pages\/1542"}],"wp:attachment":[{"href":"https:\/\/racan-carrier.ca\/fr\/wp-json\/wp\/v2\/media?parent=1555"}],"curies":[{"name":"wp","href":"https:\/\/api.w.org\/{rel}","templated":true}]}}