{"id":1619,"date":"2024-07-24T16:38:16","date_gmt":"2024-07-24T16:38:16","guid":{"rendered":"https:\/\/racan-carrier.ca\/carrieres\/"},"modified":"2024-08-06T18:55:48","modified_gmt":"2024-08-06T18:55:48","slug":"carrieres","status":"publish","type":"page","link":"https:\/\/racan-carrier.ca\/fr\/carrieres\/","title":{"rendered":"Carri\u00e8res"},"content":{"rendered":"\t\t<div data-elementor-type=\"wp-page\" data-elementor-id=\"1619\" class=\"elementor elementor-1619 elementor-375\">\n\t\t\t\t<div class=\"elementor-element elementor-element-d74afaa e-flex e-con-boxed wpr-particle-no wpr-jarallax-no wpr-parallax-no wpr-sticky-section-no wpr-equal-height-no e-con e-parent\" data-id=\"d74afaa\" data-element_type=\"container\" data-e-type=\"container\" data-settings=\"{&quot;background_background&quot;:&quot;classic&quot;}\">\n\t\t\t\t\t<div class=\"e-con-inner\">\n\t\t<div class=\"elementor-element elementor-element-b0faa90 e-flex e-con-boxed wpr-particle-no wpr-jarallax-no wpr-parallax-no wpr-sticky-section-no wpr-equal-height-no elementor-invisible e-con e-child\" data-id=\"b0faa90\" data-element_type=\"container\" data-e-type=\"container\" data-settings=\"{&quot;background_background&quot;:&quot;classic&quot;,&quot;animation&quot;:&quot;fadeIn&quot;}\">\n\t\t\t\t\t<div class=\"e-con-inner\">\n\t\t\t\t<div class=\"elementor-element elementor-element-904f91e elementor-widget elementor-widget-page-title\" data-id=\"904f91e\" data-element_type=\"widget\" data-e-type=\"widget\" data-settings=\"{&quot;align&quot;:&quot;left&quot;,&quot;align_mobile&quot;:&quot;left&quot;}\" data-widget_type=\"page-title.default\">\n\t\t\t\t<div class=\"elementor-widget-container\">\n\t\t\t\t\t\t\t\n\t\t<div class=\"hfe-page-title hfe-page-title-wrapper elementor-widget-heading\">\n\n\t\t\t\t\t\t\t\t\t\t\t<a href=\"https:\/\/racan-carrier.ca\/fr\/\">\n\t\t\t\t\t\t<h1 class=\"elementor-heading-title elementor-size-default\">\n\t\t\t\t\t\t\t\t\n\t\t\t\tCarri\u00e8res  \n\t\t\t<\/h1 > \n\t\t\t\t\t\t\t\t\t<\/a>\n\t\t\t\t\t<\/div>\n\t\t\t\t\t\t<\/div>\n\t\t\t\t<\/div>\n\t\t\t\t\t<\/div>\n\t\t\t\t<\/div>\n\t\t\t\t\t<\/div>\n\t\t\t\t<\/div>\n\t\t<div class=\"elementor-element elementor-element-ce63f9f e-flex e-con-boxed wpr-particle-no wpr-jarallax-no wpr-parallax-no wpr-sticky-section-no wpr-equal-height-no elementor-invisible e-con e-parent\" data-id=\"ce63f9f\" data-element_type=\"container\" data-e-type=\"container\" data-settings=\"{&quot;animation&quot;:&quot;zoomIn&quot;,&quot;background_background&quot;:&quot;classic&quot;}\">\n\t\t\t\t\t<div class=\"e-con-inner\">\n\t\t<div class=\"elementor-element elementor-element-ba3bfda e-flex e-con-boxed wpr-particle-no wpr-jarallax-no wpr-parallax-no wpr-sticky-section-no wpr-equal-height-no elementor-invisible e-con e-child\" data-id=\"ba3bfda\" data-element_type=\"container\" data-e-type=\"container\" data-settings=\"{&quot;background_background&quot;:&quot;classic&quot;,&quot;animation&quot;:&quot;fadeIn&quot;,&quot;animation_delay&quot;:500}\">\n\t\t\t\t\t<div class=\"e-con-inner\">\n\t\t\t\t<div class=\"elementor-element elementor-element-ecbe173 elementor-widget elementor-widget-text-editor\" data-id=\"ecbe173\" data-element_type=\"widget\" data-e-type=\"widget\" data-widget_type=\"text-editor.default\">\n\t\t\t\t<div class=\"elementor-widget-container\">\n\t\t\t\t\t\t\t\t\t<p>Ne suivez pas le leader &#8211; devenez-en un. Engagez-vous dans une carri\u00e8re chez Racan-Carrier, un chef de file mondial en mati\u00e8re de solutions de chauffage, de climatisation et de r\u00e9frig\u00e9ration. <\/p>\n\t\t\t\t\t\t\t\t<\/div>\n\t\t\t\t<\/div>\n\t\t\t\t\t<\/div>\n\t\t\t\t<\/div>\n\t\t\t\t\t<\/div>\n\t\t\t\t<\/div>\n\t\t<div class=\"elementor-element elementor-element-84e2906 e-flex e-con-boxed wpr-particle-no wpr-jarallax-no wpr-parallax-no wpr-sticky-section-no wpr-equal-height-no elementor-invisible e-con e-parent\" data-id=\"84e2906\" data-element_type=\"container\" data-e-type=\"container\" data-settings=\"{&quot;animation&quot;:&quot;zoomIn&quot;,&quot;background_background&quot;:&quot;classic&quot;}\">\n\t\t\t\t\t<div class=\"e-con-inner\">\n\t\t<div class=\"elementor-element elementor-element-c36f603 e-flex e-con-boxed wpr-particle-no wpr-jarallax-no wpr-parallax-no wpr-sticky-section-no wpr-equal-height-no elementor-invisible e-con e-child\" data-id=\"c36f603\" data-element_type=\"container\" data-e-type=\"container\" data-settings=\"{&quot;background_background&quot;:&quot;classic&quot;,&quot;animation&quot;:&quot;fadeIn&quot;,&quot;animation_delay&quot;:500}\">\n\t\t\t\t\t<div class=\"e-con-inner\">\n\t\t\t\t<div class=\"elementor-element elementor-element-2af296d elementor-widget elementor-widget-heading\" data-id=\"2af296d\" data-element_type=\"widget\" data-e-type=\"widget\" data-widget_type=\"heading.default\">\n\t\t\t\t<div class=\"elementor-widget-container\">\n\t\t\t\t\t<h4 class=\"elementor-heading-title elementor-size-default\">L\u2019excellence du travail <\/h4>\t\t\t\t<\/div>\n\t\t\t\t<\/div>\n\t\t\t\t<div class=\"elementor-element elementor-element-173e29f elementor-widget elementor-widget-text-editor\" data-id=\"173e29f\" data-element_type=\"widget\" data-e-type=\"widget\" data-widget_type=\"text-editor.default\">\n\t\t\t\t<div class=\"elementor-widget-container\">\n\t\t\t\t\t\t\t\t\t<p>Qu\u2019il s\u2019agisse de pr\u00e9server les fresques sur le plafond de la Chapelle Sixtine, de cr\u00e9er des syst\u00e8mes de chauffage de piscine innovants pour les meilleurs nageurs mondiaux ou de conduire le mouvement de l\u2019\u00e9co-construction dans quelques-unes des premi\u00e8res villes du monde, les collaborateurs de Carrier r\u00e9pondent pr\u00e9sents.<\/p>\n<p>Chaque jour, les \u00e9quipes de Carrier s\u2019emploient \u00e0 relever quelques-uns des d\u00e9fis les plus sp\u00e9cifiques et les plus passionnants \u00e0 travers le monde en mati\u00e8re de chauffage, de climatisation et de r\u00e9frig\u00e9ration. Afin de maintenir notre position de leader mondial, nous sommes constamment \u00e0 la recherche de personnes talentueuses et ambitieuses \u00e0 travers la plan\u00e8te, pour nous rejoindre veuillez postuler \u00e0 cette adresse : racan.customerservice@carrier.utc.com <\/p>\n\t\t\t\t\t\t\t\t<\/div>\n\t\t\t\t<\/div>\n\t\t\t\t<div class=\"elementor-element elementor-element-90897b5 elementor-widget elementor-widget-heading\" data-id=\"90897b5\" data-element_type=\"widget\" data-e-type=\"widget\" data-widget_type=\"heading.default\">\n\t\t\t\t<div class=\"elementor-widget-container\">\n\t\t\t\t\t<h3 class=\"elementor-heading-title elementor-size-default\">Opportunit\u00e9s de carri\u00e8re<\/h3>\t\t\t\t<\/div>\n\t\t\t\t<\/div>\n\t\t\t\t<div class=\"elementor-element elementor-element-305b596 elementor-widget elementor-widget-text-editor\" data-id=\"305b596\" data-element_type=\"widget\" data-e-type=\"widget\" data-widget_type=\"text-editor.default\">\n\t\t\t\t<div class=\"elementor-widget-container\">\n\t\t\t\t\t\t\t\t\t<p>Un leader mondial \u00e0 la pointe de l\u2019innovation a besoin d\u2019une grande vari\u00e9t\u00e9 de talents et de comp\u00e9tences. Chez Carrier, cela signifie rassembler les meilleurs collaborateurs dans les secteurs de la conception technique, de la fabrication, de l\u2019informatique, de la finance, des op\u00e9rations, des ventes et du marketing. Si vous \u00eates int\u00e9ress\u00e9 par une carri\u00e8re dans l\u2019un de ces secteurs ou dans un certain nombre d\u2019autres domaines, vous pouvez nous contacter. <\/p>\n\t\t\t\t\t\t\t\t<\/div>\n\t\t\t\t<\/div>\n\t\t\t\t<div class=\"elementor-element elementor-element-45031fc elementor-widget elementor-widget-heading\" data-id=\"45031fc\" data-element_type=\"widget\" data-e-type=\"widget\" data-widget_type=\"heading.default\">\n\t\t\t\t<div class=\"elementor-widget-container\">\n\t\t\t\t\t<h3 class=\"elementor-heading-title elementor-size-default\">Votre carri\u00e8re entre vos mains<\/h3>\t\t\t\t<\/div>\n\t\t\t\t<\/div>\n\t\t\t\t<div class=\"elementor-element elementor-element-73c07c0 elementor-widget elementor-widget-text-editor\" data-id=\"73c07c0\" data-element_type=\"widget\" data-e-type=\"widget\" data-widget_type=\"text-editor.default\">\n\t\t\t\t<div class=\"elementor-widget-container\">\n\t\t\t\t\t\t\t\t\t<p>Carrier est d\u00e9termin\u00e9e \u00e0 attirer et \u00e0 retenir les talents de classe mondiale. C\u2019est la raison pour laquelle nous offrons \u00e0 tous nos collaborateurs les moyens n\u00e9cessaires pour prendre leur carri\u00e8re en main.Quel que soit votre poste, nous vous proposons des opportunit\u00e9s en termes de formation continue, d\u2019enseignement sup\u00e9rieur et de promotion pour vous aider \u00e0 \u00e9voluer. Car, apr\u00e8s tout, en tant que collaborateur d\u2019une entreprise leader \u00e0 l\u2019\u00e9chelle internationale, votre carri\u00e8re se doit d\u2019\u00eatre \u00e0 la hauteur de vos attentes.   <\/p>\n\t\t\t\t\t\t\t\t<\/div>\n\t\t\t\t<\/div>\n\t\t\t\t<div class=\"elementor-element elementor-element-17d9744 elementor-widget elementor-widget-heading\" data-id=\"17d9744\" data-element_type=\"widget\" data-e-type=\"widget\" data-widget_type=\"heading.default\">\n\t\t\t\t<div class=\"elementor-widget-container\">\n\t\t\t\t\t<h3 class=\"elementor-heading-title elementor-size-default\">Engagement en faveur de la diversit\u00e9<\/h3>\t\t\t\t<\/div>\n\t\t\t\t<\/div>\n\t\t\t\t<div class=\"elementor-element elementor-element-b80e09b elementor-widget elementor-widget-text-editor\" data-id=\"b80e09b\" data-element_type=\"widget\" data-e-type=\"widget\" data-widget_type=\"text-editor.default\">\n\t\t\t\t<div class=\"elementor-widget-container\">\n\t\t\t\t\t\t\t\t\t<p>Chez Carrier, nous pensons que la diversit\u00e9 des effectifs est essentielle pour pouvoir r\u00e9pondre aux attentes d\u2019une client\u00e8le internationale vari\u00e9e.Guid\u00e9e par une valeur fondamentale qui int\u00e8gre la diversit\u00e9 des cultures et des personnes, Carrier encourage les nouvelles id\u00e9es et les points de vue diff\u00e9rents \u00e0 tous les niveaux de l\u2019entreprise.Ainsi, tous les avis sont pris en compte, et chacun a la possibilit\u00e9 de contribuer au secteur et d\u2019avoir un impact sur le monde. Nous savons que pour perp\u00e9tuer notre esprit novateur, nous avons besoin de collaborateurs engag\u00e9s.   <\/p>\n\t\t\t\t\t\t\t\t<\/div>\n\t\t\t\t<\/div>\n\t\t\t\t\t<\/div>\n\t\t\t\t<\/div>\n\t\t\t\t\t<\/div>\n\t\t\t\t<\/div>\n\t\t<div class=\"elementor-element elementor-element-78a084a e-flex e-con-boxed wpr-particle-no wpr-jarallax-no wpr-parallax-no wpr-sticky-section-no wpr-equal-height-no elementor-invisible e-con e-parent\" data-id=\"78a084a\" data-element_type=\"container\" data-e-type=\"container\" data-settings=\"{&quot;animation&quot;:&quot;zoomIn&quot;,&quot;background_background&quot;:&quot;classic&quot;}\">\n\t\t\t\t\t<div class=\"e-con-inner\">\n\t\t<div class=\"elementor-element elementor-element-c0babf7 e-flex e-con-boxed wpr-particle-no wpr-jarallax-no wpr-parallax-no wpr-sticky-section-no wpr-equal-height-no elementor-invisible e-con e-child\" data-id=\"c0babf7\" data-element_type=\"container\" data-e-type=\"container\" data-settings=\"{&quot;background_background&quot;:&quot;classic&quot;,&quot;animation&quot;:&quot;fadeIn&quot;,&quot;animation_delay&quot;:500}\">\n\t\t\t\t\t<div class=\"e-con-inner\">\n\t\t\t\t<div class=\"elementor-element elementor-element-ac0b978 elementor-widget elementor-widget-heading\" data-id=\"ac0b978\" data-element_type=\"widget\" data-e-type=\"widget\" data-widget_type=\"heading.default\">\n\t\t\t\t<div class=\"elementor-widget-container\">\n\t\t\t\t\t<h4 class=\"elementor-heading-title elementor-size-default\">Ressources humaines<\/h4>\t\t\t\t<\/div>\n\t\t\t\t<\/div>\n\t\t\t\t<div class=\"elementor-element elementor-element-5978afc elementor-widget elementor-widget-text-editor\" data-id=\"5978afc\" data-element_type=\"widget\" data-e-type=\"widget\" data-widget_type=\"text-editor.default\">\n\t\t\t\t<div class=\"elementor-widget-container\">\n\t\t\t\t\t\t\t\t\t<p><a href=\"mailto:racan.customerservice@carrier.utc.com\"><a href=\"mailto:racan.customerservice@carrier.utc.com\">racan.customerservice@carrier.utc.com<\/a><\/a><\/p>\n\t\t\t\t\t\t\t\t<\/div>\n\t\t\t\t<\/div>\n\t\t\t\t\t<\/div>\n\t\t\t\t<\/div>\n\t\t\t\t\t<\/div>\n\t\t\t\t<\/div>\n\t\t\t\t<\/div>\n\t\t","protected":false},"excerpt":{"rendered":"<p>Ne suivez pas le leader &#8211; devenez-en un. Engagez-vous dans une carri\u00e8re chez Racan-Carrier, un chef de file mondial en mati\u00e8re de solutions de chauffage, de climatisation et de r\u00e9frig\u00e9ration. L\u2019excellence du travail Qu\u2019il s\u2019agisse de pr\u00e9server les fresques sur le plafond de la Chapelle Sixtine, de cr\u00e9er des syst\u00e8mes de chauffage de piscine innovants pour les meilleurs nageurs mondiaux ou de conduire le mouvement de l\u2019\u00e9co-construction dans quelques-unes des premi\u00e8res villes du monde, les collaborateurs de Carrier r\u00e9pondent pr\u00e9sents. Chaque jour, les \u00e9quipes de Carrier s\u2019emploient \u00e0 relever quelques-uns des d\u00e9fis les plus sp\u00e9cifiques et les plus passionnants \u00e0 travers le monde en mati\u00e8re de chauffage, de climatisation et de r\u00e9frig\u00e9ration. Afin de maintenir notre position de leader mondial, nous sommes constamment \u00e0 la recherche de personnes talentueuses et ambitieuses \u00e0 travers la plan\u00e8te, pour nous rejoindre veuillez postuler \u00e0 cette adresse : racan.customerservice@carrier.utc.com Opportunit\u00e9s de carri\u00e8re Un leader mondial \u00e0 la pointe de l\u2019innovation a besoin d\u2019une grande vari\u00e9t\u00e9 de talents et de comp\u00e9tences. Chez Carrier, cela signifie rassembler les meilleurs collaborateurs dans les secteurs de la conception technique, de la fabrication, de l\u2019informatique, de la finance, des op\u00e9rations, des ventes et du marketing. Si vous \u00eates int\u00e9ress\u00e9 par une carri\u00e8re dans l\u2019un de ces secteurs ou dans un certain nombre d\u2019autres domaines, vous pouvez nous contacter. Votre carri\u00e8re entre vos mains Carrier est d\u00e9termin\u00e9e \u00e0 attirer et \u00e0 retenir les talents de classe mondiale. C\u2019est la raison pour laquelle nous offrons \u00e0 tous nos collaborateurs les moyens n\u00e9cessaires pour prendre leur carri\u00e8re en main.Quel que soit votre poste, nous vous proposons des opportunit\u00e9s en termes de formation continue, d\u2019enseignement sup\u00e9rieur et de promotion pour vous aider \u00e0 \u00e9voluer. Car, apr\u00e8s tout, en tant que collaborateur d\u2019une entreprise leader \u00e0 l\u2019\u00e9chelle internationale, votre carri\u00e8re se doit d\u2019\u00eatre \u00e0 la hauteur de vos attentes. Engagement en faveur de la diversit\u00e9 Chez Carrier, nous pensons que la diversit\u00e9 des effectifs est essentielle pour pouvoir r\u00e9pondre aux attentes d\u2019une client\u00e8le internationale vari\u00e9e.Guid\u00e9e par une valeur fondamentale qui int\u00e8gre la diversit\u00e9 des cultures et des personnes, Carrier encourage les nouvelles id\u00e9es et les points de vue diff\u00e9rents \u00e0 tous les niveaux de l\u2019entreprise.Ainsi, tous les avis sont pris en compte, et chacun a la possibilit\u00e9 de contribuer au secteur et d\u2019avoir un impact sur le monde. Nous savons que pour perp\u00e9tuer notre esprit novateur, nous avons besoin de collaborateurs engag\u00e9s. Ressources humaines racan.customerservice@carrier.utc.com<\/p>\n","protected":false},"author":1,"featured_media":0,"parent":0,"menu_order":0,"comment_status":"closed","ping_status":"closed","template":"elementor_header_footer","meta":{"site-sidebar-layout":"no-sidebar","site-content-layout":"","ast-site-content-layout":"full-width-container","site-content-style":"default","site-sidebar-style":"default","ast-global-header-display":"","ast-banner-title-visibility":"","ast-main-header-display":"","ast-hfb-above-header-display":"","ast-hfb-below-header-display":"","ast-hfb-mobile-header-display":"","site-post-title":"disabled","ast-breadcrumbs-content":"","ast-featured-img":"disabled","footer-sml-layout":"","ast-disable-related-posts":"","theme-transparent-header-meta":"","adv-header-id-meta":"","stick-header-meta":"","header-above-stick-meta":"","header-main-stick-meta":"","header-below-stick-meta":"","astra-migrate-meta-layouts":"default","ast-page-background-enabled":"default","ast-page-background-meta":{"desktop":{"background-color":"var(--ast-global-color-4)","background-image":"","background-repeat":"repeat","background-position":"center center","background-size":"auto","background-attachment":"scroll","background-type":"","background-media":"","overlay-type":"","overlay-color":"","overlay-opacity":"","overlay-gradient":""},"tablet":{"background-color":"","background-image":"","background-repeat":"repeat","background-position":"center center","background-size":"auto","background-attachment":"scroll","background-type":"","background-media":"","overlay-type":"","overlay-color":"","overlay-opacity":"","overlay-gradient":""},"mobile":{"background-color":"","background-image":"","background-repeat":"repeat","background-position":"center center","background-size":"auto","background-attachment":"scroll","background-type":"","background-media":"","overlay-type":"","overlay-color":"","overlay-opacity":"","overlay-gradient":""}},"ast-content-background-meta":{"desktop":{"background-color":"var(--ast-global-color-5)","background-image":"","background-repeat":"repeat","background-position":"center center","background-size":"auto","background-attachment":"scroll","background-type":"","background-media":"","overlay-type":"","overlay-color":"","overlay-opacity":"","overlay-gradient":""},"tablet":{"background-color":"var(--ast-global-color-5)","background-image":"","background-repeat":"repeat","background-position":"center center","background-size":"auto","background-attachment":"scroll","background-type":"","background-media":"","overlay-type":"","overlay-color":"","overlay-opacity":"","overlay-gradient":""},"mobile":{"background-color":"var(--ast-global-color-5)","background-image":"","background-repeat":"repeat","background-position":"center center","background-size":"auto","background-attachment":"scroll","background-type":"","background-media":"","overlay-type":"","overlay-color":"","overlay-opacity":"","overlay-gradient":""}},"footnotes":""},"class_list":["post-1619","page","type-page","status-publish","hentry"],"_links":{"self":[{"href":"https:\/\/racan-carrier.ca\/fr\/wp-json\/wp\/v2\/pages\/1619","targetHints":{"allow":["GET"]}}],"collection":[{"href":"https:\/\/racan-carrier.ca\/fr\/wp-json\/wp\/v2\/pages"}],"about":[{"href":"https:\/\/racan-carrier.ca\/fr\/wp-json\/wp\/v2\/types\/page"}],"author":[{"embeddable":true,"href":"https:\/\/racan-carrier.ca\/fr\/wp-json\/wp\/v2\/users\/1"}],"replies":[{"embeddable":true,"href":"https:\/\/racan-carrier.ca\/fr\/wp-json\/wp\/v2\/comments?post=1619"}],"version-history":[{"count":1,"href":"https:\/\/racan-carrier.ca\/fr\/wp-json\/wp\/v2\/pages\/1619\/revisions"}],"predecessor-version":[{"id":1620,"href":"https:\/\/racan-carrier.ca\/fr\/wp-json\/wp\/v2\/pages\/1619\/revisions\/1620"}],"wp:attachment":[{"href":"https:\/\/racan-carrier.ca\/fr\/wp-json\/wp\/v2\/media?parent=1619"}],"curies":[{"name":"wp","href":"https:\/\/api.w.org\/{rel}","templated":true}]}}