{"id":1627,"date":"2024-07-26T12:16:18","date_gmt":"2024-07-26T12:16:18","guid":{"rendered":"https:\/\/racan-carrier.ca\/produits\/configuration-variable-2\/sommaire\/"},"modified":"2024-08-06T19:35:28","modified_gmt":"2024-08-06T19:35:28","slug":"sommaire","status":"publish","type":"page","link":"https:\/\/racan-carrier.ca\/fr\/produits\/configuration-variable-2\/sommaire\/","title":{"rendered":"Sommaire"},"content":{"rendered":"\t\t<div data-elementor-type=\"wp-page\" data-elementor-id=\"1627\" class=\"elementor elementor-1627 elementor-744\">\n\t\t\t\t<div class=\"elementor-element elementor-element-f5cc010 e-flex e-con-boxed wpr-particle-no wpr-jarallax-no wpr-parallax-no wpr-sticky-section-no wpr-equal-height-no e-con e-parent\" data-id=\"f5cc010\" data-element_type=\"container\" data-e-type=\"container\" data-settings=\"{&quot;background_background&quot;:&quot;classic&quot;}\">\n\t\t\t\t\t<div class=\"e-con-inner\">\n\t\t<div class=\"elementor-element elementor-element-da78ce2 e-flex e-con-boxed wpr-particle-no wpr-jarallax-no wpr-parallax-no wpr-sticky-section-no wpr-equal-height-no elementor-invisible e-con e-child\" data-id=\"da78ce2\" data-element_type=\"container\" data-e-type=\"container\" data-settings=\"{&quot;background_background&quot;:&quot;classic&quot;,&quot;animation&quot;:&quot;fadeIn&quot;}\">\n\t\t\t\t\t<div class=\"e-con-inner\">\n\t\t\t\t<div class=\"elementor-element elementor-element-748a74b elementor-widget elementor-widget-page-title\" data-id=\"748a74b\" data-element_type=\"widget\" data-e-type=\"widget\" data-settings=\"{&quot;align&quot;:&quot;left&quot;,&quot;align_mobile&quot;:&quot;center&quot;}\" data-widget_type=\"page-title.default\">\n\t\t\t\t<div class=\"elementor-widget-container\">\n\t\t\t\t\t\t\t\n\t\t<div class=\"hfe-page-title hfe-page-title-wrapper elementor-widget-heading\">\n\n\t\t\t\t\t\t\t\t<h1 class=\"elementor-heading-title elementor-size-default\">\n\t\t\t\t\t\t\t\t\n\t\t\t\tSommaire  \n\t\t\t<\/h1 > \n\t\t\t\t\t<\/div>\n\t\t\t\t\t\t<\/div>\n\t\t\t\t<\/div>\n\t\t\t\t\t<\/div>\n\t\t\t\t<\/div>\n\t\t\t\t\t<\/div>\n\t\t\t\t<\/div>\n\t\t<div class=\"elementor-element elementor-element-ec3c6b4 e-flex e-con-boxed wpr-particle-no wpr-jarallax-no wpr-parallax-no wpr-sticky-section-no wpr-equal-height-no elementor-invisible e-con e-parent\" data-id=\"ec3c6b4\" data-element_type=\"container\" data-e-type=\"container\" data-settings=\"{&quot;animation&quot;:&quot;zoomIn&quot;,&quot;background_background&quot;:&quot;classic&quot;}\">\n\t\t\t\t\t<div class=\"e-con-inner\">\n\t\t<div class=\"elementor-element elementor-element-f9fa215 e-flex e-con-boxed wpr-particle-no wpr-jarallax-no wpr-parallax-no wpr-sticky-section-no wpr-equal-height-no elementor-invisible e-con e-child\" data-id=\"f9fa215\" data-element_type=\"container\" data-e-type=\"container\" data-settings=\"{&quot;background_background&quot;:&quot;classic&quot;,&quot;animation&quot;:&quot;fadeIn&quot;,&quot;animation_delay&quot;:500}\">\n\t\t\t\t\t<div class=\"e-con-inner\">\n\t\t<div class=\"elementor-element elementor-element-1234ce0 e-con-full e-flex wpr-particle-no wpr-jarallax-no wpr-parallax-no wpr-sticky-section-no wpr-equal-height-no e-con e-child\" data-id=\"1234ce0\" data-element_type=\"container\" data-e-type=\"container\">\n\t\t\t\t<div class=\"elementor-element elementor-element-347677b elementor-widget elementor-widget-image\" data-id=\"347677b\" data-element_type=\"widget\" data-e-type=\"widget\" data-widget_type=\"image.default\">\n\t\t\t\t<div class=\"elementor-widget-container\">\n\t\t\t\t\t\t\t\t\t\t\t\t\t\t\t<img fetchpriority=\"high\" decoding=\"async\" width=\"500\" height=\"422\" src=\"https:\/\/racan-carrier.ca\/wp-content\/uploads\/2024\/07\/racan-carrier_variable-configuration_optimaire_acoustair_summary.jpg\" class=\"attachment-full size-full wp-image-1484\" alt=\"\" srcset=\"https:\/\/racan-carrier.ca\/wp-content\/uploads\/2024\/07\/racan-carrier_variable-configuration_optimaire_acoustair_summary.jpg 500w, https:\/\/racan-carrier.ca\/wp-content\/uploads\/2024\/07\/racan-carrier_variable-configuration_optimaire_acoustair_summary-300x253.jpg 300w\" sizes=\"(max-width: 500px) 100vw, 500px\" \/>\t\t\t\t\t\t\t\t\t\t\t\t\t\t\t<\/div>\n\t\t\t\t<\/div>\n\t\t\t\t<\/div>\n\t\t<div class=\"elementor-element elementor-element-6c11609 e-con-full e-flex wpr-particle-no wpr-jarallax-no wpr-parallax-no wpr-sticky-section-no wpr-equal-height-no e-con e-child\" data-id=\"6c11609\" data-element_type=\"container\" data-e-type=\"container\">\n\t\t\t\t<div class=\"elementor-element elementor-element-9924d19 elementor-widget elementor-widget-text-editor\" data-id=\"9924d19\" data-element_type=\"widget\" data-e-type=\"widget\" data-widget_type=\"text-editor.default\">\n\t\t\t\t<div class=\"elementor-widget-container\">\n\t\t\t\t\t\t\t\t\t<p>Les armoires de traitement d\u2019air OPTIMAIR comportent la toute derni\u00e8re technologie en mati\u00e8re de fabrication et au-dessus de 25 ans d\u2019exp\u00e9rience en mati\u00e8re d\u2019acoustique et d\u2019applications CVAC.<\/p>\n<p>Les attributs du design permettent un maximum de flexibilit\u00e9. Les unit\u00e9s contiennent diverses sections modulaires pr\u00e9con\u00e7ues pouvant \u00eatre adapt\u00e9es \u00e0 des exigences sp\u00e9cifiques. Les cabinets sont disponibles avec des murs doubles \u00e9pais de 2\u2033 ou 4\u2033 et avec des cuves solides ou perfor\u00e9es, et peuvent \u00eatre enrob\u00e9s d\u2019isolation Tedlar\u00ae.<\/p>\n<p>La gamme OPTIMAIR repr\u00e9sente le choix ultime en mati\u00e8re de rigidit\u00e9 structurale, de performances acoustiques et d\u2019\u00e9tanch\u00e9it\u00e9. Toutes les sections peuvent \u00eatre assembl\u00e9es en usine sur une base unie et de pleine longueur pour que chaque unit\u00e9 puisse \u00eatre lev\u00e9e et install\u00e9e en tant que pi\u00e8ce unique. Cependant, quand les conditions ne permettent pas le d\u00e9placement de l\u2019unit\u00e9 en une pi\u00e8ce, elle peut \u00eatre exp\u00e9di\u00e9e en plusieurs sections.<\/p>\n<p>Le design modulaire d\u2019OPTIMAIR permet le regroupement de plusieurs accessoires modulaires de fa\u00e7on \u00e0 ce que le raccordement au chantier soit gard\u00e9 au minimum.<\/p>\n<p>Afin de vous soutenir dans la configuration d\u2019une unit\u00e9, ce catalogue contient des unit\u00e9s pr\u00e9d\u00e9finies \u00e0 des PCM vari\u00e9s. S\u00e9lectionnez la taille correspondant \u00e0 vos besoins et arrangez les modules afin de satisfaire l\u2019application. Si vous d\u00e9sirez du soutien, veuillez rejoindre votre ing\u00e9nieur technico-commercial de Racan.<\/p>\n<p>Une fois votre s\u00e9lection compl\u00e9t\u00e9e, vous d\u00e9tiendrez la configuration, la taille et le poids pr\u00e9liminaires de l\u2019unit\u00e9. R\u00e9acheminez ces informations \u00e0 un ing\u00e9nieur technico-commercial de Racan afin de finaliser les caract\u00e9ristiques de performance et afin de recevoir un dessin CAO de l\u2019unit\u00e9, si n\u00e9cessaire. Puisque Racan Carrier d\u00e9veloppe et am\u00e9liore continuellement le design de sa gamme de produits, nous nous r\u00e9servons le droit de modifier les sp\u00e9cifications, le design et les proc\u00e9d\u00e9s de fabrications d\u00e9crits dans cette brochure, et ce \u00e0 tout moment.<\/p>\n\t\t\t\t\t\t\t\t<\/div>\n\t\t\t\t<\/div>\n\t\t\t\t<\/div>\n\t\t\t\t\t<\/div>\n\t\t\t\t<\/div>\n\t\t\t\t\t<\/div>\n\t\t\t\t<\/div>\n\t\t\t\t<\/div>\n\t\t","protected":false},"excerpt":{"rendered":"<p>Les armoires de traitement d\u2019air OPTIMAIR comportent la toute derni\u00e8re technologie en mati\u00e8re de fabrication et au-dessus de 25 ans d\u2019exp\u00e9rience en mati\u00e8re d\u2019acoustique et d\u2019applications CVAC. Les attributs du design permettent un maximum de flexibilit\u00e9. Les unit\u00e9s contiennent diverses sections modulaires pr\u00e9con\u00e7ues pouvant \u00eatre adapt\u00e9es \u00e0 des exigences sp\u00e9cifiques. Les cabinets sont disponibles avec des murs doubles \u00e9pais de 2\u2033 ou 4\u2033 et avec des cuves solides ou perfor\u00e9es, et peuvent \u00eatre enrob\u00e9s d\u2019isolation Tedlar\u00ae. La gamme OPTIMAIR repr\u00e9sente le choix ultime en mati\u00e8re de rigidit\u00e9 structurale, de performances acoustiques et d\u2019\u00e9tanch\u00e9it\u00e9. Toutes les sections peuvent \u00eatre assembl\u00e9es en usine sur une base unie et de pleine longueur pour que chaque unit\u00e9 puisse \u00eatre lev\u00e9e et install\u00e9e en tant que pi\u00e8ce unique. Cependant, quand les conditions ne permettent pas le d\u00e9placement de l\u2019unit\u00e9 en une pi\u00e8ce, elle peut \u00eatre exp\u00e9di\u00e9e en plusieurs sections. Le design modulaire d\u2019OPTIMAIR permet le regroupement de plusieurs accessoires modulaires de fa\u00e7on \u00e0 ce que le raccordement au chantier soit gard\u00e9 au minimum. Afin de vous soutenir dans la configuration d\u2019une unit\u00e9, ce catalogue contient des unit\u00e9s pr\u00e9d\u00e9finies \u00e0 des PCM vari\u00e9s. S\u00e9lectionnez la taille correspondant \u00e0 vos besoins et arrangez les modules afin de satisfaire l\u2019application. Si vous d\u00e9sirez du soutien, veuillez rejoindre votre ing\u00e9nieur technico-commercial de Racan. Une fois votre s\u00e9lection compl\u00e9t\u00e9e, vous d\u00e9tiendrez la configuration, la taille et le poids pr\u00e9liminaires de l\u2019unit\u00e9. R\u00e9acheminez ces informations \u00e0 un ing\u00e9nieur technico-commercial de Racan afin de finaliser les caract\u00e9ristiques de performance et afin de recevoir un dessin CAO de l\u2019unit\u00e9, si n\u00e9cessaire. Puisque Racan Carrier d\u00e9veloppe et am\u00e9liore continuellement le design de sa gamme de produits, nous nous r\u00e9servons le droit de modifier les sp\u00e9cifications, le design et les proc\u00e9d\u00e9s de fabrications d\u00e9crits dans cette brochure, et ce \u00e0 tout moment.<\/p>\n","protected":false},"author":1,"featured_media":0,"parent":1625,"menu_order":1,"comment_status":"closed","ping_status":"closed","template":"elementor_header_footer","meta":{"site-sidebar-layout":"no-sidebar","site-content-layout":"","ast-site-content-layout":"full-width-container","site-content-style":"default","site-sidebar-style":"default","ast-global-header-display":"","ast-banner-title-visibility":"","ast-main-header-display":"","ast-hfb-above-header-display":"","ast-hfb-below-header-display":"","ast-hfb-mobile-header-display":"","site-post-title":"disabled","ast-breadcrumbs-content":"","ast-featured-img":"disabled","footer-sml-layout":"","ast-disable-related-posts":"","theme-transparent-header-meta":"","adv-header-id-meta":"","stick-header-meta":"","header-above-stick-meta":"","header-main-stick-meta":"","header-below-stick-meta":"","astra-migrate-meta-layouts":"default","ast-page-background-enabled":"default","ast-page-background-meta":{"desktop":{"background-color":"var(--ast-global-color-4)","background-image":"","background-repeat":"repeat","background-position":"center center","background-size":"auto","background-attachment":"scroll","background-type":"","background-media":"","overlay-type":"","overlay-color":"","overlay-opacity":"","overlay-gradient":""},"tablet":{"background-color":"","background-image":"","background-repeat":"repeat","background-position":"center center","background-size":"auto","background-attachment":"scroll","background-type":"","background-media":"","overlay-type":"","overlay-color":"","overlay-opacity":"","overlay-gradient":""},"mobile":{"background-color":"","background-image":"","background-repeat":"repeat","background-position":"center center","background-size":"auto","background-attachment":"scroll","background-type":"","background-media":"","overlay-type":"","overlay-color":"","overlay-opacity":"","overlay-gradient":""}},"ast-content-background-meta":{"desktop":{"background-color":"var(--ast-global-color-5)","background-image":"","background-repeat":"repeat","background-position":"center center","background-size":"auto","background-attachment":"scroll","background-type":"","background-media":"","overlay-type":"","overlay-color":"","overlay-opacity":"","overlay-gradient":""},"tablet":{"background-color":"var(--ast-global-color-5)","background-image":"","background-repeat":"repeat","background-position":"center center","background-size":"auto","background-attachment":"scroll","background-type":"","background-media":"","overlay-type":"","overlay-color":"","overlay-opacity":"","overlay-gradient":""},"mobile":{"background-color":"var(--ast-global-color-5)","background-image":"","background-repeat":"repeat","background-position":"center center","background-size":"auto","background-attachment":"scroll","background-type":"","background-media":"","overlay-type":"","overlay-color":"","overlay-opacity":"","overlay-gradient":""}},"footnotes":""},"class_list":["post-1627","page","type-page","status-publish","hentry"],"_links":{"self":[{"href":"https:\/\/racan-carrier.ca\/fr\/wp-json\/wp\/v2\/pages\/1627","targetHints":{"allow":["GET"]}}],"collection":[{"href":"https:\/\/racan-carrier.ca\/fr\/wp-json\/wp\/v2\/pages"}],"about":[{"href":"https:\/\/racan-carrier.ca\/fr\/wp-json\/wp\/v2\/types\/page"}],"author":[{"embeddable":true,"href":"https:\/\/racan-carrier.ca\/fr\/wp-json\/wp\/v2\/users\/1"}],"replies":[{"embeddable":true,"href":"https:\/\/racan-carrier.ca\/fr\/wp-json\/wp\/v2\/comments?post=1627"}],"version-history":[{"count":1,"href":"https:\/\/racan-carrier.ca\/fr\/wp-json\/wp\/v2\/pages\/1627\/revisions"}],"predecessor-version":[{"id":1628,"href":"https:\/\/racan-carrier.ca\/fr\/wp-json\/wp\/v2\/pages\/1627\/revisions\/1628"}],"up":[{"embeddable":true,"href":"https:\/\/racan-carrier.ca\/fr\/wp-json\/wp\/v2\/pages\/1625"}],"wp:attachment":[{"href":"https:\/\/racan-carrier.ca\/fr\/wp-json\/wp\/v2\/media?parent=1627"}],"curies":[{"name":"wp","href":"https:\/\/api.w.org\/{rel}","templated":true}]}}