{"id":1631,"date":"2024-07-26T12:50:48","date_gmt":"2024-07-26T12:50:48","guid":{"rendered":"https:\/\/racan-carrier.ca\/produits\/configuration-variable-2\/attributs-et-options\/"},"modified":"2026-01-19T20:29:16","modified_gmt":"2026-01-19T20:29:16","slug":"attributs-et-options","status":"publish","type":"page","link":"https:\/\/racan-carrier.ca\/fr\/produits\/configuration-variable-2\/attributs-et-options\/","title":{"rendered":"Attributs et options"},"content":{"rendered":"\t\t<div data-elementor-type=\"wp-page\" data-elementor-id=\"1631\" class=\"elementor elementor-1631 elementor-756\">\n\t\t\t\t<div class=\"elementor-element elementor-element-265f6b7 e-flex e-con-boxed wpr-particle-no wpr-jarallax-no wpr-parallax-no wpr-sticky-section-no wpr-equal-height-no e-con e-parent\" data-id=\"265f6b7\" data-element_type=\"container\" data-e-type=\"container\" data-settings=\"{&quot;background_background&quot;:&quot;classic&quot;}\">\n\t\t\t\t\t<div class=\"e-con-inner\">\n\t\t<div class=\"elementor-element elementor-element-66bf8dd e-flex e-con-boxed wpr-particle-no wpr-jarallax-no wpr-parallax-no wpr-sticky-section-no wpr-equal-height-no elementor-invisible e-con e-child\" data-id=\"66bf8dd\" data-element_type=\"container\" data-e-type=\"container\" data-settings=\"{&quot;background_background&quot;:&quot;classic&quot;,&quot;animation&quot;:&quot;fadeIn&quot;}\">\n\t\t\t\t\t<div class=\"e-con-inner\">\n\t\t\t\t<div class=\"elementor-element elementor-element-f5ce176 elementor-widget elementor-widget-page-title\" data-id=\"f5ce176\" data-element_type=\"widget\" data-e-type=\"widget\" data-settings=\"{&quot;align&quot;:&quot;left&quot;,&quot;align_mobile&quot;:&quot;center&quot;}\" data-widget_type=\"page-title.default\">\n\t\t\t\t<div class=\"elementor-widget-container\">\n\t\t\t\t\t\t\t\n\t\t<div class=\"hfe-page-title hfe-page-title-wrapper elementor-widget-heading\">\n\n\t\t\t\t\t\t\t\t<h1 class=\"elementor-heading-title elementor-size-default\">\n\t\t\t\t\t\t\t\t\n\t\t\t\tAttributs et options  \n\t\t\t<\/h1 > \n\t\t\t\t\t<\/div>\n\t\t\t\t\t\t<\/div>\n\t\t\t\t<\/div>\n\t\t\t\t\t<\/div>\n\t\t\t\t<\/div>\n\t\t\t\t\t<\/div>\n\t\t\t\t<\/div>\n\t\t<div class=\"elementor-element elementor-element-0ea3c52 e-flex e-con-boxed wpr-particle-no wpr-jarallax-no wpr-parallax-no wpr-sticky-section-no wpr-equal-height-no elementor-invisible e-con e-parent\" data-id=\"0ea3c52\" data-element_type=\"container\" data-e-type=\"container\" data-settings=\"{&quot;animation&quot;:&quot;zoomIn&quot;,&quot;background_background&quot;:&quot;classic&quot;}\">\n\t\t\t\t\t<div class=\"e-con-inner\">\n\t\t<div class=\"elementor-element elementor-element-18eebb3 e-flex e-con-boxed wpr-particle-no wpr-jarallax-no wpr-parallax-no wpr-sticky-section-no wpr-equal-height-no elementor-invisible e-con e-child\" data-id=\"18eebb3\" data-element_type=\"container\" data-e-type=\"container\" data-settings=\"{&quot;background_background&quot;:&quot;classic&quot;,&quot;animation&quot;:&quot;fadeIn&quot;,&quot;animation_delay&quot;:500}\">\n\t\t\t\t\t<div class=\"e-con-inner\">\n\t\t<div class=\"elementor-element elementor-element-ce33299 e-con-full e-flex wpr-particle-no wpr-jarallax-no wpr-parallax-no wpr-sticky-section-no wpr-equal-height-no e-con e-child\" data-id=\"ce33299\" data-element_type=\"container\" data-e-type=\"container\">\n\t\t\t\t<div class=\"elementor-element elementor-element-434473b elementor-widget elementor-widget-text-editor\" data-id=\"434473b\" data-element_type=\"widget\" data-e-type=\"widget\" data-widget_type=\"text-editor.default\">\n\t\t\t\t<div class=\"elementor-widget-container\">\n\t\t\t\t\t\t\t\t\t<ul><li>D\u00e9bit d\u2019air nominal d\u2019entre 2 000 et 100 000 PCM.<\/li><li>Construction robuste avec panneaux \u00e9pais de 2\u201d ou 4\u201d pour applications int\u00e9rieures ou ext\u00e9rieures.<\/li><li>Les performances acoustiques des panneaux des armoires de traitement d\u2019air sont v\u00e9rifi\u00e9es par un laboratoire ind\u00e9pendant.<\/li><li>Unit\u00e9s disponibles en acier galvanis\u00e9, en acier inoxydable ou en aluminium, ayant des cuves perfor\u00e9es ou solides.<\/li><li>Cuves recouverte AgION\u2122.<\/li><li>Collecteurs de condensat \u00e0 versants sym\u00e9triques qui suivent le Standard 62 d\u2019ASHRAE.<\/li><li>Les serpentins superpos\u00e9s sont mont\u00e9s sur b\u00e2ti et d\u00e9montables individuellement.<\/li><li>L\u2019isolation des panneaux peut \u00eatre prot\u00e9g\u00e9e avec de la pellicule de conditionnement Tedlar\u00ae ou un rev\u00eatement en fibre de verre, en option.<\/li><li>Construction modulaire pr\u00e9-assembl\u00e9e en usine.<\/li><li>Construction \u00e0 haute pression r\u00e9sistant jusqu\u2019\u00e0 12 w.g. ayant moins de fuites que le maximum permis par le standard de fuites d\u2019air SMACNA de classe 3.<\/li><li>Constructions avec r\u00e9sistances thermiques disponibles.<\/li><li>Des forfaits d\u2019att\u00e9nuation sonore complets sont disponibles avec les unit\u00e9s.<\/li><li>L\u2019isolation antivibratoire interne inclut des dispositifs de s\u00e9curit\u00e9 s\u00e9ismiques.<\/li><li>Moteurs mont\u00e9s int\u00e9rieurement et choix standards de types de ventilateurs : centrifuges ou pl\u00e9num.<\/li><li>Unit\u00e9s \u00e0 double conduit.<\/li><li>Peintures et finitions sp\u00e9ciales disponibles.<\/li><li>Construction pour la qualit\u00e9 d\u2019air int\u00e9rieure.<\/li><\/ul>\t\t\t\t\t\t\t\t<\/div>\n\t\t\t\t<\/div>\n\t\t\t\t<div class=\"elementor-element elementor-element-bf4189b btn-shdw elementor-align-left elementor-widget__width-auto elementor-mobile-align-justify elementor-widget elementor-widget-button\" data-id=\"bf4189b\" data-element_type=\"widget\" data-e-type=\"widget\" data-widget_type=\"button.default\">\n\t\t\t\t<div class=\"elementor-widget-container\">\n\t\t\t\t\t\t\t\t\t<div class=\"elementor-button-wrapper\">\n\t\t\t\t\t<a class=\"elementor-button elementor-button-link elementor-size-sm\" href=\"https:\/\/racan-carrier.ca\/wp-content\/uploads\/2024\/07\/racan-carrier_variable-configuration_optimaire_overview_features.pdf\" target=\"_blank\" rel=\"nofollow\">\n\t\t\t\t\t\t<span class=\"elementor-button-content-wrapper\">\n\t\t\t\t\t\t\t\t\t<span class=\"elementor-button-text\">En savoir plus<\/span>\n\t\t\t\t\t<\/span>\n\t\t\t\t\t<\/a>\n\t\t\t\t<\/div>\n\t\t\t\t\t\t\t\t<\/div>\n\t\t\t\t<\/div>\n\t\t\t\t<\/div>\n\t\t<div class=\"elementor-element elementor-element-504d0c8 e-con-full e-flex wpr-particle-no wpr-jarallax-no wpr-parallax-no wpr-sticky-section-no wpr-equal-height-no e-con e-child\" data-id=\"504d0c8\" data-element_type=\"container\" data-e-type=\"container\">\n\t\t\t\t<div class=\"elementor-element elementor-element-7da8eb9 elementor-widget elementor-widget-image-carousel\" data-id=\"7da8eb9\" data-element_type=\"widget\" data-e-type=\"widget\" data-settings=\"{&quot;slides_to_show&quot;:&quot;1&quot;,&quot;navigation&quot;:&quot;none&quot;,&quot;autoplay&quot;:&quot;yes&quot;,&quot;pause_on_hover&quot;:&quot;yes&quot;,&quot;pause_on_interaction&quot;:&quot;yes&quot;,&quot;autoplay_speed&quot;:5000,&quot;infinite&quot;:&quot;yes&quot;,&quot;effect&quot;:&quot;slide&quot;,&quot;speed&quot;:500}\" data-widget_type=\"image-carousel.default\">\n\t\t\t\t<div class=\"elementor-widget-container\">\n\t\t\t\t\t\t\t<div class=\"elementor-image-carousel-wrapper swiper\" role=\"region\" aria-roledescription=\"carousel\" aria-label=\"Image Carousel\" dir=\"ltr\">\n\t\t\t<div class=\"elementor-image-carousel swiper-wrapper\" aria-live=\"off\">\n\t\t\t\t\t\t\t\t<div class=\"swiper-slide\" role=\"group\" aria-roledescription=\"slide\" aria-label=\"1 sur 2\"><figure class=\"swiper-slide-inner\"><img decoding=\"async\" class=\"swiper-slide-image\" src=\"https:\/\/racan-carrier.ca\/wp-content\/uploads\/2024\/07\/racan-carrier_variable-configuration_optimaire_features_2.jpg\" alt=\"racan-carrier_variable-configuration_optimaire_features_2\" \/><\/figure><\/div><div class=\"swiper-slide\" role=\"group\" aria-roledescription=\"slide\" aria-label=\"2 sur 2\"><figure class=\"swiper-slide-inner\"><img decoding=\"async\" class=\"swiper-slide-image\" src=\"https:\/\/racan-carrier.ca\/wp-content\/uploads\/2024\/07\/racan-carrier_variable-configuration_optimaire_features_1.jpg\" alt=\"racan-carrier_variable-configuration_optimaire_features_1\" \/><\/figure><\/div>\t\t\t<\/div>\n\t\t\t\t\t\t\t\n\t\t\t\t\t\t\t\t\t<\/div>\n\t\t\t\t\t\t<\/div>\n\t\t\t\t<\/div>\n\t\t\t\t<\/div>\n\t\t\t\t\t<\/div>\n\t\t\t\t<\/div>\n\t\t\t\t\t<\/div>\n\t\t\t\t<\/div>\n\t\t\t\t<\/div>\n\t\t","protected":false},"excerpt":{"rendered":"<p>Attributs et options D\u00e9bit d\u2019air nominal d\u2019entre 2 000 et 100 000 PCM. Construction robuste avec panneaux \u00e9pais de 2\u201d ou 4\u201d pour applications int\u00e9rieures ou ext\u00e9rieures. Les performances acoustiques des panneaux des armoires de traitement d\u2019air sont v\u00e9rifi\u00e9es par un laboratoire ind\u00e9pendant. Unit\u00e9s disponibles en acier galvanis\u00e9, en acier inoxydable ou en aluminium, ayant des cuves perfor\u00e9es ou solides. Cuves recouverte AgION&#x2122;. Collecteurs de condensat \u00e0 versants sym\u00e9triques qui suivent le Standard 62 d\u2019ASHRAE. Les serpentins superpos\u00e9s sont mont\u00e9s sur b\u00e2ti et d\u00e9montables individuellement. L\u2019isolation des panneaux peut \u00eatre prot\u00e9g\u00e9e avec de la pellicule de conditionnement Tedlar\u00ae ou un rev\u00eatement en fibre de verre, en option. Construction modulaire pr\u00e9-assembl\u00e9e en usine. Construction \u00e0 haute pression r\u00e9sistant jusqu\u2019\u00e0 12 w.g. ayant moins de fuites que le maximum permis par le standard de fuites d\u2019air SMACNA de classe 3. Constructions avec r\u00e9sistances thermiques disponibles. Des forfaits d\u2019att\u00e9nuation sonore complets sont disponibles avec les unit\u00e9s. L\u2019isolation antivibratoire interne inclut des dispositifs de s\u00e9curit\u00e9 s\u00e9ismiques. Moteurs mont\u00e9s int\u00e9rieurement et choix standards de types de ventilateurs : centrifuges ou pl\u00e9num. Unit\u00e9s \u00e0 double conduit. Peintures et finitions sp\u00e9ciales disponibles. Construction pour la qualit\u00e9 d\u2019air int\u00e9rieure. En savoir plus<\/p>\n","protected":false},"author":1,"featured_media":0,"parent":1625,"menu_order":3,"comment_status":"closed","ping_status":"closed","template":"elementor_header_footer","meta":{"site-sidebar-layout":"no-sidebar","site-content-layout":"","ast-site-content-layout":"full-width-container","site-content-style":"default","site-sidebar-style":"default","ast-global-header-display":"","ast-banner-title-visibility":"","ast-main-header-display":"","ast-hfb-above-header-display":"","ast-hfb-below-header-display":"","ast-hfb-mobile-header-display":"","site-post-title":"disabled","ast-breadcrumbs-content":"","ast-featured-img":"disabled","footer-sml-layout":"","ast-disable-related-posts":"","theme-transparent-header-meta":"","adv-header-id-meta":"","stick-header-meta":"","header-above-stick-meta":"","header-main-stick-meta":"","header-below-stick-meta":"","astra-migrate-meta-layouts":"default","ast-page-background-enabled":"default","ast-page-background-meta":{"desktop":{"background-color":"var(--ast-global-color-4)","background-image":"","background-repeat":"repeat","background-position":"center center","background-size":"auto","background-attachment":"scroll","background-type":"","background-media":"","overlay-type":"","overlay-color":"","overlay-opacity":"","overlay-gradient":""},"tablet":{"background-color":"","background-image":"","background-repeat":"repeat","background-position":"center center","background-size":"auto","background-attachment":"scroll","background-type":"","background-media":"","overlay-type":"","overlay-color":"","overlay-opacity":"","overlay-gradient":""},"mobile":{"background-color":"","background-image":"","background-repeat":"repeat","background-position":"center center","background-size":"auto","background-attachment":"scroll","background-type":"","background-media":"","overlay-type":"","overlay-color":"","overlay-opacity":"","overlay-gradient":""}},"ast-content-background-meta":{"desktop":{"background-color":"var(--ast-global-color-5)","background-image":"","background-repeat":"repeat","background-position":"center center","background-size":"auto","background-attachment":"scroll","background-type":"","background-media":"","overlay-type":"","overlay-color":"","overlay-opacity":"","overlay-gradient":""},"tablet":{"background-color":"var(--ast-global-color-5)","background-image":"","background-repeat":"repeat","background-position":"center center","background-size":"auto","background-attachment":"scroll","background-type":"","background-media":"","overlay-type":"","overlay-color":"","overlay-opacity":"","overlay-gradient":""},"mobile":{"background-color":"var(--ast-global-color-5)","background-image":"","background-repeat":"repeat","background-position":"center center","background-size":"auto","background-attachment":"scroll","background-type":"","background-media":"","overlay-type":"","overlay-color":"","overlay-opacity":"","overlay-gradient":""}},"footnotes":""},"class_list":["post-1631","page","type-page","status-publish","hentry"],"_links":{"self":[{"href":"https:\/\/racan-carrier.ca\/fr\/wp-json\/wp\/v2\/pages\/1631","targetHints":{"allow":["GET"]}}],"collection":[{"href":"https:\/\/racan-carrier.ca\/fr\/wp-json\/wp\/v2\/pages"}],"about":[{"href":"https:\/\/racan-carrier.ca\/fr\/wp-json\/wp\/v2\/types\/page"}],"author":[{"embeddable":true,"href":"https:\/\/racan-carrier.ca\/fr\/wp-json\/wp\/v2\/users\/1"}],"replies":[{"embeddable":true,"href":"https:\/\/racan-carrier.ca\/fr\/wp-json\/wp\/v2\/comments?post=1631"}],"version-history":[{"count":4,"href":"https:\/\/racan-carrier.ca\/fr\/wp-json\/wp\/v2\/pages\/1631\/revisions"}],"predecessor-version":[{"id":2650,"href":"https:\/\/racan-carrier.ca\/fr\/wp-json\/wp\/v2\/pages\/1631\/revisions\/2650"}],"up":[{"embeddable":true,"href":"https:\/\/racan-carrier.ca\/fr\/wp-json\/wp\/v2\/pages\/1625"}],"wp:attachment":[{"href":"https:\/\/racan-carrier.ca\/fr\/wp-json\/wp\/v2\/media?parent=1631"}],"curies":[{"name":"wp","href":"https:\/\/api.w.org\/{rel}","templated":true}]}}