{"id":1635,"date":"2024-07-26T13:38:58","date_gmt":"2024-07-26T13:38:58","guid":{"rendered":"https:\/\/racan-carrier.ca\/produits\/configuration-variable-2\/options\/"},"modified":"2026-01-19T20:20:51","modified_gmt":"2026-01-19T20:20:51","slug":"options","status":"publish","type":"page","link":"https:\/\/racan-carrier.ca\/fr\/produits\/configuration-variable-2\/options\/","title":{"rendered":"Options"},"content":{"rendered":"\t\t<div data-elementor-type=\"wp-page\" data-elementor-id=\"1635\" class=\"elementor elementor-1635 elementor-811\">\n\t\t\t\t<div class=\"elementor-element elementor-element-76063e0 e-flex e-con-boxed wpr-particle-no wpr-jarallax-no wpr-parallax-no wpr-sticky-section-no wpr-equal-height-no e-con e-parent\" data-id=\"76063e0\" data-element_type=\"container\" data-e-type=\"container\" data-settings=\"{&quot;background_background&quot;:&quot;classic&quot;}\">\n\t\t\t\t\t<div class=\"e-con-inner\">\n\t\t<div class=\"elementor-element elementor-element-e6a4c60 e-flex e-con-boxed wpr-particle-no wpr-jarallax-no wpr-parallax-no wpr-sticky-section-no wpr-equal-height-no elementor-invisible e-con e-child\" data-id=\"e6a4c60\" data-element_type=\"container\" data-e-type=\"container\" data-settings=\"{&quot;background_background&quot;:&quot;classic&quot;,&quot;animation&quot;:&quot;fadeIn&quot;}\">\n\t\t\t\t\t<div class=\"e-con-inner\">\n\t\t\t\t<div class=\"elementor-element elementor-element-cfb6f8b elementor-widget elementor-widget-page-title\" data-id=\"cfb6f8b\" data-element_type=\"widget\" data-e-type=\"widget\" data-settings=\"{&quot;align&quot;:&quot;left&quot;,&quot;align_mobile&quot;:&quot;center&quot;}\" data-widget_type=\"page-title.default\">\n\t\t\t\t<div class=\"elementor-widget-container\">\n\t\t\t\t\t\t\t\n\t\t<div class=\"hfe-page-title hfe-page-title-wrapper elementor-widget-heading\">\n\n\t\t\t\t\t\t\t\t<h1 class=\"elementor-heading-title elementor-size-default\">\n\t\t\t\t\t\t\t\t\n\t\t\t\tOptions  \n\t\t\t<\/h1 > \n\t\t\t\t\t<\/div>\n\t\t\t\t\t\t<\/div>\n\t\t\t\t<\/div>\n\t\t\t\t\t<\/div>\n\t\t\t\t<\/div>\n\t\t\t\t\t<\/div>\n\t\t\t\t<\/div>\n\t\t<div class=\"elementor-element elementor-element-b589228 e-flex e-con-boxed wpr-particle-no wpr-jarallax-no wpr-parallax-no wpr-sticky-section-no wpr-equal-height-no elementor-invisible e-con e-parent\" data-id=\"b589228\" data-element_type=\"container\" data-e-type=\"container\" data-settings=\"{&quot;animation&quot;:&quot;zoomIn&quot;,&quot;background_background&quot;:&quot;classic&quot;}\">\n\t\t\t\t\t<div class=\"e-con-inner\">\n\t\t<div class=\"elementor-element elementor-element-60029bb e-flex e-con-boxed wpr-particle-no wpr-jarallax-no wpr-parallax-no wpr-sticky-section-no wpr-equal-height-no elementor-invisible e-con e-child\" data-id=\"60029bb\" data-element_type=\"container\" data-e-type=\"container\" data-settings=\"{&quot;background_background&quot;:&quot;classic&quot;,&quot;animation&quot;:&quot;fadeIn&quot;,&quot;animation_delay&quot;:500}\">\n\t\t\t\t\t<div class=\"e-con-inner\">\n\t\t<div class=\"elementor-element elementor-element-60c8d89 e-con-full e-flex wpr-particle-no wpr-jarallax-no wpr-parallax-no wpr-sticky-section-no wpr-equal-height-no e-con e-child\" data-id=\"60c8d89\" data-element_type=\"container\" data-e-type=\"container\">\n\t\t\t\t<div class=\"elementor-element elementor-element-3315ecf elementor-widget elementor-widget-heading\" data-id=\"3315ecf\" data-element_type=\"widget\" data-e-type=\"widget\" data-widget_type=\"heading.default\">\n\t\t\t\t<div class=\"elementor-widget-container\">\n\t\t\t\t\t<h3 class=\"elementor-heading-title elementor-size-default\">G\u00e9n\u00e9ral<\/h3>\t\t\t\t<\/div>\n\t\t\t\t<\/div>\n\t\t\t\t<div class=\"elementor-element elementor-element-37f7972 elementor-widget elementor-widget-text-editor\" data-id=\"37f7972\" data-element_type=\"widget\" data-e-type=\"widget\" data-widget_type=\"text-editor.default\">\n\t\t\t\t<div class=\"elementor-widget-container\">\n\t\t\t\t\t\t\t\t\t<ul><li>Type et \u00e9paisseur du m\u00e9tal en feuille<\/li><li>Plancher en t\u00f4le stri\u00e9e<\/li><li>Portes et panneaux d\u2019acc\u00e8s sur les deux c\u00f4t\u00e9s<\/li><li>Fen\u00eatres d\u2019inspection en verre dans les portes d\u2019acc\u00e8s<\/li><li>Lampes marines branch\u00e9es \u00e0 l\u2019avance aux interrupteurs sur le mur<\/li><li>Installation \u00e0 l\u2019usine des actionneurs des registres<\/li><li>Aubes des registres isol\u00e9s<\/li><li>Fini ext\u00e9rieur peint<\/li><li>Recouvrements sp\u00e9ciaux r\u00e9sistants \u00e0 la corrosion sur les surfaces internes et\/ou externes<\/li><li>Lampes UV-C<\/li><li>Test de fuites d\u2019air avec rapport \u00e9crit<\/li><li>Connections pour drain additionnels<\/li><li>Mat\u00e9riel \u00e9lectrique<\/li><li>Mat\u00e9riel pour commandes<\/li><\/ul>\t\t\t\t\t\t\t\t<\/div>\n\t\t\t\t<\/div>\n\t\t\t\t<\/div>\n\t\t<div class=\"elementor-element elementor-element-1f0b57a e-con-full e-flex wpr-particle-no wpr-jarallax-no wpr-parallax-no wpr-sticky-section-no wpr-equal-height-no e-con e-child\" data-id=\"1f0b57a\" data-element_type=\"container\" data-e-type=\"container\">\n\t\t\t\t<div class=\"elementor-element elementor-element-2435ba3 elementor-widget elementor-widget-heading\" data-id=\"2435ba3\" data-element_type=\"widget\" data-e-type=\"widget\" data-widget_type=\"heading.default\">\n\t\t\t\t<div class=\"elementor-widget-container\">\n\t\t\t\t\t<h3 class=\"elementor-heading-title elementor-size-default\">Ventilateurs<\/h3>\t\t\t\t<\/div>\n\t\t\t\t<\/div>\n\t\t\t\t<div class=\"elementor-element elementor-element-9140a80 elementor-widget elementor-widget-text-editor\" data-id=\"9140a80\" data-element_type=\"widget\" data-e-type=\"widget\" data-widget_type=\"text-editor.default\">\n\t\t\t\t<div class=\"elementor-widget-container\">\n\t\t\t\t\t\t\t\t\t<ul>\n<li>HRoulements \u00e0 caisson divis\u00e9 robuste ayant une dur\u00e9e de vie minimale (L-50) de 400 000 heures<\/li>\n<li>Gardes-courroie standard ou OSHA<\/li>\n<li>Grillages \u00e0 l\u2019entr\u00e9e ou a la sortie des ventilateurs<\/li>\n<li>Enceintes de protection pour les ventilateurs des pl\u00e9nums<\/li>\n<li>Recouvrements sp\u00e9ciaux<\/li>\n<li>Moteurs: TEFC, \u00e0 haut rendement, \u00e0 deux vitesses, pour entra\u00eenement \u00e0 vitesse variable, etc.<\/li>\n<li>Entra\u00eenement \u00e0 fr\u00e9quence variable<\/li>\n<li>Massifs anti-vibrations<\/li>\n<li>Canalisation de lubrification \u00e9tendue afin de lubrifier les deux roulements d\u2019un c\u00f4t\u00e9 de l\u2019ext\u00e9rieur de l\u2019enveloppe de l\u2019unit\u00e9<\/li>\n<\/ul>\n\t\t\t\t\t\t\t\t<\/div>\n\t\t\t\t<\/div>\n\t\t\t\t<\/div>\n\t\t<div class=\"elementor-element elementor-element-4c64596 e-con-full e-flex wpr-particle-no wpr-jarallax-no wpr-parallax-no wpr-sticky-section-no wpr-equal-height-no e-con e-child\" data-id=\"4c64596\" data-element_type=\"container\" data-e-type=\"container\">\n\t\t\t\t<div class=\"elementor-element elementor-element-b425c11 elementor-widget elementor-widget-heading\" data-id=\"b425c11\" data-element_type=\"widget\" data-e-type=\"widget\" data-widget_type=\"heading.default\">\n\t\t\t\t<div class=\"elementor-widget-container\">\n\t\t\t\t\t<h3 class=\"elementor-heading-title elementor-size-default\">Serpentins<\/h3>\t\t\t\t<\/div>\n\t\t\t\t<\/div>\n\t\t\t\t<div class=\"elementor-element elementor-element-5e46905 elementor-widget elementor-widget-text-editor\" data-id=\"5e46905\" data-element_type=\"widget\" data-e-type=\"widget\" data-widget_type=\"text-editor.default\">\n\t\t\t\t<div class=\"elementor-widget-container\">\n\t\t\t\t\t\t\t\t\t<ul>\n<li>Mat\u00e9riaux pour ailettes, tubes et bo\u00eetiers de serpentin<\/li>\n<li>\u00c9paisseur et espacement des ailettes<\/li>\n<li>\u00c9paisseur des murs des tubes<\/li>\n<li>Recouvrements sp\u00e9ciaux r\u00e9sistants \u00e0 la corrosion<\/li>\n<li>Mat\u00e9riaux pour le raccordement des tuyaux<\/li>\n<\/ul>\n\t\t\t\t\t\t\t\t<\/div>\n\t\t\t\t<\/div>\n\t\t\t\t<\/div>\n\t\t\t\t\t<\/div>\n\t\t\t\t<\/div>\n\t\t\t\t\t<\/div>\n\t\t\t\t<\/div>\n\t\t\t\t<\/div>\n\t\t","protected":false},"excerpt":{"rendered":"<p>Options G\u00e9n\u00e9ral Type et \u00e9paisseur du m\u00e9tal en feuille Plancher en t\u00f4le stri\u00e9e Portes et panneaux d\u2019acc\u00e8s sur les deux c\u00f4t\u00e9s Fen\u00eatres d\u2019inspection en verre dans les portes d\u2019acc\u00e8s Lampes marines branch\u00e9es \u00e0 l\u2019avance aux interrupteurs sur le mur Installation \u00e0 l\u2019usine des actionneurs des registres Aubes des registres isol\u00e9s Fini ext\u00e9rieur peint Recouvrements sp\u00e9ciaux r\u00e9sistants \u00e0 la corrosion sur les surfaces internes et\/ou externes Lampes UV-C Test de fuites d\u2019air avec rapport \u00e9crit Connections pour drain additionnels Mat\u00e9riel \u00e9lectrique Mat\u00e9riel pour commandes Ventilateurs HRoulements \u00e0 caisson divis\u00e9 robuste ayant une dur\u00e9e de vie minimale (L-50) de 400 000 heures Gardes-courroie standard ou OSHA Grillages \u00e0 l\u2019entr\u00e9e ou a la sortie des ventilateurs Enceintes de protection pour les ventilateurs des pl\u00e9nums Recouvrements sp\u00e9ciaux Moteurs: TEFC, \u00e0 haut rendement, \u00e0 deux vitesses, pour entra\u00eenement \u00e0 vitesse variable, etc. Entra\u00eenement \u00e0 fr\u00e9quence variable Massifs anti-vibrations Canalisation de lubrification \u00e9tendue afin de lubrifier les deux roulements d\u2019un c\u00f4t\u00e9 de l\u2019ext\u00e9rieur de l\u2019enveloppe de l\u2019unit\u00e9 Serpentins Mat\u00e9riaux pour ailettes, tubes et bo\u00eetiers de serpentin \u00c9paisseur et espacement des ailettes \u00c9paisseur des murs des tubes Recouvrements sp\u00e9ciaux r\u00e9sistants \u00e0 la corrosion Mat\u00e9riaux pour le raccordement des tuyaux<\/p>\n","protected":false},"author":1,"featured_media":0,"parent":1625,"menu_order":6,"comment_status":"closed","ping_status":"closed","template":"elementor_header_footer","meta":{"site-sidebar-layout":"no-sidebar","site-content-layout":"","ast-site-content-layout":"full-width-container","site-content-style":"default","site-sidebar-style":"default","ast-global-header-display":"","ast-banner-title-visibility":"","ast-main-header-display":"","ast-hfb-above-header-display":"","ast-hfb-below-header-display":"","ast-hfb-mobile-header-display":"","site-post-title":"disabled","ast-breadcrumbs-content":"","ast-featured-img":"disabled","footer-sml-layout":"","ast-disable-related-posts":"","theme-transparent-header-meta":"","adv-header-id-meta":"","stick-header-meta":"","header-above-stick-meta":"","header-main-stick-meta":"","header-below-stick-meta":"","astra-migrate-meta-layouts":"default","ast-page-background-enabled":"default","ast-page-background-meta":{"desktop":{"background-color":"var(--ast-global-color-4)","background-image":"","background-repeat":"repeat","background-position":"center center","background-size":"auto","background-attachment":"scroll","background-type":"","background-media":"","overlay-type":"","overlay-color":"","overlay-opacity":"","overlay-gradient":""},"tablet":{"background-color":"","background-image":"","background-repeat":"repeat","background-position":"center center","background-size":"auto","background-attachment":"scroll","background-type":"","background-media":"","overlay-type":"","overlay-color":"","overlay-opacity":"","overlay-gradient":""},"mobile":{"background-color":"","background-image":"","background-repeat":"repeat","background-position":"center center","background-size":"auto","background-attachment":"scroll","background-type":"","background-media":"","overlay-type":"","overlay-color":"","overlay-opacity":"","overlay-gradient":""}},"ast-content-background-meta":{"desktop":{"background-color":"var(--ast-global-color-5)","background-image":"","background-repeat":"repeat","background-position":"center center","background-size":"auto","background-attachment":"scroll","background-type":"","background-media":"","overlay-type":"","overlay-color":"","overlay-opacity":"","overlay-gradient":""},"tablet":{"background-color":"var(--ast-global-color-5)","background-image":"","background-repeat":"repeat","background-position":"center center","background-size":"auto","background-attachment":"scroll","background-type":"","background-media":"","overlay-type":"","overlay-color":"","overlay-opacity":"","overlay-gradient":""},"mobile":{"background-color":"var(--ast-global-color-5)","background-image":"","background-repeat":"repeat","background-position":"center center","background-size":"auto","background-attachment":"scroll","background-type":"","background-media":"","overlay-type":"","overlay-color":"","overlay-opacity":"","overlay-gradient":""}},"footnotes":""},"class_list":["post-1635","page","type-page","status-publish","hentry"],"_links":{"self":[{"href":"https:\/\/racan-carrier.ca\/fr\/wp-json\/wp\/v2\/pages\/1635","targetHints":{"allow":["GET"]}}],"collection":[{"href":"https:\/\/racan-carrier.ca\/fr\/wp-json\/wp\/v2\/pages"}],"about":[{"href":"https:\/\/racan-carrier.ca\/fr\/wp-json\/wp\/v2\/types\/page"}],"author":[{"embeddable":true,"href":"https:\/\/racan-carrier.ca\/fr\/wp-json\/wp\/v2\/users\/1"}],"replies":[{"embeddable":true,"href":"https:\/\/racan-carrier.ca\/fr\/wp-json\/wp\/v2\/comments?post=1635"}],"version-history":[{"count":4,"href":"https:\/\/racan-carrier.ca\/fr\/wp-json\/wp\/v2\/pages\/1635\/revisions"}],"predecessor-version":[{"id":2629,"href":"https:\/\/racan-carrier.ca\/fr\/wp-json\/wp\/v2\/pages\/1635\/revisions\/2629"}],"up":[{"embeddable":true,"href":"https:\/\/racan-carrier.ca\/fr\/wp-json\/wp\/v2\/pages\/1625"}],"wp:attachment":[{"href":"https:\/\/racan-carrier.ca\/fr\/wp-json\/wp\/v2\/media?parent=1635"}],"curies":[{"name":"wp","href":"https:\/\/api.w.org\/{rel}","templated":true}]}}