{"id":1637,"date":"2024-07-25T19:32:20","date_gmt":"2024-07-25T19:32:20","guid":{"rendered":"https:\/\/racan-carrier.ca\/produits\/unite-modulaire\/"},"modified":"2024-08-06T20:21:34","modified_gmt":"2024-08-06T20:21:34","slug":"unite-modulaire","status":"publish","type":"page","link":"https:\/\/racan-carrier.ca\/fr\/produits\/unite-modulaire\/","title":{"rendered":"Unit\u00e9 modulaire"},"content":{"rendered":"\t\t<div data-elementor-type=\"wp-page\" data-elementor-id=\"1637\" class=\"elementor elementor-1637 elementor-551\">\n\t\t\t\t<div class=\"elementor-element elementor-element-a407c5b e-flex e-con-boxed wpr-particle-no wpr-jarallax-no wpr-parallax-no wpr-sticky-section-no wpr-equal-height-no e-con e-parent\" data-id=\"a407c5b\" data-element_type=\"container\" data-e-type=\"container\" data-settings=\"{&quot;background_background&quot;:&quot;classic&quot;}\">\n\t\t\t\t\t<div class=\"e-con-inner\">\n\t\t<div class=\"elementor-element elementor-element-eb4213f e-flex e-con-boxed wpr-particle-no wpr-jarallax-no wpr-parallax-no wpr-sticky-section-no wpr-equal-height-no elementor-invisible e-con e-child\" data-id=\"eb4213f\" data-element_type=\"container\" data-e-type=\"container\" data-settings=\"{&quot;background_background&quot;:&quot;classic&quot;,&quot;animation&quot;:&quot;fadeIn&quot;}\">\n\t\t\t\t\t<div class=\"e-con-inner\">\n\t\t\t\t<div class=\"elementor-element elementor-element-13e494b elementor-widget elementor-widget-page-title\" data-id=\"13e494b\" data-element_type=\"widget\" data-e-type=\"widget\" data-settings=\"{&quot;align&quot;:&quot;left&quot;,&quot;align_mobile&quot;:&quot;left&quot;}\" data-widget_type=\"page-title.default\">\n\t\t\t\t<div class=\"elementor-widget-container\">\n\t\t\t\t\t\t\t\n\t\t<div class=\"hfe-page-title hfe-page-title-wrapper elementor-widget-heading\">\n\n\t\t\t\t\t\t\t\t<h1 class=\"elementor-heading-title elementor-size-default\">\n\t\t\t\t\t\t\t\t\n\t\t\t\tUnit\u00e9 modulaire  \n\t\t\t<\/h1 > \n\t\t\t\t\t<\/div>\n\t\t\t\t\t\t<\/div>\n\t\t\t\t<\/div>\n\t\t\t\t\t<\/div>\n\t\t\t\t<\/div>\n\t\t\t\t\t<\/div>\n\t\t\t\t<\/div>\n\t\t<div class=\"elementor-element elementor-element-c8efd7e e-flex e-con-boxed wpr-particle-no wpr-jarallax-no wpr-parallax-no wpr-sticky-section-no wpr-equal-height-no elementor-invisible e-con e-parent\" data-id=\"c8efd7e\" data-element_type=\"container\" data-e-type=\"container\" data-settings=\"{&quot;animation&quot;:&quot;zoomIn&quot;,&quot;background_background&quot;:&quot;classic&quot;}\">\n\t\t\t\t\t<div class=\"e-con-inner\">\n\t\t<div class=\"elementor-element elementor-element-70337f2 e-flex e-con-boxed wpr-particle-no wpr-jarallax-no wpr-parallax-no wpr-sticky-section-no wpr-equal-height-no elementor-invisible e-con e-child\" data-id=\"70337f2\" data-element_type=\"container\" data-e-type=\"container\" data-settings=\"{&quot;background_background&quot;:&quot;classic&quot;,&quot;animation&quot;:&quot;fadeIn&quot;,&quot;animation_delay&quot;:500}\">\n\t\t\t\t\t<div class=\"e-con-inner\">\n\t\t<div class=\"elementor-element elementor-element-ba07300 e-con-full e-flex wpr-particle-no wpr-jarallax-no wpr-parallax-no wpr-sticky-section-no wpr-equal-height-no e-con e-child\" data-id=\"ba07300\" data-element_type=\"container\" data-e-type=\"container\">\n\t\t\t\t<div class=\"elementor-element elementor-element-18cfa5a elementor-widget elementor-widget-image\" data-id=\"18cfa5a\" data-element_type=\"widget\" data-e-type=\"widget\" data-widget_type=\"image.default\">\n\t\t\t\t<div class=\"elementor-widget-container\">\n\t\t\t\t\t\t\t\t\t\t\t\t\t\t\t<img fetchpriority=\"high\" decoding=\"async\" width=\"1920\" height=\"2560\" src=\"https:\/\/racan-carrier.ca\/wp-content\/uploads\/2024\/07\/racan-carrier_modular-knock-down-scaled.jpg\" class=\"attachment-full size-full wp-image-1467\" alt=\"\" srcset=\"https:\/\/racan-carrier.ca\/wp-content\/uploads\/2024\/07\/racan-carrier_modular-knock-down-scaled.jpg 1920w, https:\/\/racan-carrier.ca\/wp-content\/uploads\/2024\/07\/racan-carrier_modular-knock-down-225x300.jpg 225w, https:\/\/racan-carrier.ca\/wp-content\/uploads\/2024\/07\/racan-carrier_modular-knock-down-768x1024.jpg 768w, https:\/\/racan-carrier.ca\/wp-content\/uploads\/2024\/07\/racan-carrier_modular-knock-down-1152x1536.jpg 1152w, https:\/\/racan-carrier.ca\/wp-content\/uploads\/2024\/07\/racan-carrier_modular-knock-down-1536x2048.jpg 1536w\" sizes=\"(max-width: 1920px) 100vw, 1920px\" \/>\t\t\t\t\t\t\t\t\t\t\t\t\t\t\t<\/div>\n\t\t\t\t<\/div>\n\t\t\t\t<\/div>\n\t\t<div class=\"elementor-element elementor-element-5a8b4bf e-con-full e-flex wpr-particle-no wpr-jarallax-no wpr-parallax-no wpr-sticky-section-no wpr-equal-height-no e-con e-child\" data-id=\"5a8b4bf\" data-element_type=\"container\" data-e-type=\"container\">\n\t\t\t\t<div class=\"elementor-element elementor-element-3b71fef elementor-widget elementor-widget-text-editor\" data-id=\"3b71fef\" data-element_type=\"widget\" data-e-type=\"widget\" data-widget_type=\"text-editor.default\">\n\t\t\t\t<div class=\"elementor-widget-container\">\n\t\t\t\t\t\t\t\t\t<p>Conceptions enti\u00e8rement personnalis\u00e9es pour les installations ext\u00e9rieures n\u00e9cessitant un d\u00e9bit d&rsquo;air important. Les unit\u00e9s sont livr\u00e9es d\u00e9mont\u00e9es pour un assemblage complet sur site sous la direction de nos experts en usine.<\/p>\n\t\t\t\t\t\t\t\t<\/div>\n\t\t\t\t<\/div>\n\t\t\t\t<div class=\"elementor-element elementor-element-98ab95b elementor-widget elementor-widget-text-editor\" data-id=\"98ab95b\" data-element_type=\"widget\" data-e-type=\"widget\" data-widget_type=\"text-editor.default\">\n\t\t\t\t<div class=\"elementor-widget-container\">\n\t\t\t\t\t\t\t\t\t<ul>\n<li>Unit\u00e9s construites en usine<\/li>\n<li>De 2 000 \u00e0 100 000 CFM ou plus<\/li>\n<li>Applications int\u00e9rieures et ext\u00e9rieures<\/li>\n<li>2\u2033 et 4\u2033 double mur<\/li>\n<li>Max. les pressions de fonctionnement :\n<ul>\n<li>Murs de 2\u2033 : 8 po. w.g.<\/li>\n<li>Murs de 4\u2033 : 12 po. w.g.<\/li>\n<\/ul>\n<\/li>\n<li>Taux de fuite d&rsquo;air :<\/li>\n<li>Moins de 1 %<\/li>\n<li>Doublures : perfor\u00e9es ou pleines<\/li>\n<li>Galvanis\u00e9, aluminium, acier inoxydable\n<ul>\n<li>1 1\/2, 2 1\/2, 4 1\/2 LB\/FT3 isolation<\/li>\n<\/ul>\n<\/li>\n<li>Doublure en Tedlar\u00ae IAQ.<\/li>\n<li>Options de soufflerie :\n<ul>\n<li>DWDI ou SWSI centrifuge<\/li>\n<li>Pl\u00e9num<\/li>\n<li>Centrifuge<\/li>\n<li>En ligne<\/li>\n<li>Axiale : r\u00e9glable et contr\u00f4lable<\/li>\n<li>Deux ventilateurs<\/li>\n<li>2\u2033 d\u00e9flexion isolation interne<\/li>\n<\/ul>\n<\/li>\n<li>Conception dimensionnelle flexible<\/li>\n<li>Supervision de l&rsquo;usine<\/li>\n<\/ul>\n\t\t\t\t\t\t\t\t<\/div>\n\t\t\t\t<\/div>\n\t\t\t\t<\/div>\n\t\t\t\t\t<\/div>\n\t\t\t\t<\/div>\n\t\t\t\t\t<\/div>\n\t\t\t\t<\/div>\n\t\t\t\t<\/div>\n\t\t","protected":false},"excerpt":{"rendered":"<p>Conceptions enti\u00e8rement personnalis\u00e9es pour les installations ext\u00e9rieures n\u00e9cessitant un d\u00e9bit d&rsquo;air important. Les unit\u00e9s sont livr\u00e9es d\u00e9mont\u00e9es pour un assemblage complet sur site sous la direction de nos experts en usine. Unit\u00e9s construites en usine De 2 000 \u00e0 100 000 CFM ou plus Applications int\u00e9rieures et ext\u00e9rieures 2\u2033 et 4\u2033 double mur Max. les pressions de fonctionnement : Murs de 2\u2033 : 8 po. w.g. Murs de 4\u2033 : 12 po. w.g. Taux de fuite d&rsquo;air : Moins de 1 % Doublures : perfor\u00e9es ou pleines Galvanis\u00e9, aluminium, acier inoxydable 1 1\/2, 2 1\/2, 4 1\/2 LB\/FT3 isolation Doublure en Tedlar\u00ae IAQ. Options de soufflerie : DWDI ou SWSI centrifuge Pl\u00e9num Centrifuge En ligne Axiale : r\u00e9glable et contr\u00f4lable Deux ventilateurs 2\u2033 d\u00e9flexion isolation interne Conception dimensionnelle flexible Supervision de l&rsquo;usine<\/p>\n","protected":false},"author":1,"featured_media":0,"parent":1624,"menu_order":3,"comment_status":"closed","ping_status":"closed","template":"elementor_header_footer","meta":{"site-sidebar-layout":"no-sidebar","site-content-layout":"","ast-site-content-layout":"full-width-container","site-content-style":"default","site-sidebar-style":"default","ast-global-header-display":"","ast-banner-title-visibility":"","ast-main-header-display":"","ast-hfb-above-header-display":"","ast-hfb-below-header-display":"","ast-hfb-mobile-header-display":"","site-post-title":"disabled","ast-breadcrumbs-content":"","ast-featured-img":"disabled","footer-sml-layout":"","ast-disable-related-posts":"","theme-transparent-header-meta":"","adv-header-id-meta":"","stick-header-meta":"","header-above-stick-meta":"","header-main-stick-meta":"","header-below-stick-meta":"","astra-migrate-meta-layouts":"default","ast-page-background-enabled":"default","ast-page-background-meta":{"desktop":{"background-color":"var(--ast-global-color-4)","background-image":"","background-repeat":"repeat","background-position":"center center","background-size":"auto","background-attachment":"scroll","background-type":"","background-media":"","overlay-type":"","overlay-color":"","overlay-opacity":"","overlay-gradient":""},"tablet":{"background-color":"","background-image":"","background-repeat":"repeat","background-position":"center center","background-size":"auto","background-attachment":"scroll","background-type":"","background-media":"","overlay-type":"","overlay-color":"","overlay-opacity":"","overlay-gradient":""},"mobile":{"background-color":"","background-image":"","background-repeat":"repeat","background-position":"center center","background-size":"auto","background-attachment":"scroll","background-type":"","background-media":"","overlay-type":"","overlay-color":"","overlay-opacity":"","overlay-gradient":""}},"ast-content-background-meta":{"desktop":{"background-color":"var(--ast-global-color-5)","background-image":"","background-repeat":"repeat","background-position":"center center","background-size":"auto","background-attachment":"scroll","background-type":"","background-media":"","overlay-type":"","overlay-color":"","overlay-opacity":"","overlay-gradient":""},"tablet":{"background-color":"var(--ast-global-color-5)","background-image":"","background-repeat":"repeat","background-position":"center center","background-size":"auto","background-attachment":"scroll","background-type":"","background-media":"","overlay-type":"","overlay-color":"","overlay-opacity":"","overlay-gradient":""},"mobile":{"background-color":"var(--ast-global-color-5)","background-image":"","background-repeat":"repeat","background-position":"center center","background-size":"auto","background-attachment":"scroll","background-type":"","background-media":"","overlay-type":"","overlay-color":"","overlay-opacity":"","overlay-gradient":""}},"footnotes":""},"class_list":["post-1637","page","type-page","status-publish","hentry"],"_links":{"self":[{"href":"https:\/\/racan-carrier.ca\/fr\/wp-json\/wp\/v2\/pages\/1637","targetHints":{"allow":["GET"]}}],"collection":[{"href":"https:\/\/racan-carrier.ca\/fr\/wp-json\/wp\/v2\/pages"}],"about":[{"href":"https:\/\/racan-carrier.ca\/fr\/wp-json\/wp\/v2\/types\/page"}],"author":[{"embeddable":true,"href":"https:\/\/racan-carrier.ca\/fr\/wp-json\/wp\/v2\/users\/1"}],"replies":[{"embeddable":true,"href":"https:\/\/racan-carrier.ca\/fr\/wp-json\/wp\/v2\/comments?post=1637"}],"version-history":[{"count":1,"href":"https:\/\/racan-carrier.ca\/fr\/wp-json\/wp\/v2\/pages\/1637\/revisions"}],"predecessor-version":[{"id":1638,"href":"https:\/\/racan-carrier.ca\/fr\/wp-json\/wp\/v2\/pages\/1637\/revisions\/1638"}],"up":[{"embeddable":true,"href":"https:\/\/racan-carrier.ca\/fr\/wp-json\/wp\/v2\/pages\/1624"}],"wp:attachment":[{"href":"https:\/\/racan-carrier.ca\/fr\/wp-json\/wp\/v2\/media?parent=1637"}],"curies":[{"name":"wp","href":"https:\/\/api.w.org\/{rel}","templated":true}]}}