{"id":1643,"date":"2024-07-26T19:09:47","date_gmt":"2024-07-26T19:09:47","guid":{"rendered":"https:\/\/racan-carrier.ca\/produits\/performance-acoustique\/"},"modified":"2026-01-19T20:28:59","modified_gmt":"2026-01-19T20:28:59","slug":"performance-acoustique","status":"publish","type":"page","link":"https:\/\/racan-carrier.ca\/fr\/produits\/performance-acoustique\/","title":{"rendered":"Performance acoustique"},"content":{"rendered":"\t\t<div data-elementor-type=\"wp-page\" data-elementor-id=\"1643\" class=\"elementor elementor-1643 elementor-829\">\n\t\t\t\t<div class=\"elementor-element elementor-element-b79e5ba e-flex e-con-boxed wpr-particle-no wpr-jarallax-no wpr-parallax-no wpr-sticky-section-no wpr-equal-height-no e-con e-parent\" data-id=\"b79e5ba\" data-element_type=\"container\" data-e-type=\"container\" data-settings=\"{&quot;background_background&quot;:&quot;classic&quot;}\">\n\t\t\t\t\t<div class=\"e-con-inner\">\n\t\t<div class=\"elementor-element elementor-element-5408959 e-flex e-con-boxed wpr-particle-no wpr-jarallax-no wpr-parallax-no wpr-sticky-section-no wpr-equal-height-no elementor-invisible e-con e-child\" data-id=\"5408959\" data-element_type=\"container\" data-e-type=\"container\" data-settings=\"{&quot;background_background&quot;:&quot;classic&quot;,&quot;animation&quot;:&quot;fadeIn&quot;}\">\n\t\t\t\t\t<div class=\"e-con-inner\">\n\t\t\t\t<div class=\"elementor-element elementor-element-490c115 elementor-widget elementor-widget-page-title\" data-id=\"490c115\" data-element_type=\"widget\" data-e-type=\"widget\" data-settings=\"{&quot;align&quot;:&quot;left&quot;,&quot;align_mobile&quot;:&quot;center&quot;}\" data-widget_type=\"page-title.default\">\n\t\t\t\t<div class=\"elementor-widget-container\">\n\t\t\t\t\t\t\t\n\t\t<div class=\"hfe-page-title hfe-page-title-wrapper elementor-widget-heading\">\n\n\t\t\t\t\t\t\t\t<h1 class=\"elementor-heading-title elementor-size-default\">\n\t\t\t\t\t\t\t\t\n\t\t\t\tPerformance acoustique  \n\t\t\t<\/h1 > \n\t\t\t\t\t<\/div>\n\t\t\t\t\t\t<\/div>\n\t\t\t\t<\/div>\n\t\t\t\t\t<\/div>\n\t\t\t\t<\/div>\n\t\t\t\t\t<\/div>\n\t\t\t\t<\/div>\n\t\t<div class=\"elementor-element elementor-element-4744c1b e-flex e-con-boxed wpr-particle-no wpr-jarallax-no wpr-parallax-no wpr-sticky-section-no wpr-equal-height-no elementor-invisible e-con e-parent\" data-id=\"4744c1b\" data-element_type=\"container\" data-e-type=\"container\" data-settings=\"{&quot;animation&quot;:&quot;zoomIn&quot;,&quot;background_background&quot;:&quot;classic&quot;}\">\n\t\t\t\t\t<div class=\"e-con-inner\">\n\t\t<div class=\"elementor-element elementor-element-0de6053 e-flex e-con-boxed wpr-particle-no wpr-jarallax-no wpr-parallax-no wpr-sticky-section-no wpr-equal-height-no elementor-invisible e-con e-child\" data-id=\"0de6053\" data-element_type=\"container\" data-e-type=\"container\" data-settings=\"{&quot;background_background&quot;:&quot;classic&quot;,&quot;animation&quot;:&quot;fadeIn&quot;,&quot;animation_delay&quot;:500}\">\n\t\t\t\t\t<div class=\"e-con-inner\">\n\t\t\t\t<div class=\"elementor-element elementor-element-3efa84e elementor-widget elementor-widget-text-editor\" data-id=\"3efa84e\" data-element_type=\"widget\" data-e-type=\"widget\" data-widget_type=\"text-editor.default\">\n\t\t\t\t<div class=\"elementor-widget-container\">\n\t\t\t\t\t\t\t\t\t<p>Donn\u00e9es techniques \u2013 armoires de traitement d\u2019air Acoustair\u00ae<\/p>\n\t\t\t\t\t\t\t\t<\/div>\n\t\t\t\t<\/div>\n\t\t\t\t\t<\/div>\n\t\t\t\t<\/div>\n\t\t\t\t\t<\/div>\n\t\t\t\t<\/div>\n\t\t<div class=\"elementor-element elementor-element-63ef228 e-flex e-con-boxed wpr-particle-no wpr-jarallax-no wpr-parallax-no wpr-sticky-section-no wpr-equal-height-no elementor-invisible e-con e-parent\" data-id=\"63ef228\" data-element_type=\"container\" data-e-type=\"container\" data-settings=\"{&quot;animation&quot;:&quot;zoomIn&quot;,&quot;background_background&quot;:&quot;classic&quot;}\">\n\t\t\t\t\t<div class=\"e-con-inner\">\n\t\t<div class=\"elementor-element elementor-element-d72de35 e-flex e-con-boxed wpr-particle-no wpr-jarallax-no wpr-parallax-no wpr-sticky-section-no wpr-equal-height-no elementor-invisible e-con e-child\" data-id=\"d72de35\" data-element_type=\"container\" data-e-type=\"container\" data-settings=\"{&quot;background_background&quot;:&quot;classic&quot;,&quot;animation&quot;:&quot;fadeIn&quot;,&quot;animation_delay&quot;:500}\">\n\t\t\t\t\t<div class=\"e-con-inner\">\n\t\t<div class=\"elementor-element elementor-element-37a38f0 e-con-full e-flex wpr-particle-no wpr-jarallax-no wpr-parallax-no wpr-sticky-section-no wpr-equal-height-no e-con e-child\" data-id=\"37a38f0\" data-element_type=\"container\" data-e-type=\"container\">\n\t\t\t\t<div class=\"elementor-element elementor-element-db91247 elementor-widget elementor-widget-image\" data-id=\"db91247\" data-element_type=\"widget\" data-e-type=\"widget\" data-widget_type=\"image.default\">\n\t\t\t\t<div class=\"elementor-widget-container\">\n\t\t\t\t\t\t\t\t\t\t\t\t\t\t\t<img fetchpriority=\"high\" decoding=\"async\" width=\"300\" height=\"460\" src=\"https:\/\/racan-carrier.ca\/wp-content\/uploads\/2024\/07\/racan-carrier_variable-configuration_acoustair.jpg\" class=\"attachment-full size-full wp-image-1499\" alt=\"\" srcset=\"https:\/\/racan-carrier.ca\/wp-content\/uploads\/2024\/07\/racan-carrier_variable-configuration_acoustair.jpg 300w, https:\/\/racan-carrier.ca\/wp-content\/uploads\/2024\/07\/racan-carrier_variable-configuration_acoustair-196x300.jpg 196w\" sizes=\"(max-width: 300px) 100vw, 300px\" \/>\t\t\t\t\t\t\t\t\t\t\t\t\t\t\t<\/div>\n\t\t\t\t<\/div>\n\t\t\t\t<\/div>\n\t\t<div class=\"elementor-element elementor-element-99ea02e e-con-full e-flex wpr-particle-no wpr-jarallax-no wpr-parallax-no wpr-sticky-section-no wpr-equal-height-no e-con e-child\" data-id=\"99ea02e\" data-element_type=\"container\" data-e-type=\"container\">\n\t\t\t\t<div class=\"elementor-element elementor-element-886bc19 elementor-widget elementor-widget-heading\" data-id=\"886bc19\" data-element_type=\"widget\" data-e-type=\"widget\" data-widget_type=\"heading.default\">\n\t\t\t\t<div class=\"elementor-widget-container\">\n\t\t\t\t\t<h2 class=\"elementor-heading-title elementor-size-default\">Attributs\/Avantages<\/h2>\t\t\t\t<\/div>\n\t\t\t\t<\/div>\n\t\t\t\t<div class=\"elementor-element elementor-element-b8ddcd5 elementor-widget elementor-widget-text-editor\" data-id=\"b8ddcd5\" data-element_type=\"widget\" data-e-type=\"widget\" data-widget_type=\"text-editor.default\">\n\t\t\t\t<div class=\"elementor-widget-container\">\n\t\t\t\t\t\t\t\t\t<ul>\n \t<li>Construction robuste avec panneaux \u00e9pais de 2\u201d ou 4\u201d pour applications int\u00e9rieures ou ext\u00e9rieures<\/li>\n \t<li>Les performances acoustiques des panneaux des armoires de traitement d\u2019air sont v\u00e9rifi\u00e9es par un laboratoire ind\u00e9pendant<\/li>\n \t<li>Les unit\u00e9s peuvent \u00eatre construites en acier galvanis\u00e9, en acier inoxydable ou en aluminium, avec des cuves solides ou perfor\u00e9es<\/li>\n \t<li>Cuves rev\u00eatues AgION<sup>TM<\/sup> disponibles<\/li>\n \t<li>Collecteurs de condensat \u00e0 versants sym\u00e9triques qui suivent le Standard 62 d\u2019ASHRAE<\/li>\n \t<li>Les serpentins superpos\u00e9s sont mont\u00e9s sur b\u00e2ti et d\u00e9montables individuellement<\/li>\n \t<li>L\u2019isolation des panneaux peut \u00eatre prot\u00e9g\u00e9e avec de la pellicule de conditionnement Tedlar\u00ae en option<\/li>\n \t<li>Construction \u00e0 haute pression r\u00e9sistant jusqu\u2019\u00e0 10 w.g. ayant moins de fuites que le maximum permis par le standard de fuites d\u2019air SMACNA de classe 3 et\/ou moins de 1% du d\u00e9bit d\u2019air nominal<\/li>\n \t<li>Assurance de la qualit\u00e9 ISO 9001: 2008<\/li>\n<\/ul>\t\t\t\t\t\t\t\t<\/div>\n\t\t\t\t<\/div>\n\t\t\t\t<\/div>\n\t\t\t\t\t<\/div>\n\t\t\t\t<\/div>\n\t\t\t\t\t<\/div>\n\t\t\t\t<\/div>\n\t\t\t\t<\/div>\n\t\t","protected":false},"excerpt":{"rendered":"<p>Performance acoustique Donn\u00e9es techniques \u2013 armoires de traitement d\u2019air Acoustair\u00ae Attributs\/Avantages Construction robuste avec panneaux \u00e9pais de 2\u201d ou 4\u201d pour applications int\u00e9rieures ou ext\u00e9rieures Les performances acoustiques des panneaux des armoires de traitement d\u2019air sont v\u00e9rifi\u00e9es par un laboratoire ind\u00e9pendant Les unit\u00e9s peuvent \u00eatre construites en acier galvanis\u00e9, en acier inoxydable ou en aluminium, avec des cuves solides ou perfor\u00e9es Cuves rev\u00eatues AgIONTM disponibles Collecteurs de condensat \u00e0 versants sym\u00e9triques qui suivent le Standard 62 d\u2019ASHRAE Les serpentins superpos\u00e9s sont mont\u00e9s sur b\u00e2ti et d\u00e9montables individuellement L\u2019isolation des panneaux peut \u00eatre prot\u00e9g\u00e9e avec de la pellicule de conditionnement Tedlar\u00ae en option Construction \u00e0 haute pression r\u00e9sistant jusqu\u2019\u00e0 10 w.g. ayant moins de fuites que le maximum permis par le standard de fuites d\u2019air SMACNA de classe 3 et\/ou moins de 1% du d\u00e9bit d\u2019air nominal Assurance de la qualit\u00e9 ISO 9001: 2008<\/p>\n","protected":false},"author":1,"featured_media":0,"parent":1624,"menu_order":2,"comment_status":"closed","ping_status":"closed","template":"elementor_header_footer","meta":{"site-sidebar-layout":"no-sidebar","site-content-layout":"","ast-site-content-layout":"full-width-container","site-content-style":"default","site-sidebar-style":"default","ast-global-header-display":"","ast-banner-title-visibility":"","ast-main-header-display":"","ast-hfb-above-header-display":"","ast-hfb-below-header-display":"","ast-hfb-mobile-header-display":"","site-post-title":"disabled","ast-breadcrumbs-content":"","ast-featured-img":"disabled","footer-sml-layout":"","ast-disable-related-posts":"","theme-transparent-header-meta":"","adv-header-id-meta":"","stick-header-meta":"","header-above-stick-meta":"","header-main-stick-meta":"","header-below-stick-meta":"","astra-migrate-meta-layouts":"default","ast-page-background-enabled":"default","ast-page-background-meta":{"desktop":{"background-color":"var(--ast-global-color-4)","background-image":"","background-repeat":"repeat","background-position":"center center","background-size":"auto","background-attachment":"scroll","background-type":"","background-media":"","overlay-type":"","overlay-color":"","overlay-opacity":"","overlay-gradient":""},"tablet":{"background-color":"","background-image":"","background-repeat":"repeat","background-position":"center center","background-size":"auto","background-attachment":"scroll","background-type":"","background-media":"","overlay-type":"","overlay-color":"","overlay-opacity":"","overlay-gradient":""},"mobile":{"background-color":"","background-image":"","background-repeat":"repeat","background-position":"center center","background-size":"auto","background-attachment":"scroll","background-type":"","background-media":"","overlay-type":"","overlay-color":"","overlay-opacity":"","overlay-gradient":""}},"ast-content-background-meta":{"desktop":{"background-color":"var(--ast-global-color-5)","background-image":"","background-repeat":"repeat","background-position":"center center","background-size":"auto","background-attachment":"scroll","background-type":"","background-media":"","overlay-type":"","overlay-color":"","overlay-opacity":"","overlay-gradient":""},"tablet":{"background-color":"var(--ast-global-color-5)","background-image":"","background-repeat":"repeat","background-position":"center center","background-size":"auto","background-attachment":"scroll","background-type":"","background-media":"","overlay-type":"","overlay-color":"","overlay-opacity":"","overlay-gradient":""},"mobile":{"background-color":"var(--ast-global-color-5)","background-image":"","background-repeat":"repeat","background-position":"center center","background-size":"auto","background-attachment":"scroll","background-type":"","background-media":"","overlay-type":"","overlay-color":"","overlay-opacity":"","overlay-gradient":""}},"footnotes":""},"class_list":["post-1643","page","type-page","status-publish","hentry"],"_links":{"self":[{"href":"https:\/\/racan-carrier.ca\/fr\/wp-json\/wp\/v2\/pages\/1643","targetHints":{"allow":["GET"]}}],"collection":[{"href":"https:\/\/racan-carrier.ca\/fr\/wp-json\/wp\/v2\/pages"}],"about":[{"href":"https:\/\/racan-carrier.ca\/fr\/wp-json\/wp\/v2\/types\/page"}],"author":[{"embeddable":true,"href":"https:\/\/racan-carrier.ca\/fr\/wp-json\/wp\/v2\/users\/1"}],"replies":[{"embeddable":true,"href":"https:\/\/racan-carrier.ca\/fr\/wp-json\/wp\/v2\/comments?post=1643"}],"version-history":[{"count":4,"href":"https:\/\/racan-carrier.ca\/fr\/wp-json\/wp\/v2\/pages\/1643\/revisions"}],"predecessor-version":[{"id":2647,"href":"https:\/\/racan-carrier.ca\/fr\/wp-json\/wp\/v2\/pages\/1643\/revisions\/2647"}],"up":[{"embeddable":true,"href":"https:\/\/racan-carrier.ca\/fr\/wp-json\/wp\/v2\/pages\/1624"}],"wp:attachment":[{"href":"https:\/\/racan-carrier.ca\/fr\/wp-json\/wp\/v2\/media?parent=1643"}],"curies":[{"name":"wp","href":"https:\/\/api.w.org\/{rel}","templated":true}]}}