{"id":1645,"date":"2024-07-26T19:13:19","date_gmt":"2024-07-26T19:13:19","guid":{"rendered":"https:\/\/racan-carrier.ca\/produits\/performance-acoustique\/sommaire\/"},"modified":"2024-08-07T15:06:42","modified_gmt":"2024-08-07T15:06:42","slug":"sommaire","status":"publish","type":"page","link":"https:\/\/racan-carrier.ca\/fr\/produits\/performance-acoustique\/sommaire\/","title":{"rendered":"Sommaire"},"content":{"rendered":"\t\t<div data-elementor-type=\"wp-page\" data-elementor-id=\"1645\" class=\"elementor elementor-1645 elementor-839\">\n\t\t\t\t<div class=\"elementor-element elementor-element-4776ace e-flex e-con-boxed wpr-particle-no wpr-jarallax-no wpr-parallax-no wpr-sticky-section-no wpr-equal-height-no e-con e-parent\" data-id=\"4776ace\" data-element_type=\"container\" data-e-type=\"container\" data-settings=\"{&quot;background_background&quot;:&quot;classic&quot;}\">\n\t\t\t\t\t<div class=\"e-con-inner\">\n\t\t<div class=\"elementor-element elementor-element-3c4e203 e-flex e-con-boxed wpr-particle-no wpr-jarallax-no wpr-parallax-no wpr-sticky-section-no wpr-equal-height-no elementor-invisible e-con e-child\" data-id=\"3c4e203\" data-element_type=\"container\" data-e-type=\"container\" data-settings=\"{&quot;background_background&quot;:&quot;classic&quot;,&quot;animation&quot;:&quot;fadeIn&quot;}\">\n\t\t\t\t\t<div class=\"e-con-inner\">\n\t\t\t\t<div class=\"elementor-element elementor-element-9f3a8fc elementor-widget elementor-widget-page-title\" data-id=\"9f3a8fc\" data-element_type=\"widget\" data-e-type=\"widget\" data-settings=\"{&quot;align&quot;:&quot;left&quot;,&quot;align_mobile&quot;:&quot;left&quot;}\" data-widget_type=\"page-title.default\">\n\t\t\t\t<div class=\"elementor-widget-container\">\n\t\t\t\t\t\t\t\n\t\t<div class=\"hfe-page-title hfe-page-title-wrapper elementor-widget-heading\">\n\n\t\t\t\t\t\t\t\t<h1 class=\"elementor-heading-title elementor-size-default\">\n\t\t\t\t\t\t\t\t\n\t\t\t\tSommaire  \n\t\t\t<\/h1 > \n\t\t\t\t\t<\/div>\n\t\t\t\t\t\t<\/div>\n\t\t\t\t<\/div>\n\t\t\t\t\t<\/div>\n\t\t\t\t<\/div>\n\t\t\t\t\t<\/div>\n\t\t\t\t<\/div>\n\t\t<div class=\"elementor-element elementor-element-0a161c7 e-flex e-con-boxed wpr-particle-no wpr-jarallax-no wpr-parallax-no wpr-sticky-section-no wpr-equal-height-no elementor-invisible e-con e-parent\" data-id=\"0a161c7\" data-element_type=\"container\" data-e-type=\"container\" data-settings=\"{&quot;animation&quot;:&quot;zoomIn&quot;,&quot;background_background&quot;:&quot;classic&quot;}\">\n\t\t\t\t\t<div class=\"e-con-inner\">\n\t\t<div class=\"elementor-element elementor-element-67c1903 e-flex e-con-boxed wpr-particle-no wpr-jarallax-no wpr-parallax-no wpr-sticky-section-no wpr-equal-height-no elementor-invisible e-con e-child\" data-id=\"67c1903\" data-element_type=\"container\" data-e-type=\"container\" data-settings=\"{&quot;background_background&quot;:&quot;classic&quot;,&quot;animation&quot;:&quot;fadeIn&quot;,&quot;animation_delay&quot;:500}\">\n\t\t\t\t\t<div class=\"e-con-inner\">\n\t\t<div class=\"elementor-element elementor-element-20dbf69 e-con-full e-flex wpr-particle-no wpr-jarallax-no wpr-parallax-no wpr-sticky-section-no wpr-equal-height-no e-con e-child\" data-id=\"20dbf69\" data-element_type=\"container\" data-e-type=\"container\">\n\t\t\t\t<div class=\"elementor-element elementor-element-e97d395 elementor-widget elementor-widget-image\" data-id=\"e97d395\" data-element_type=\"widget\" data-e-type=\"widget\" data-widget_type=\"image.default\">\n\t\t\t\t<div class=\"elementor-widget-container\">\n\t\t\t\t\t\t\t\t\t\t\t\t\t\t\t<img fetchpriority=\"high\" decoding=\"async\" width=\"500\" height=\"422\" src=\"https:\/\/racan-carrier.ca\/wp-content\/uploads\/2024\/07\/racan-carrier_variable-configuration_acoustair_summary.jpg\" class=\"attachment-full size-full wp-image-1500\" alt=\"\" srcset=\"https:\/\/racan-carrier.ca\/wp-content\/uploads\/2024\/07\/racan-carrier_variable-configuration_acoustair_summary.jpg 500w, https:\/\/racan-carrier.ca\/wp-content\/uploads\/2024\/07\/racan-carrier_variable-configuration_acoustair_summary-300x253.jpg 300w\" sizes=\"(max-width: 500px) 100vw, 500px\" \/>\t\t\t\t\t\t\t\t\t\t\t\t\t\t\t<\/div>\n\t\t\t\t<\/div>\n\t\t\t\t<\/div>\n\t\t<div class=\"elementor-element elementor-element-190a37a e-con-full e-flex wpr-particle-no wpr-jarallax-no wpr-parallax-no wpr-sticky-section-no wpr-equal-height-no e-con e-child\" data-id=\"190a37a\" data-element_type=\"container\" data-e-type=\"container\">\n\t\t\t\t<div class=\"elementor-element elementor-element-6926d37 elementor-widget elementor-widget-heading\" data-id=\"6926d37\" data-element_type=\"widget\" data-e-type=\"widget\" data-widget_type=\"heading.default\">\n\t\t\t\t<div class=\"elementor-widget-container\">\n\t\t\t\t\t<h3 class=\"elementor-heading-title elementor-size-default\">Plus de 35 ans d\u2019exp\u00e9rience solide en traitement de l\u2019air<\/h3>\t\t\t\t<\/div>\n\t\t\t\t<\/div>\n\t\t\t\t<div class=\"elementor-element elementor-element-9ca120d elementor-widget elementor-widget-text-editor\" data-id=\"9ca120d\" data-element_type=\"widget\" data-e-type=\"widget\" data-widget_type=\"text-editor.default\">\n\t\t\t\t<div class=\"elementor-widget-container\">\n\t\t\t\t\t\t\t\t\t<p>Racan Carrier est fier d\u2019\u00e9tablir les normes de l\u2019industrie du traitement de l\u2019air depuis 1971. Au cours des ann\u00e9es, la compagnie est devenue un fournisseur de niveau international de syst\u00e8mes de traitement de l\u2019air fabriqu\u00e9s sur mesure pour des clients commerciaux, institutionnels et industriels. <\/p>\n<p>Les attributs du design des armoires de traitement d\u2019air Racan Carrier entra\u00eenent une flexibilit\u00e9 maximale. Les unit\u00e9s consistent de diverses sections modulaires pr\u00e9con\u00e7ues pouvant \u00eatre adapt\u00e9es \u00e0 des exigences sp\u00e9cifiques. Afin d\u2019assurer un assemblage modulaire pr\u00e9cis et un produit de qualit\u00e9 sup\u00e9rieure, les armoires peuvent \u00eatre enti\u00e8rement assembl\u00e9es \u00e0 l\u2019usine, exp\u00e9di\u00e9e en plusieurs sections ou en pi\u00e8ces d\u00e9tach\u00e9es. Les cabinets sont disponibles avec des murs doubles \u00e9pais de 2\u2033 ou 4\u2033 et avec des cuves solides ou perfor\u00e9es.   <\/p>\n<p>La ligne ACOUSTAIR\u00ae offre le choix ultime en mati\u00e8re de rigidit\u00e9 structurale, de performances acoustiques et d\u2019\u00e9tanch\u00e9it\u00e9 \u00e0 l\u2019air. Toutes les sections peuvent \u00eatre assembl\u00e9es en usine sur une base unie et de pleine longueur pour que chaque unit\u00e9 puisse \u00eatre lev\u00e9e et install\u00e9e en tant que pi\u00e8ce unique. <\/p>\n<p>Les armoires de traitement d\u2019air \u00e0 base unie sont d\u2019une qualit\u00e9 de produit optimale et r\u00e9duisent le travail requis sur le chantier. Dans les cas d\u2019espaces serr\u00e9s au chantier ou de travaux dans un \u00e9difice existant, Racan Carrier offre des armoires de traitement d\u2019air en pi\u00e8ces d\u00e9tach\u00e9es con\u00e7ues sp\u00e9cialement pour des chantiers \u00e0 acc\u00e8s limit\u00e9. Afin de faciliter le processus de r\u00e9assemblage, des dessins d\u00e9taill\u00e9s, des instructions et des trousses d\u2019assemblage sont fournis.  <\/p>\n<p>Le design modulaire de Racan Carrier permet le regroupement de modules en accessoire pour que leur longueur soit approximativement l\u00e0 m\u00eame que la section du ventilateur. Cette m\u00e9thode modulaire entra\u00eene la r\u00e9duction du nombre de joints au chantier et la quantit\u00e9 de travail qui y est associ\u00e9e. <\/p>\n<p>Ce catalogue comprend les dimensions physiques, les poids et d\u2019autres donn\u00e9es techniques. Racan Carrier se r\u00e9serve le droit d\u2019effectuer des changements au design et \u00e0 la construction de ses \u00e9quipements \u00e0 tout moment et sans pr\u00e9avis. <\/p>\n\t\t\t\t\t\t\t\t<\/div>\n\t\t\t\t<\/div>\n\t\t\t\t<\/div>\n\t\t\t\t\t<\/div>\n\t\t\t\t<\/div>\n\t\t\t\t\t<\/div>\n\t\t\t\t<\/div>\n\t\t\t\t<\/div>\n\t\t","protected":false},"excerpt":{"rendered":"<p>Plus de 35 ans d\u2019exp\u00e9rience solide en traitement de l\u2019air Racan Carrier est fier d\u2019\u00e9tablir les normes de l\u2019industrie du traitement de l\u2019air depuis 1971. Au cours des ann\u00e9es, la compagnie est devenue un fournisseur de niveau international de syst\u00e8mes de traitement de l\u2019air fabriqu\u00e9s sur mesure pour des clients commerciaux, institutionnels et industriels. Les attributs du design des armoires de traitement d\u2019air Racan Carrier entra\u00eenent une flexibilit\u00e9 maximale. Les unit\u00e9s consistent de diverses sections modulaires pr\u00e9con\u00e7ues pouvant \u00eatre adapt\u00e9es \u00e0 des exigences sp\u00e9cifiques. Afin d\u2019assurer un assemblage modulaire pr\u00e9cis et un produit de qualit\u00e9 sup\u00e9rieure, les armoires peuvent \u00eatre enti\u00e8rement assembl\u00e9es \u00e0 l\u2019usine, exp\u00e9di\u00e9e en plusieurs sections ou en pi\u00e8ces d\u00e9tach\u00e9es. Les cabinets sont disponibles avec des murs doubles \u00e9pais de 2\u2033 ou 4\u2033 et avec des cuves solides ou perfor\u00e9es. La ligne ACOUSTAIR\u00ae offre le choix ultime en mati\u00e8re de rigidit\u00e9 structurale, de performances acoustiques et d\u2019\u00e9tanch\u00e9it\u00e9 \u00e0 l\u2019air. Toutes les sections peuvent \u00eatre assembl\u00e9es en usine sur une base unie et de pleine longueur pour que chaque unit\u00e9 puisse \u00eatre lev\u00e9e et install\u00e9e en tant que pi\u00e8ce unique. Les armoires de traitement d\u2019air \u00e0 base unie sont d\u2019une qualit\u00e9 de produit optimale et r\u00e9duisent le travail requis sur le chantier. Dans les cas d\u2019espaces serr\u00e9s au chantier ou de travaux dans un \u00e9difice existant, Racan Carrier offre des armoires de traitement d\u2019air en pi\u00e8ces d\u00e9tach\u00e9es con\u00e7ues sp\u00e9cialement pour des chantiers \u00e0 acc\u00e8s limit\u00e9. Afin de faciliter le processus de r\u00e9assemblage, des dessins d\u00e9taill\u00e9s, des instructions et des trousses d\u2019assemblage sont fournis. Le design modulaire de Racan Carrier permet le regroupement de modules en accessoire pour que leur longueur soit approximativement l\u00e0 m\u00eame que la section du ventilateur. Cette m\u00e9thode modulaire entra\u00eene la r\u00e9duction du nombre de joints au chantier et la quantit\u00e9 de travail qui y est associ\u00e9e. Ce catalogue comprend les dimensions physiques, les poids et d\u2019autres donn\u00e9es techniques. Racan Carrier se r\u00e9serve le droit d\u2019effectuer des changements au design et \u00e0 la construction de ses \u00e9quipements \u00e0 tout moment et sans pr\u00e9avis.<\/p>\n","protected":false},"author":1,"featured_media":0,"parent":1643,"menu_order":1,"comment_status":"closed","ping_status":"closed","template":"elementor_header_footer","meta":{"site-sidebar-layout":"no-sidebar","site-content-layout":"","ast-site-content-layout":"full-width-container","site-content-style":"default","site-sidebar-style":"default","ast-global-header-display":"","ast-banner-title-visibility":"","ast-main-header-display":"","ast-hfb-above-header-display":"","ast-hfb-below-header-display":"","ast-hfb-mobile-header-display":"","site-post-title":"disabled","ast-breadcrumbs-content":"","ast-featured-img":"disabled","footer-sml-layout":"","ast-disable-related-posts":"","theme-transparent-header-meta":"","adv-header-id-meta":"","stick-header-meta":"","header-above-stick-meta":"","header-main-stick-meta":"","header-below-stick-meta":"","astra-migrate-meta-layouts":"default","ast-page-background-enabled":"default","ast-page-background-meta":{"desktop":{"background-color":"var(--ast-global-color-4)","background-image":"","background-repeat":"repeat","background-position":"center center","background-size":"auto","background-attachment":"scroll","background-type":"","background-media":"","overlay-type":"","overlay-color":"","overlay-opacity":"","overlay-gradient":""},"tablet":{"background-color":"","background-image":"","background-repeat":"repeat","background-position":"center center","background-size":"auto","background-attachment":"scroll","background-type":"","background-media":"","overlay-type":"","overlay-color":"","overlay-opacity":"","overlay-gradient":""},"mobile":{"background-color":"","background-image":"","background-repeat":"repeat","background-position":"center center","background-size":"auto","background-attachment":"scroll","background-type":"","background-media":"","overlay-type":"","overlay-color":"","overlay-opacity":"","overlay-gradient":""}},"ast-content-background-meta":{"desktop":{"background-color":"var(--ast-global-color-5)","background-image":"","background-repeat":"repeat","background-position":"center center","background-size":"auto","background-attachment":"scroll","background-type":"","background-media":"","overlay-type":"","overlay-color":"","overlay-opacity":"","overlay-gradient":""},"tablet":{"background-color":"var(--ast-global-color-5)","background-image":"","background-repeat":"repeat","background-position":"center center","background-size":"auto","background-attachment":"scroll","background-type":"","background-media":"","overlay-type":"","overlay-color":"","overlay-opacity":"","overlay-gradient":""},"mobile":{"background-color":"var(--ast-global-color-5)","background-image":"","background-repeat":"repeat","background-position":"center center","background-size":"auto","background-attachment":"scroll","background-type":"","background-media":"","overlay-type":"","overlay-color":"","overlay-opacity":"","overlay-gradient":""}},"footnotes":""},"class_list":["post-1645","page","type-page","status-publish","hentry"],"_links":{"self":[{"href":"https:\/\/racan-carrier.ca\/fr\/wp-json\/wp\/v2\/pages\/1645","targetHints":{"allow":["GET"]}}],"collection":[{"href":"https:\/\/racan-carrier.ca\/fr\/wp-json\/wp\/v2\/pages"}],"about":[{"href":"https:\/\/racan-carrier.ca\/fr\/wp-json\/wp\/v2\/types\/page"}],"author":[{"embeddable":true,"href":"https:\/\/racan-carrier.ca\/fr\/wp-json\/wp\/v2\/users\/1"}],"replies":[{"embeddable":true,"href":"https:\/\/racan-carrier.ca\/fr\/wp-json\/wp\/v2\/comments?post=1645"}],"version-history":[{"count":1,"href":"https:\/\/racan-carrier.ca\/fr\/wp-json\/wp\/v2\/pages\/1645\/revisions"}],"predecessor-version":[{"id":1646,"href":"https:\/\/racan-carrier.ca\/fr\/wp-json\/wp\/v2\/pages\/1645\/revisions\/1646"}],"up":[{"embeddable":true,"href":"https:\/\/racan-carrier.ca\/fr\/wp-json\/wp\/v2\/pages\/1643"}],"wp:attachment":[{"href":"https:\/\/racan-carrier.ca\/fr\/wp-json\/wp\/v2\/media?parent=1645"}],"curies":[{"name":"wp","href":"https:\/\/api.w.org\/{rel}","templated":true}]}}