{"id":1649,"date":"2024-07-26T19:24:19","date_gmt":"2024-07-26T19:24:19","guid":{"rendered":"https:\/\/racan-carrier.ca\/produits\/performance-acoustique\/construction-exterieure\/"},"modified":"2024-08-07T15:38:04","modified_gmt":"2024-08-07T15:38:04","slug":"construction-exterieure","status":"publish","type":"page","link":"https:\/\/racan-carrier.ca\/fr\/produits\/performance-acoustique\/construction-exterieure\/","title":{"rendered":"Construction ext\u00e9rieure"},"content":{"rendered":"\t\t<div data-elementor-type=\"wp-page\" data-elementor-id=\"1649\" class=\"elementor elementor-1649 elementor-859\">\n\t\t\t\t<div class=\"elementor-element elementor-element-c246182 e-flex e-con-boxed wpr-particle-no wpr-jarallax-no wpr-parallax-no wpr-sticky-section-no wpr-equal-height-no e-con e-parent\" data-id=\"c246182\" data-element_type=\"container\" data-e-type=\"container\" data-settings=\"{&quot;background_background&quot;:&quot;classic&quot;}\">\n\t\t\t\t\t<div class=\"e-con-inner\">\n\t\t<div class=\"elementor-element elementor-element-081d7b8 e-flex e-con-boxed wpr-particle-no wpr-jarallax-no wpr-parallax-no wpr-sticky-section-no wpr-equal-height-no elementor-invisible e-con e-child\" data-id=\"081d7b8\" data-element_type=\"container\" data-e-type=\"container\" data-settings=\"{&quot;background_background&quot;:&quot;classic&quot;,&quot;animation&quot;:&quot;fadeIn&quot;}\">\n\t\t\t\t\t<div class=\"e-con-inner\">\n\t\t\t\t<div class=\"elementor-element elementor-element-d492e23 elementor-widget elementor-widget-page-title\" data-id=\"d492e23\" data-element_type=\"widget\" data-e-type=\"widget\" data-settings=\"{&quot;align&quot;:&quot;left&quot;,&quot;align_mobile&quot;:&quot;left&quot;}\" data-widget_type=\"page-title.default\">\n\t\t\t\t<div class=\"elementor-widget-container\">\n\t\t\t\t\t\t\t\n\t\t<div class=\"hfe-page-title hfe-page-title-wrapper elementor-widget-heading\">\n\n\t\t\t\t\t\t\t\t<h1 class=\"elementor-heading-title elementor-size-default\">\n\t\t\t\t\t\t\t\t\n\t\t\t\tConstruction ext\u00e9rieure  \n\t\t\t<\/h1 > \n\t\t\t\t\t<\/div>\n\t\t\t\t\t\t<\/div>\n\t\t\t\t<\/div>\n\t\t\t\t\t<\/div>\n\t\t\t\t<\/div>\n\t\t\t\t\t<\/div>\n\t\t\t\t<\/div>\n\t\t<div class=\"elementor-element elementor-element-55b3b86 e-flex e-con-boxed wpr-particle-no wpr-jarallax-no wpr-parallax-no wpr-sticky-section-no wpr-equal-height-no elementor-invisible e-con e-parent\" data-id=\"55b3b86\" data-element_type=\"container\" data-e-type=\"container\" data-settings=\"{&quot;animation&quot;:&quot;zoomIn&quot;,&quot;background_background&quot;:&quot;classic&quot;}\">\n\t\t\t\t\t<div class=\"e-con-inner\">\n\t\t<div class=\"elementor-element elementor-element-e5d5b40 e-flex e-con-boxed wpr-particle-no wpr-jarallax-no wpr-parallax-no wpr-sticky-section-no wpr-equal-height-no elementor-invisible e-con e-child\" data-id=\"e5d5b40\" data-element_type=\"container\" data-e-type=\"container\" data-settings=\"{&quot;background_background&quot;:&quot;classic&quot;,&quot;animation&quot;:&quot;fadeIn&quot;,&quot;animation_delay&quot;:500}\">\n\t\t\t\t\t<div class=\"e-con-inner\">\n\t\t\t\t<div class=\"elementor-element elementor-element-0852fd7 elementor-widget elementor-widget-text-editor\" data-id=\"0852fd7\" data-element_type=\"widget\" data-e-type=\"widget\" data-widget_type=\"text-editor.default\">\n\t\t\t\t<div class=\"elementor-widget-container\">\n\t\t\t\t\t\t\t\t\t<p>Toutes nos sections int\u00e9rieures sont disponibles dans les armoires de traitement d\u2019air mont\u00e9es sur toit. De plus, des \u00e9conomiseurs ext\u00e9rieurs d\u00e9di\u00e9s sont aussi disponibles. <\/p>\n<p>Des efforts suppl\u00e9mentaires ont \u00e9t\u00e9 entrepris afin d\u2019assurer l\u2019\u00e9tanch\u00e9it\u00e9 de l\u2019unit\u00e9, incluant l\u2019int\u00e9gration de toits inclin\u00e9s, de vis avec joints statiques, de goutti\u00e8res, et autres. Toutes les surfaces ext\u00e9rieures sont recouvertes d\u2019un copolym\u00e8re en polyur\u00e9thane industriel. <\/p>\n\t\t\t\t\t\t\t\t<\/div>\n\t\t\t\t<\/div>\n\t\t\t\t\t<\/div>\n\t\t\t\t<\/div>\n\t\t\t\t\t<\/div>\n\t\t\t\t<\/div>\n\t\t<div class=\"elementor-element elementor-element-9fbe5bc e-flex e-con-boxed wpr-particle-no wpr-jarallax-no wpr-parallax-no wpr-sticky-section-no wpr-equal-height-no elementor-invisible e-con e-parent\" data-id=\"9fbe5bc\" data-element_type=\"container\" data-e-type=\"container\" data-settings=\"{&quot;animation&quot;:&quot;zoomIn&quot;,&quot;background_background&quot;:&quot;classic&quot;}\">\n\t\t\t\t\t<div class=\"e-con-inner\">\n\t\t<div class=\"elementor-element elementor-element-3ec2d64 e-flex e-con-boxed wpr-particle-no wpr-jarallax-no wpr-parallax-no wpr-sticky-section-no wpr-equal-height-no elementor-invisible e-con e-child\" data-id=\"3ec2d64\" data-element_type=\"container\" data-e-type=\"container\" data-settings=\"{&quot;background_background&quot;:&quot;classic&quot;,&quot;animation&quot;:&quot;fadeIn&quot;,&quot;animation_delay&quot;:500}\">\n\t\t\t\t\t<div class=\"e-con-inner\">\n\t\t<div class=\"elementor-element elementor-element-f5624ee e-con-full e-flex wpr-particle-no wpr-jarallax-no wpr-parallax-no wpr-sticky-section-no wpr-equal-height-no e-con e-child\" data-id=\"f5624ee\" data-element_type=\"container\" data-e-type=\"container\">\n\t\t\t\t<div class=\"elementor-element elementor-element-a3755e1 elementor-widget elementor-widget-heading\" data-id=\"a3755e1\" data-element_type=\"widget\" data-e-type=\"widget\" data-widget_type=\"heading.default\">\n\t\t\t\t<div class=\"elementor-widget-container\">\n\t\t\t\t\t<h3 class=\"elementor-heading-title elementor-size-default\">Toit<\/h3>\t\t\t\t<\/div>\n\t\t\t\t<\/div>\n\t\t\t\t<div class=\"elementor-element elementor-element-d3ebf10 elementor-widget elementor-widget-text-editor\" data-id=\"d3ebf10\" data-element_type=\"widget\" data-e-type=\"widget\" data-widget_type=\"text-editor.default\">\n\t\t\t\t<div class=\"elementor-widget-container\">\n\t\t\t\t\t\t\t\t\t<p>Les panneaux des toits des unit\u00e9s ext\u00e9rieures sont scell\u00e9s m\u00e9caniquement par agrafage prot\u00e9g\u00e9 sur bords relev\u00e9s. Les couvre-joints sont rabattus et fix\u00e9s sur les deux c\u00f4t\u00e9s et ont des profils amincis afin de permettre le ruissellement des eaux. Le toit est inclin\u00e9 d\u2019un minimum de \u00bc de po. \/pi. afin d\u2019assurer le ruissellement des eaux et de la neige. Le syst\u00e8me du toit a \u00e9t\u00e9 con\u00e7u pour supporter une charge de neige de 30 lb. \/ pi.car.<\/p>\n\t\t\t\t\t\t\t\t<\/div>\n\t\t\t\t<\/div>\n\t\t\t\t<div class=\"elementor-element elementor-element-4905cc1 elementor-widget elementor-widget-heading\" data-id=\"4905cc1\" data-element_type=\"widget\" data-e-type=\"widget\" data-widget_type=\"heading.default\">\n\t\t\t\t<div class=\"elementor-widget-container\">\n\t\t\t\t\t<h3 class=\"elementor-heading-title elementor-size-default\">Muret du toit<\/h3>\t\t\t\t<\/div>\n\t\t\t\t<\/div>\n\t\t\t\t<div class=\"elementor-element elementor-element-54ba40e elementor-widget elementor-widget-text-editor\" data-id=\"54ba40e\" data-element_type=\"widget\" data-e-type=\"widget\" data-widget_type=\"text-editor.default\">\n\t\t\t\t<div class=\"elementor-widget-container\">\n\t\t\t\t\t\t\t\t\t<p>Les murets du toit sont construits et assembl\u00e9s en sections et boulonn\u00e9s au chantier. Les murets sont construits en acier galvanis\u00e9 de forte \u00e9paisseur. Les bandes pour cloueurs, le calfeutrement, l\u2019isolation et le contre-solin doivent \u00eatre fournis et install\u00e9s par l\u2019entrepreneur.  <\/p>\n\t\t\t\t\t\t\t\t<\/div>\n\t\t\t\t<\/div>\n\t\t\t\t<div class=\"elementor-element elementor-element-17d40bc elementor-widget elementor-widget-heading\" data-id=\"17d40bc\" data-element_type=\"widget\" data-e-type=\"widget\" data-widget_type=\"heading.default\">\n\t\t\t\t<div class=\"elementor-widget-container\">\n\t\t\t\t\t<h3 class=\"elementor-heading-title elementor-size-default\">\u00c9conomiseur ext\u00e9rieur<\/h3>\t\t\t\t<\/div>\n\t\t\t\t<\/div>\n\t\t\t\t<div class=\"elementor-element elementor-element-df23948 elementor-widget elementor-widget-text-editor\" data-id=\"df23948\" data-element_type=\"widget\" data-e-type=\"widget\" data-widget_type=\"text-editor.default\">\n\t\t\t\t<div class=\"elementor-widget-container\">\n\t\t\t\t\t\t\t\t\t<p>Cette section permet de moduler les volumes d\u2019air frais, de retour et \u00e9vacu\u00e9. Le design est illustr\u00e9 \u00e0 la figure 30. Entrez en contact avec votre repr\u00e9sentant Racan Carrier pour discuter d\u2019autres possibilit\u00e9s de disposition des \u00e9conomiseurs.  <\/p>\n<p>L\u2019entr\u00e9e d\u2019air frais comporte un grillage aviaire, tel est le standard. Quand la vitesse frontale est sujet de pr\u00e9occupations, des filtres d\u2019aluminium \u00e9liminateurs d\u2019humidit\u00e9 peuvent \u00eatre fournis en option. Les sections d\u2019\u00e9vacuation lat\u00e9rale comportent des registres motoris\u00e9s et des hottes \u00e0 \u00e9vacuation sur la partie ext\u00e9rieure. Des registres de m\u00e9lange \u00e0 faibles fuites sont fournis avec l\u2019unit\u00e9.   <\/p>\n\t\t\t\t\t\t\t\t<\/div>\n\t\t\t\t<\/div>\n\t\t\t\t<div class=\"elementor-element elementor-element-0c06a16 elementor-widget elementor-widget-heading\" data-id=\"0c06a16\" data-element_type=\"widget\" data-e-type=\"widget\" data-widget_type=\"heading.default\">\n\t\t\t\t<div class=\"elementor-widget-container\">\n\t\t\t\t\t<h3 class=\"elementor-heading-title elementor-size-default\">Unit\u00e9s de toit-terrasse<\/h3>\t\t\t\t<\/div>\n\t\t\t\t<\/div>\n\t\t\t\t<div class=\"elementor-element elementor-element-1e9bced elementor-widget elementor-widget-text-editor\" data-id=\"1e9bced\" data-element_type=\"widget\" data-e-type=\"widget\" data-widget_type=\"text-editor.default\">\n\t\t\t\t<div class=\"elementor-widget-container\">\n\t\t\t\t\t\t\t\t\t<p>Des unit\u00e9s sp\u00e9ciales pour les toits-terrasses sont disponibles avec des vestibules de service complets. La conception de l&rsquo;\u00e9conomiseur pour ces types d&rsquo;unit\u00e9s est personnalis\u00e9e et adapt\u00e9e aux exigences sp\u00e9cifiques du projet. <\/p>\n<p>Le pr\u00e9-tuyautage en usine, l&rsquo;installation de l&rsquo;\u00e9quipement de contr\u00f4le et le c\u00e2blage haute tension peuvent \u00eatre fournis.<\/p>\n\t\t\t\t\t\t\t\t<\/div>\n\t\t\t\t<\/div>\n\t\t\t\t<div class=\"elementor-element elementor-element-9fa5e05 elementor-widget elementor-widget-image\" data-id=\"9fa5e05\" data-element_type=\"widget\" data-e-type=\"widget\" data-widget_type=\"image.default\">\n\t\t\t\t<div class=\"elementor-widget-container\">\n\t\t\t\t\t\t\t\t\t\t\t\t\t\t\t<img decoding=\"async\" width=\"224\" height=\"147\" src=\"https:\/\/racan-carrier.ca\/wp-content\/uploads\/2024\/07\/acoustair_outdoor_construct-1.jpg\" class=\"attachment-large size-large wp-image-1501\" alt=\"\" \/>\t\t\t\t\t\t\t\t\t\t\t\t\t\t\t<\/div>\n\t\t\t\t<\/div>\n\t\t\t\t<\/div>\n\t\t<div class=\"elementor-element elementor-element-de01dcf e-con-full e-flex wpr-particle-no wpr-jarallax-no wpr-parallax-no wpr-sticky-section-no wpr-equal-height-no e-con e-child\" data-id=\"de01dcf\" data-element_type=\"container\" data-e-type=\"container\">\n\t\t\t\t<div class=\"elementor-element elementor-element-59ff9d7 elementor-widget elementor-widget-image\" data-id=\"59ff9d7\" data-element_type=\"widget\" data-e-type=\"widget\" data-widget_type=\"image.default\">\n\t\t\t\t<div class=\"elementor-widget-container\">\n\t\t\t\t\t\t\t\t\t\t\t\t\t\t\t<img fetchpriority=\"high\" decoding=\"async\" width=\"2448\" height=\"2448\" src=\"https:\/\/racan-carrier.ca\/wp-content\/uploads\/2024\/07\/acoustic-performance.jpg\" class=\"attachment-full size-full wp-image-1502\" alt=\"\" srcset=\"https:\/\/racan-carrier.ca\/wp-content\/uploads\/2024\/07\/acoustic-performance.jpg 2448w, https:\/\/racan-carrier.ca\/wp-content\/uploads\/2024\/07\/acoustic-performance-300x300.jpg 300w, https:\/\/racan-carrier.ca\/wp-content\/uploads\/2024\/07\/acoustic-performance-1024x1024.jpg 1024w, https:\/\/racan-carrier.ca\/wp-content\/uploads\/2024\/07\/acoustic-performance-150x150.jpg 150w, https:\/\/racan-carrier.ca\/wp-content\/uploads\/2024\/07\/acoustic-performance-768x768.jpg 768w, https:\/\/racan-carrier.ca\/wp-content\/uploads\/2024\/07\/acoustic-performance-1536x1536.jpg 1536w, https:\/\/racan-carrier.ca\/wp-content\/uploads\/2024\/07\/acoustic-performance-2048x2048.jpg 2048w\" sizes=\"(max-width: 2448px) 100vw, 2448px\" \/>\t\t\t\t\t\t\t\t\t\t\t\t\t\t\t<\/div>\n\t\t\t\t<\/div>\n\t\t\t\t<\/div>\n\t\t\t\t\t<\/div>\n\t\t\t\t<\/div>\n\t\t\t\t\t<\/div>\n\t\t\t\t<\/div>\n\t\t\t\t<\/div>\n\t\t","protected":false},"excerpt":{"rendered":"<p>Toutes nos sections int\u00e9rieures sont disponibles dans les armoires de traitement d\u2019air mont\u00e9es sur toit. De plus, des \u00e9conomiseurs ext\u00e9rieurs d\u00e9di\u00e9s sont aussi disponibles. Des efforts suppl\u00e9mentaires ont \u00e9t\u00e9 entrepris afin d\u2019assurer l\u2019\u00e9tanch\u00e9it\u00e9 de l\u2019unit\u00e9, incluant l\u2019int\u00e9gration de toits inclin\u00e9s, de vis avec joints statiques, de goutti\u00e8res, et autres. Toutes les surfaces ext\u00e9rieures sont recouvertes d\u2019un copolym\u00e8re en polyur\u00e9thane industriel. Toit Les panneaux des toits des unit\u00e9s ext\u00e9rieures sont scell\u00e9s m\u00e9caniquement par agrafage prot\u00e9g\u00e9 sur bords relev\u00e9s. Les couvre-joints sont rabattus et fix\u00e9s sur les deux c\u00f4t\u00e9s et ont des profils amincis afin de permettre le ruissellement des eaux. Le toit est inclin\u00e9 d\u2019un minimum de \u00bc de po. \/pi. afin d\u2019assurer le ruissellement des eaux et de la neige. Le syst\u00e8me du toit a \u00e9t\u00e9 con\u00e7u pour supporter une charge de neige de 30 lb. \/ pi.car. Muret du toit Les murets du toit sont construits et assembl\u00e9s en sections et boulonn\u00e9s au chantier. Les murets sont construits en acier galvanis\u00e9 de forte \u00e9paisseur. Les bandes pour cloueurs, le calfeutrement, l\u2019isolation et le contre-solin doivent \u00eatre fournis et install\u00e9s par l\u2019entrepreneur. \u00c9conomiseur ext\u00e9rieur Cette section permet de moduler les volumes d\u2019air frais, de retour et \u00e9vacu\u00e9. Le design est illustr\u00e9 \u00e0 la figure 30. Entrez en contact avec votre repr\u00e9sentant Racan Carrier pour discuter d\u2019autres possibilit\u00e9s de disposition des \u00e9conomiseurs. L\u2019entr\u00e9e d\u2019air frais comporte un grillage aviaire, tel est le standard. Quand la vitesse frontale est sujet de pr\u00e9occupations, des filtres d\u2019aluminium \u00e9liminateurs d\u2019humidit\u00e9 peuvent \u00eatre fournis en option. Les sections d\u2019\u00e9vacuation lat\u00e9rale comportent des registres motoris\u00e9s et des hottes \u00e0 \u00e9vacuation sur la partie ext\u00e9rieure. Des registres de m\u00e9lange \u00e0 faibles fuites sont fournis avec l\u2019unit\u00e9. Unit\u00e9s de toit-terrasse Des unit\u00e9s sp\u00e9ciales pour les toits-terrasses sont disponibles avec des vestibules de service complets. La conception de l&rsquo;\u00e9conomiseur pour ces types d&rsquo;unit\u00e9s est personnalis\u00e9e et adapt\u00e9e aux exigences sp\u00e9cifiques du projet. Le pr\u00e9-tuyautage en usine, l&rsquo;installation de l&rsquo;\u00e9quipement de contr\u00f4le et le c\u00e2blage haute tension peuvent \u00eatre fournis.<\/p>\n","protected":false},"author":1,"featured_media":0,"parent":1643,"menu_order":3,"comment_status":"closed","ping_status":"closed","template":"elementor_header_footer","meta":{"site-sidebar-layout":"no-sidebar","site-content-layout":"","ast-site-content-layout":"full-width-container","site-content-style":"default","site-sidebar-style":"default","ast-global-header-display":"","ast-banner-title-visibility":"","ast-main-header-display":"","ast-hfb-above-header-display":"","ast-hfb-below-header-display":"","ast-hfb-mobile-header-display":"","site-post-title":"disabled","ast-breadcrumbs-content":"","ast-featured-img":"disabled","footer-sml-layout":"","ast-disable-related-posts":"","theme-transparent-header-meta":"","adv-header-id-meta":"","stick-header-meta":"","header-above-stick-meta":"","header-main-stick-meta":"","header-below-stick-meta":"","astra-migrate-meta-layouts":"default","ast-page-background-enabled":"default","ast-page-background-meta":{"desktop":{"background-color":"var(--ast-global-color-4)","background-image":"","background-repeat":"repeat","background-position":"center center","background-size":"auto","background-attachment":"scroll","background-type":"","background-media":"","overlay-type":"","overlay-color":"","overlay-opacity":"","overlay-gradient":""},"tablet":{"background-color":"","background-image":"","background-repeat":"repeat","background-position":"center center","background-size":"auto","background-attachment":"scroll","background-type":"","background-media":"","overlay-type":"","overlay-color":"","overlay-opacity":"","overlay-gradient":""},"mobile":{"background-color":"","background-image":"","background-repeat":"repeat","background-position":"center center","background-size":"auto","background-attachment":"scroll","background-type":"","background-media":"","overlay-type":"","overlay-color":"","overlay-opacity":"","overlay-gradient":""}},"ast-content-background-meta":{"desktop":{"background-color":"var(--ast-global-color-5)","background-image":"","background-repeat":"repeat","background-position":"center center","background-size":"auto","background-attachment":"scroll","background-type":"","background-media":"","overlay-type":"","overlay-color":"","overlay-opacity":"","overlay-gradient":""},"tablet":{"background-color":"var(--ast-global-color-5)","background-image":"","background-repeat":"repeat","background-position":"center center","background-size":"auto","background-attachment":"scroll","background-type":"","background-media":"","overlay-type":"","overlay-color":"","overlay-opacity":"","overlay-gradient":""},"mobile":{"background-color":"var(--ast-global-color-5)","background-image":"","background-repeat":"repeat","background-position":"center center","background-size":"auto","background-attachment":"scroll","background-type":"","background-media":"","overlay-type":"","overlay-color":"","overlay-opacity":"","overlay-gradient":""}},"footnotes":""},"class_list":["post-1649","page","type-page","status-publish","hentry"],"_links":{"self":[{"href":"https:\/\/racan-carrier.ca\/fr\/wp-json\/wp\/v2\/pages\/1649","targetHints":{"allow":["GET"]}}],"collection":[{"href":"https:\/\/racan-carrier.ca\/fr\/wp-json\/wp\/v2\/pages"}],"about":[{"href":"https:\/\/racan-carrier.ca\/fr\/wp-json\/wp\/v2\/types\/page"}],"author":[{"embeddable":true,"href":"https:\/\/racan-carrier.ca\/fr\/wp-json\/wp\/v2\/users\/1"}],"replies":[{"embeddable":true,"href":"https:\/\/racan-carrier.ca\/fr\/wp-json\/wp\/v2\/comments?post=1649"}],"version-history":[{"count":2,"href":"https:\/\/racan-carrier.ca\/fr\/wp-json\/wp\/v2\/pages\/1649\/revisions"}],"predecessor-version":[{"id":1652,"href":"https:\/\/racan-carrier.ca\/fr\/wp-json\/wp\/v2\/pages\/1649\/revisions\/1652"}],"up":[{"embeddable":true,"href":"https:\/\/racan-carrier.ca\/fr\/wp-json\/wp\/v2\/pages\/1643"}],"wp:attachment":[{"href":"https:\/\/racan-carrier.ca\/fr\/wp-json\/wp\/v2\/media?parent=1649"}],"curies":[{"name":"wp","href":"https:\/\/api.w.org\/{rel}","templated":true}]}}