{"id":1654,"date":"2024-07-26T19:48:08","date_gmt":"2024-07-26T19:48:08","guid":{"rendered":"https:\/\/racan-carrier.ca\/produits\/performance-acoustique\/options\/"},"modified":"2026-01-19T20:29:28","modified_gmt":"2026-01-19T20:29:28","slug":"options","status":"publish","type":"page","link":"https:\/\/racan-carrier.ca\/fr\/produits\/performance-acoustique\/options\/","title":{"rendered":"Options"},"content":{"rendered":"\t\t<div data-elementor-type=\"wp-page\" data-elementor-id=\"1654\" class=\"elementor elementor-1654 elementor-880\">\n\t\t\t\t<div class=\"elementor-element elementor-element-0854477 e-flex e-con-boxed wpr-particle-no wpr-jarallax-no wpr-parallax-no wpr-sticky-section-no wpr-equal-height-no e-con e-parent\" data-id=\"0854477\" data-element_type=\"container\" data-e-type=\"container\" data-settings=\"{&quot;background_background&quot;:&quot;classic&quot;}\">\n\t\t\t\t\t<div class=\"e-con-inner\">\n\t\t<div class=\"elementor-element elementor-element-39ec444 e-flex e-con-boxed wpr-particle-no wpr-jarallax-no wpr-parallax-no wpr-sticky-section-no wpr-equal-height-no elementor-invisible e-con e-child\" data-id=\"39ec444\" data-element_type=\"container\" data-e-type=\"container\" data-settings=\"{&quot;background_background&quot;:&quot;classic&quot;,&quot;animation&quot;:&quot;fadeIn&quot;}\">\n\t\t\t\t\t<div class=\"e-con-inner\">\n\t\t\t\t<div class=\"elementor-element elementor-element-fcaf7f9 elementor-widget elementor-widget-page-title\" data-id=\"fcaf7f9\" data-element_type=\"widget\" data-e-type=\"widget\" data-settings=\"{&quot;align&quot;:&quot;left&quot;,&quot;align_mobile&quot;:&quot;left&quot;}\" data-widget_type=\"page-title.default\">\n\t\t\t\t<div class=\"elementor-widget-container\">\n\t\t\t\t\t\t\t\n\t\t<div class=\"hfe-page-title hfe-page-title-wrapper elementor-widget-heading\">\n\n\t\t\t\t\t\t\t\t<h1 class=\"elementor-heading-title elementor-size-default\">\n\t\t\t\t\t\t\t\t\n\t\t\t\tOptions  \n\t\t\t<\/h1 > \n\t\t\t\t\t<\/div>\n\t\t\t\t\t\t<\/div>\n\t\t\t\t<\/div>\n\t\t\t\t\t<\/div>\n\t\t\t\t<\/div>\n\t\t\t\t\t<\/div>\n\t\t\t\t<\/div>\n\t\t<div class=\"elementor-element elementor-element-0edcf94 e-flex e-con-boxed wpr-particle-no wpr-jarallax-no wpr-parallax-no wpr-sticky-section-no wpr-equal-height-no elementor-invisible e-con e-parent\" data-id=\"0edcf94\" data-element_type=\"container\" data-e-type=\"container\" data-settings=\"{&quot;animation&quot;:&quot;zoomIn&quot;,&quot;background_background&quot;:&quot;classic&quot;}\">\n\t\t\t\t\t<div class=\"e-con-inner\">\n\t\t<div class=\"elementor-element elementor-element-5a5b8ee e-flex e-con-boxed wpr-particle-no wpr-jarallax-no wpr-parallax-no wpr-sticky-section-no wpr-equal-height-no elementor-invisible e-con e-child\" data-id=\"5a5b8ee\" data-element_type=\"container\" data-e-type=\"container\" data-settings=\"{&quot;background_background&quot;:&quot;classic&quot;,&quot;animation&quot;:&quot;fadeIn&quot;,&quot;animation_delay&quot;:500}\">\n\t\t\t\t\t<div class=\"e-con-inner\">\n\t\t<div class=\"elementor-element elementor-element-86cf0ba e-con-full e-flex wpr-particle-no wpr-jarallax-no wpr-parallax-no wpr-sticky-section-no wpr-equal-height-no e-con e-child\" data-id=\"86cf0ba\" data-element_type=\"container\" data-e-type=\"container\">\n\t\t\t\t<div class=\"elementor-element elementor-element-f5e8ac5 elementor-widget elementor-widget-heading\" data-id=\"f5e8ac5\" data-element_type=\"widget\" data-e-type=\"widget\" data-widget_type=\"heading.default\">\n\t\t\t\t<div class=\"elementor-widget-container\">\n\t\t\t\t\t<h3 class=\"elementor-heading-title elementor-size-default\">G\u00e9n\u00e9ral<\/h3>\t\t\t\t<\/div>\n\t\t\t\t<\/div>\n\t\t\t\t<div class=\"elementor-element elementor-element-139eccc elementor-widget elementor-widget-text-editor\" data-id=\"139eccc\" data-element_type=\"widget\" data-e-type=\"widget\" data-widget_type=\"text-editor.default\">\n\t\t\t\t<div class=\"elementor-widget-container\">\n\t\t\t\t\t\t\t\t\t<ul><li>Type et \u00e9paisseur du m\u00e9tal en feuille<\/li><li>Surfaces internes enduites AgION\u2122<\/li><li>Plancher en t\u00f4le stri\u00e9e<\/li><li>Panneaux d\u2019acc\u00e8s sur les deux c\u00f4t\u00e9s des sections de l\u2019unit\u00e9<\/li><li>Fen\u00eatres d\u2019inspection en verre dans les portes d\u2019acc\u00e8s<\/li><li>Lampes marines branch\u00e9es \u00e0 l\u2019avance aux interrupteurs sur le mur<\/li><li>Installation \u00e0 l\u2019usine des actionneurs des registres<\/li><li>Installation de l\u2019\u00e9quipement sp\u00e9cial \u00e0 l\u2019usine<\/li><li>Aubes des registres isol\u00e9s<\/li><li>Finition en polyur\u00e9thane sur les surfaces externes<\/li><li>Test de fuites d\u2019air avec rapport \u00e9crit<\/li><li>Connections pour drain additionnels dans la plupart des sections<\/li><li>Structure incorpor\u00e9e afin de soutenir des unit\u00e9s superpos\u00e9es<\/li><li>Configuration sp\u00e9ciale<\/li><li>Mat\u00e9riel \u00e9lectrique<\/li><li>Mat\u00e9riel pour commandes<\/li><li>Recouvrements sp\u00e9ciaux r\u00e9sistants \u00e0 la corrosion sur les surfaces internes et\/ou externes<\/li><\/ul>\t\t\t\t\t\t\t\t<\/div>\n\t\t\t\t<\/div>\n\t\t\t\t<div class=\"elementor-element elementor-element-eec2af9 elementor-widget elementor-widget-image\" data-id=\"eec2af9\" data-element_type=\"widget\" data-e-type=\"widget\" data-widget_type=\"image.default\">\n\t\t\t\t<div class=\"elementor-widget-container\">\n\t\t\t\t\t\t\t\t\t\t\t\t\t\t\t<img fetchpriority=\"high\" decoding=\"async\" width=\"228\" height=\"235\" src=\"https:\/\/racan-carrier.ca\/wp-content\/uploads\/2024\/07\/racan-carrier_variable-configuration_acoustair_options.jpg\" class=\"attachment-large size-large wp-image-1508\" alt=\"\" \/>\t\t\t\t\t\t\t\t\t\t\t\t\t\t\t<\/div>\n\t\t\t\t<\/div>\n\t\t\t\t<\/div>\n\t\t<div class=\"elementor-element elementor-element-87b7b4c e-con-full e-flex wpr-particle-no wpr-jarallax-no wpr-parallax-no wpr-sticky-section-no wpr-equal-height-no e-con e-child\" data-id=\"87b7b4c\" data-element_type=\"container\" data-e-type=\"container\">\n\t\t\t\t<div class=\"elementor-element elementor-element-c8547cb elementor-widget elementor-widget-heading\" data-id=\"c8547cb\" data-element_type=\"widget\" data-e-type=\"widget\" data-widget_type=\"heading.default\">\n\t\t\t\t<div class=\"elementor-widget-container\">\n\t\t\t\t\t<h3 class=\"elementor-heading-title elementor-size-default\">Ventilateurs<\/h3>\t\t\t\t<\/div>\n\t\t\t\t<\/div>\n\t\t\t\t<div class=\"elementor-element elementor-element-bb0fa7e elementor-widget elementor-widget-text-editor\" data-id=\"bb0fa7e\" data-element_type=\"widget\" data-e-type=\"widget\" data-widget_type=\"text-editor.default\">\n\t\t\t\t<div class=\"elementor-widget-container\">\n\t\t\t\t\t\t\t\t\t<ul>\n<li>Roulements \u00e0 caisson divis\u00e9 robuste ayant une dur\u00e9e de vie minimale (L-50) de 200 000 heures<\/li>\n<li>Gardes-courroies<\/li>\n<li>Grillages \u00e0 l\u2019entr\u00e9e ou a la sortie des ventilateurs<\/li>\n<li>Recouvrements sp\u00e9ciaux<\/li>\n<li>Recouvrements sp\u00e9ciaux<\/li>\n<li>Moteurs sp\u00e9ciaux: TEFC, \u00e0 haut rendement, \u00e0 deux vitesses, etc.<\/li>\n<li>Massifs antivibratoires<\/li>\n<li>Canalisation de lubrification \u00e9tendue afin de lubrifier les deux roulements d\u2019un c\u00f4t\u00e9 de l\u2019ext\u00e9rieur de l\u2019enveloppe de l\u2019unit\u00e9<\/li>\n<li>Isolateurs s\u00e9ismiques<\/li>\n<\/ul>\n\t\t\t\t\t\t\t\t<\/div>\n\t\t\t\t<\/div>\n\t\t\t\t<\/div>\n\t\t<div class=\"elementor-element elementor-element-49c1a47 e-con-full e-flex wpr-particle-no wpr-jarallax-no wpr-parallax-no wpr-sticky-section-no wpr-equal-height-no e-con e-child\" data-id=\"49c1a47\" data-element_type=\"container\" data-e-type=\"container\">\n\t\t\t\t<div class=\"elementor-element elementor-element-8e5e7af elementor-widget elementor-widget-heading\" data-id=\"8e5e7af\" data-element_type=\"widget\" data-e-type=\"widget\" data-widget_type=\"heading.default\">\n\t\t\t\t<div class=\"elementor-widget-container\">\n\t\t\t\t\t<h3 class=\"elementor-heading-title elementor-size-default\">Serpentins<\/h3>\t\t\t\t<\/div>\n\t\t\t\t<\/div>\n\t\t\t\t<div class=\"elementor-element elementor-element-8845ac9 elementor-widget elementor-widget-text-editor\" data-id=\"8845ac9\" data-element_type=\"widget\" data-e-type=\"widget\" data-widget_type=\"text-editor.default\">\n\t\t\t\t<div class=\"elementor-widget-container\">\n\t\t\t\t\t\t\t\t\t<ul>\n<li>Mat\u00e9riaux pour ailettes, tubes et bo\u00eetiers de serpentin<\/li>\n<li>\u00c9paisseur des ailettes<\/li>\n<li>\u00c9paisseur des murs des tubes<\/li>\n<li>Recouvrements sp\u00e9ciaux r\u00e9sistants \u00e0 la corrosion<\/li>\n<li>Mat\u00e9riaux pour le raccordement des tuyaux<\/li>\n<\/ul>\n\t\t\t\t\t\t\t\t<\/div>\n\t\t\t\t<\/div>\n\t\t\t\t<\/div>\n\t\t\t\t\t<\/div>\n\t\t\t\t<\/div>\n\t\t\t\t\t<\/div>\n\t\t\t\t<\/div>\n\t\t\t\t<\/div>\n\t\t","protected":false},"excerpt":{"rendered":"<p>Options G\u00e9n\u00e9ral Type et \u00e9paisseur du m\u00e9tal en feuille Surfaces internes enduites AgION&#x2122; Plancher en t\u00f4le stri\u00e9e Panneaux d\u2019acc\u00e8s sur les deux c\u00f4t\u00e9s des sections de l\u2019unit\u00e9 Fen\u00eatres d\u2019inspection en verre dans les portes d\u2019acc\u00e8s Lampes marines branch\u00e9es \u00e0 l\u2019avance aux interrupteurs sur le mur Installation \u00e0 l\u2019usine des actionneurs des registres Installation de l\u2019\u00e9quipement sp\u00e9cial \u00e0 l\u2019usine Aubes des registres isol\u00e9s Finition en polyur\u00e9thane sur les surfaces externes Test de fuites d\u2019air avec rapport \u00e9crit Connections pour drain additionnels dans la plupart des sections Structure incorpor\u00e9e afin de soutenir des unit\u00e9s superpos\u00e9es Configuration sp\u00e9ciale Mat\u00e9riel \u00e9lectrique Mat\u00e9riel pour commandes Recouvrements sp\u00e9ciaux r\u00e9sistants \u00e0 la corrosion sur les surfaces internes et\/ou externes Ventilateurs Roulements \u00e0 caisson divis\u00e9 robuste ayant une dur\u00e9e de vie minimale (L-50) de 200 000 heures Gardes-courroies Grillages \u00e0 l\u2019entr\u00e9e ou a la sortie des ventilateurs Recouvrements sp\u00e9ciaux Recouvrements sp\u00e9ciaux Moteurs sp\u00e9ciaux: TEFC, \u00e0 haut rendement, \u00e0 deux vitesses, etc. Massifs antivibratoires Canalisation de lubrification \u00e9tendue afin de lubrifier les deux roulements d\u2019un c\u00f4t\u00e9 de l\u2019ext\u00e9rieur de l\u2019enveloppe de l\u2019unit\u00e9 Isolateurs s\u00e9ismiques Serpentins Mat\u00e9riaux pour ailettes, tubes et bo\u00eetiers de serpentin \u00c9paisseur des ailettes \u00c9paisseur des murs des tubes Recouvrements sp\u00e9ciaux r\u00e9sistants \u00e0 la corrosion Mat\u00e9riaux pour le raccordement des tuyaux<\/p>\n","protected":false},"author":1,"featured_media":0,"parent":1643,"menu_order":5,"comment_status":"closed","ping_status":"closed","template":"elementor_header_footer","meta":{"site-sidebar-layout":"no-sidebar","site-content-layout":"","ast-site-content-layout":"full-width-container","site-content-style":"default","site-sidebar-style":"default","ast-global-header-display":"","ast-banner-title-visibility":"","ast-main-header-display":"","ast-hfb-above-header-display":"","ast-hfb-below-header-display":"","ast-hfb-mobile-header-display":"","site-post-title":"disabled","ast-breadcrumbs-content":"","ast-featured-img":"disabled","footer-sml-layout":"","ast-disable-related-posts":"","theme-transparent-header-meta":"","adv-header-id-meta":"","stick-header-meta":"","header-above-stick-meta":"","header-main-stick-meta":"","header-below-stick-meta":"","astra-migrate-meta-layouts":"default","ast-page-background-enabled":"default","ast-page-background-meta":{"desktop":{"background-color":"var(--ast-global-color-4)","background-image":"","background-repeat":"repeat","background-position":"center center","background-size":"auto","background-attachment":"scroll","background-type":"","background-media":"","overlay-type":"","overlay-color":"","overlay-opacity":"","overlay-gradient":""},"tablet":{"background-color":"","background-image":"","background-repeat":"repeat","background-position":"center center","background-size":"auto","background-attachment":"scroll","background-type":"","background-media":"","overlay-type":"","overlay-color":"","overlay-opacity":"","overlay-gradient":""},"mobile":{"background-color":"","background-image":"","background-repeat":"repeat","background-position":"center center","background-size":"auto","background-attachment":"scroll","background-type":"","background-media":"","overlay-type":"","overlay-color":"","overlay-opacity":"","overlay-gradient":""}},"ast-content-background-meta":{"desktop":{"background-color":"var(--ast-global-color-5)","background-image":"","background-repeat":"repeat","background-position":"center center","background-size":"auto","background-attachment":"scroll","background-type":"","background-media":"","overlay-type":"","overlay-color":"","overlay-opacity":"","overlay-gradient":""},"tablet":{"background-color":"var(--ast-global-color-5)","background-image":"","background-repeat":"repeat","background-position":"center center","background-size":"auto","background-attachment":"scroll","background-type":"","background-media":"","overlay-type":"","overlay-color":"","overlay-opacity":"","overlay-gradient":""},"mobile":{"background-color":"var(--ast-global-color-5)","background-image":"","background-repeat":"repeat","background-position":"center center","background-size":"auto","background-attachment":"scroll","background-type":"","background-media":"","overlay-type":"","overlay-color":"","overlay-opacity":"","overlay-gradient":""}},"footnotes":""},"class_list":["post-1654","page","type-page","status-publish","hentry"],"_links":{"self":[{"href":"https:\/\/racan-carrier.ca\/fr\/wp-json\/wp\/v2\/pages\/1654","targetHints":{"allow":["GET"]}}],"collection":[{"href":"https:\/\/racan-carrier.ca\/fr\/wp-json\/wp\/v2\/pages"}],"about":[{"href":"https:\/\/racan-carrier.ca\/fr\/wp-json\/wp\/v2\/types\/page"}],"author":[{"embeddable":true,"href":"https:\/\/racan-carrier.ca\/fr\/wp-json\/wp\/v2\/users\/1"}],"replies":[{"embeddable":true,"href":"https:\/\/racan-carrier.ca\/fr\/wp-json\/wp\/v2\/comments?post=1654"}],"version-history":[{"count":4,"href":"https:\/\/racan-carrier.ca\/fr\/wp-json\/wp\/v2\/pages\/1654\/revisions"}],"predecessor-version":[{"id":2653,"href":"https:\/\/racan-carrier.ca\/fr\/wp-json\/wp\/v2\/pages\/1654\/revisions\/2653"}],"up":[{"embeddable":true,"href":"https:\/\/racan-carrier.ca\/fr\/wp-json\/wp\/v2\/pages\/1643"}],"wp:attachment":[{"href":"https:\/\/racan-carrier.ca\/fr\/wp-json\/wp\/v2\/media?parent=1654"}],"curies":[{"name":"wp","href":"https:\/\/api.w.org\/{rel}","templated":true}]}}